{"id":89,"date":"2022-03-04T10:05:03","date_gmt":"2022-03-04T09:05:03","guid":{"rendered":"https:\/\/wiazownica.przemyska.pl\/?page_id=89"},"modified":"2025-03-26T07:38:19","modified_gmt":"2025-03-26T06:38:19","slug":"kontakt","status":"publish","type":"page","link":"https:\/\/wiazownica.przemyska.pl\/index.php\/kontakt\/","title":{"rendered":"Kontakt"},"content":{"rendered":"\t\t<div data-elementor-type=\"wp-page\" data-elementor-id=\"89\" class=\"elementor elementor-89\">\n\t\t\t\t\t\t<section class=\"elementor-section elementor-top-section elementor-element elementor-element-8fafc52 elementor-section-full_width elementor-section-height-default elementor-section-height-default\" data-id=\"8fafc52\" data-element_type=\"section\" data-e-type=\"section\">\n\t\t\t\t\t\t<div class=\"elementor-container elementor-column-gap-default\">\n\t\t\t\t\t<div class=\"elementor-column elementor-col-100 elementor-top-column elementor-element elementor-element-7b99d04\" data-id=\"7b99d04\" data-element_type=\"column\" data-e-type=\"column\">\n\t\t\t<div class=\"elementor-widget-wrap elementor-element-populated\">\n\t\t\t\t\t\t<div class=\"elementor-element elementor-element-7612362 elementor-widget elementor-widget-text-editor\" data-id=\"7612362\" data-element_type=\"widget\" data-e-type=\"widget\" data-widget_type=\"text-editor.default\">\n\t\t\t\t<div class=\"elementor-widget-container\">\n\t\t\t\t\t\t\t\t\t<p style=\"text-align: left;\"><span style=\"color: #800080;\"><strong>Adres parafii:<br \/><\/strong><\/span><span style=\"color: #333333;\">Parafia Rzymskokatolicka<\/span><br \/><span style=\"color: #333333;\">pw.\u00a0\u015bw.\u00a0Walentego i\u00a0Narodzenia NMP w\u00a0Wi\u0105zownicy<\/span><br \/><span style=\"color: #333333;\">ul.\u00a0Warszawska 1<\/span><br \/><span style=\"color: #333333;\">37-522\u00a0Wi\u0105zownica<\/span><\/p><p style=\"text-align: left;\"><span style=\"color: #800080;\"><strong>Telefon:<br \/><\/strong><\/span><span style=\"color: #333333;\">16\u00a0622\u00a036\u00a096<\/span><br \/><span style=\"color: #333333;\">lub kom\u00f3rkowy 605 202 570 <em>(w pilnych sprawach)<\/em><\/span><\/p><p style=\"text-align: left;\"><span style=\"color: #800080;\"><strong>E-mail:<br \/><\/strong><\/span><a href=\"mailto:wiazownica.rzymkat@gmail.com\">wiazownica.rzymkat@gmail.com<\/a><\/p><p style=\"text-align: left;\"><span style=\"color: #800080;\"><strong>Numery rachunk\u00f3w bankowych:<br \/><\/strong><\/span><span style=\"color: #333333;\"><strong>Dla Wi\u0105zownicy:<\/strong> 31 9096 1014 2002 1400 2192 0001<\/span><br \/><span style=\"color: #333333;\"><strong>Dla Nielepkowic:<\/strong> 20 9096 1014 2002 1400 2192 0005<\/span><\/p>\t\t\t\t\t\t\t\t<\/div>\n\t\t\t\t<\/div>\n\t\t\t\t\t<\/div>\n\t\t<\/div>\n\t\t\t\t\t<\/div>\n\t\t<\/section>\n\t\t\t\t<section class=\"elementor-section elementor-top-section elementor-element elementor-element-4a992e2 elementor-section-full_width elementor-section-height-default elementor-section-height-default\" data-id=\"4a992e2\" data-element_type=\"section\" data-e-type=\"section\">\n\t\t\t\t\t\t<div class=\"elementor-container elementor-column-gap-default\">\n\t\t\t\t\t<div class=\"elementor-column elementor-col-100 elementor-top-column elementor-element elementor-element-68322ef\" data-id=\"68322ef\" data-element_type=\"column\" data-e-type=\"column\">\n\t\t\t<div class=\"elementor-widget-wrap elementor-element-populated\">\n\t\t\t\t\t\t<div class=\"elementor-element elementor-element-c50b3e5 elementor-widget elementor-widget-html\" data-id=\"c50b3e5\" data-element_type=\"widget\" data-e-type=\"widget\" data-widget_type=\"html.default\">\n\t\t\t\t<div class=\"elementor-widget-container\">\n\t\t\t\t\t<iframe src=\"https:\/\/www.google.com\/maps\/embed?pb=!1m14!1m8!1m3!1d40972.93608938835!2d22.683039271802144!3d50.07114781691165!3m2!1i1024!2i768!4f13.1!3m3!1m2!1s0x0%3A0xab2243c5df4b484b!2sKo%C5%9Bci%C3%B3%C5%82%20Rzymskokatolicki%20pw.%20%C5%9Bw.%20Walentego%20i%20Narodzenia%20NMP!5e0!3m2!1spl!2sus!4v1647281868941!5m2!1spl!2sus\" width=\"600\" height=\"450\" style=\"border:0;\" allowfullscreen=\"\" loading=\"lazy\"><\/iframe>\t\t\t\t<\/div>\n\t\t\t\t<\/div>\n\t\t\t\t\t<\/div>\n\t\t<\/div>\n\t\t\t\t\t<\/div>\n\t\t<\/section>\n\t\t\t\t<section class=\"elementor-section elementor-top-section elementor-element elementor-element-f1519fc elementor-section-boxed elementor-section-height-default elementor-section-height-default\" data-id=\"f1519fc\" data-element_type=\"section\" data-e-type=\"section\">\n\t\t\t\t\t\t<div class=\"elementor-container elementor-column-gap-default\">\n\t\t\t\t\t<div class=\"elementor-column elementor-col-100 elementor-top-column elementor-element elementor-element-404da0d\" data-id=\"404da0d\" data-element_type=\"column\" data-e-type=\"column\">\n\t\t\t<div class=\"elementor-widget-wrap elementor-element-populated\">\n\t\t\t\t\t\t<div class=\"elementor-element elementor-element-0ac92ef elementor-widget elementor-widget-text-editor\" data-id=\"0ac92ef\" data-element_type=\"widget\" data-e-type=\"widget\" data-widget_type=\"text-editor.default\">\n\t\t\t\t<div class=\"elementor-widget-container\">\n\t\t\t\t\t\t\t\t\t<p><em>Wszelkie uwagi i pytania dotycz\u0105ce strony internetowej parafii prosz\u0119 kierowa\u0107 mailowo na adres: <a href=\"mailto:jsz23@interia.pl\">jsz23@interia.pl<\/a><\/em><\/p>\t\t\t\t\t\t\t\t<\/div>\n\t\t\t\t<\/div>\n\t\t\t\t\t<\/div>\n\t\t<\/div>\n\t\t\t\t\t<\/div>\n\t\t<\/section>\n\t\t\t\t<\/div>\n\t\t","protected":false},"excerpt":{"rendered":"<p>Adres parafii:Parafia Rzymskokatolickapw.\u00a0\u015bw.\u00a0Walentego i\u00a0Narodzenia NMP w\u00a0Wi\u0105zownicyul.\u00a0Warszawska 137-522\u00a0Wi\u0105zownica Telefon:16\u00a0622\u00a036\u00a096lub kom\u00f3rkowy 605 202 570 (w pilnych sprawach) E-mail:wiazownica.rzymkat@gmail.com Numery rachunk\u00f3w bankowych:Dla Wi\u0105zownicy: 31 9096 1014 2002 1400 2192 0001Dla Nielepkowic: 20 9096 1014 2002 1400 2192 0005 Wszelkie uwagi i pytania dotycz\u0105ce strony internetowej parafii prosz\u0119 kierowa\u0107 mailowo na adres: jsz23@interia.pl<\/p>\n","protected":false},"author":1,"featured_media":0,"parent":0,"menu_order":0,"comment_status":"closed","ping_status":"closed","template":"","meta":{"neve_meta_sidebar":"","neve_meta_container":"","neve_meta_enable_content_width":"","neve_meta_content_width":0,"neve_meta_title_alignment":"","neve_meta_author_avatar":"","neve_post_elements_order":"","neve_meta_disable_header":"","neve_meta_disable_footer":"","neve_meta_disable_title":"","footnotes":""},"class_list":["post-89","page","type-page","status-publish","hentry"],"_links":{"self":[{"href":"https:\/\/wiazownica.przemyska.pl\/index.php\/wp-json\/wp\/v2\/pages\/89","targetHints":{"allow":["GET"]}}],"collection":[{"href":"https:\/\/wiazownica.przemyska.pl\/index.php\/wp-json\/wp\/v2\/pages"}],"about":[{"href":"https:\/\/wiazownica.przemyska.pl\/index.php\/wp-json\/wp\/v2\/types\/page"}],"author":[{"embeddable":true,"href":"https:\/\/wiazownica.przemyska.pl\/index.php\/wp-json\/wp\/v2\/users\/1"}],"replies":[{"embeddable":true,"href":"https:\/\/wiazownica.przemyska.pl\/index.php\/wp-json\/wp\/v2\/comments?post=89"}],"version-history":[{"count":145,"href":"https:\/\/wiazownica.przemyska.pl\/index.php\/wp-json\/wp\/v2\/pages\/89\/revisions"}],"predecessor-version":[{"id":8391,"href":"https:\/\/wiazownica.przemyska.pl\/index.php\/wp-json\/wp\/v2\/pages\/89\/revisions\/8391"}],"wp:attachment":[{"href":"https:\/\/wiazownica.przemyska.pl\/index.php\/wp-json\/wp\/v2\/media?parent=89"}],"curies":[{"name":"wp","href":"https:\/\/api.w.org\/{rel}","templated":true}]}}