{"id":455,"date":"2022-03-07T11:37:15","date_gmt":"2022-03-07T10:37:15","guid":{"rendered":"https:\/\/wiazownica.przemyska.pl\/?page_id=455"},"modified":"2022-03-27T09:47:58","modified_gmt":"2022-03-27T07:47:58","slug":"lancuch-apostolskiej-milosci","status":"publish","type":"page","link":"https:\/\/wiazownica.przemyska.pl\/index.php\/grupy-parafialne\/lancuch-apostolskiej-milosci\/","title":{"rendered":"\u0141a\u0144cuch Apostolskiej Mi\u0142o\u015bci"},"content":{"rendered":"\t\t<div data-elementor-type=\"wp-page\" data-elementor-id=\"455\" class=\"elementor elementor-455\">\n\t\t\t\t\t\t<section class=\"elementor-section elementor-top-section elementor-element elementor-element-aa7df1c elementor-section-boxed elementor-section-height-default elementor-section-height-default\" data-id=\"aa7df1c\" data-element_type=\"section\" data-e-type=\"section\">\n\t\t\t\t\t\t<div class=\"elementor-container elementor-column-gap-default\">\n\t\t\t\t\t<div class=\"elementor-column elementor-col-100 elementor-top-column elementor-element elementor-element-6f2a1075\" data-id=\"6f2a1075\" data-element_type=\"column\" data-e-type=\"column\">\n\t\t\t<div class=\"elementor-widget-wrap elementor-element-populated\">\n\t\t\t\t\t\t<div class=\"elementor-element elementor-element-70e29d84 elementor-widget elementor-widget-text-editor\" data-id=\"70e29d84\" data-element_type=\"widget\" data-e-type=\"widget\" data-widget_type=\"text-editor.default\">\n\t\t\t\t<div class=\"elementor-widget-container\">\n\t\t\t\t\t\t\t\t\t<div class=\"elementor-section-wrap ui-sortable\">\n<section id=\"\" class=\"elementor-element elementor-element-edit-mode elementor-element-4f2ee4b9 elementor-section elementor-top-section elementor-section-boxed elementor-section-height-default\" data-id=\"4f2ee4b9\" data-element_type=\"section\" data-model-cid=\"c30\">\n<div class=\"elementor-container elementor-column-gap-default ui-sortable\">\n<div id=\"\" class=\"elementor-element elementor-element-edit-mode elementor-element-1e5ce57 elementor-element--toggle-edit-tools elementor-column elementor-top-column ui-resizable\" data-id=\"1e5ce57\" data-element_type=\"column\" data-col=\"100\" data-model-cid=\"c31\">\n<div class=\"elementor-widget-wrap elementor-element-populated ui-sortable\">\n<div id=\"\" class=\"elementor-element elementor-element-edit-mode elementor-element-e9f379a elementor-element--toggle-edit-tools elementor-widget elementor-widget-text-editor elementor-element-editable\" data-id=\"e9f379a\" data-element_type=\"widget\" data-model-cid=\"c32\" data-widget_type=\"text-editor.default\">\n<div class=\"elementor-widget-container\">\n<div class=\"elementor-text-editor elementor-clearfix elementor-inline-editing pen\" contenteditable=\"true\" data-elementor-setting-key=\"editor\" data-elementor-inline-editing-toolbar=\"advanced\" data-pen-placeholder=\"Pisz tutaj...\">\n<p><span style=\"color: #393939;\">Ta wsp\u00f3lnota jest ruchem katolickim, kt\u00f3ry na wz\u00f3r b\u0142. Matki Teresy z Kalkuty ma opasa\u0107 apostolsk\u0105 mi\u0142o\u015bci\u0105 chorych, cierpi\u0105cych i starszych z m\u0142odymi oraz kap\u0142anami \u2013 duszpasterzami m\u0142odzie\u017cy. Up\u0142yn\u0119\u0142o 30 lat od utworzenia wsp\u00f3lnoty z inicjatywy ks. Franciszka Rz\u0105sy, kt\u00f3ry pracuj\u0105c w duszpasterstwie m\u0142odzie\u017cy, a tak\u017ce z klerykami Wy\u017cszego Seminarium Duchownego w Przemy\u015blu chcia\u0142 tym osobom zapewni\u0107 zaplecze modlitewne, aby w ten spos\u00f3b mogli z Bo\u017c\u0105 pomoc\u0105 realizowa\u0107 swoje powo\u0142anie.<\/span><\/p>\n<p><span style=\"color: #393939;\"><strong>Aby sta\u0107 si\u0119 \u017cywym ogniwem \u0141a\u0144cucha Apostolskiej Mi\u0142o\u015bci nale\u017cy wype\u0142ni\u0107 podstawowe warunki:<br \/><\/strong>&#8211; przyj\u0105\u0107 cierpienie z r\u0105k Boga z poddaniem si\u0119 Jego woli,<\/span><br \/><span style=\"color: #393939;\">&#8211; znosi\u0107 cierpienia w zjednoczeniu z M\u0119k\u0105 Chrystusa,<\/span><br \/><span style=\"color: #393939;\">&#8211; ofiarowa\u0107 swe cierpienia za zbawienie \u015bwiata i przybli\u017cenie Kr\u00f3lestwa Bo\u017cego,<\/span><br \/><span style=\"color: #393939;\">&#8211; poleca\u0107 Bogu nasz\u0105 Archidiecezj\u0119, szczeg\u00f3lnie wychowawc\u00f3w, duszpasterzy m\u0142odzie\u017cy, misjonarzy a przede wszystkim m\u0142odzie\u017c najbardziej zagro\u017con\u0105,<\/span><br \/><span style=\"color: #393939;\">&#8211; i w miar\u0119 mo\u017cliwo\u015bci odmawia\u0107 codziennie modlitw\u0119 w tej intencji.<\/span><\/p>\n<\/div>\n<\/div>\n<\/div>\n<\/div>\n<\/div>\n<\/div>\n<\/section>\n<\/div>\t\t\t\t\t\t\t\t<\/div>\n\t\t\t\t<\/div>\n\t\t\t\t\t<\/div>\n\t\t<\/div>\n\t\t\t\t\t<\/div>\n\t\t<\/section>\n\t\t\t\t<\/div>\n\t\t","protected":false},"excerpt":{"rendered":"<p>Ta wsp\u00f3lnota jest ruchem katolickim, kt\u00f3ry na wz\u00f3r b\u0142. Matki Teresy z Kalkuty ma opasa\u0107 apostolsk\u0105 mi\u0142o\u015bci\u0105 chorych, cierpi\u0105cych i starszych z m\u0142odymi oraz kap\u0142anami \u2013 duszpasterzami m\u0142odzie\u017cy. Up\u0142yn\u0119\u0142o 30 lat od utworzenia wsp\u00f3lnoty z inicjatywy ks. Franciszka Rz\u0105sy, kt\u00f3ry pracuj\u0105c w duszpasterstwie m\u0142odzie\u017cy, a tak\u017ce z klerykami Wy\u017cszego Seminarium Duchownego w Przemy\u015blu chcia\u0142 tym&hellip;&nbsp;<a href=\"https:\/\/wiazownica.przemyska.pl\/index.php\/grupy-parafialne\/lancuch-apostolskiej-milosci\/\" rel=\"bookmark\">Dowiedz si\u0119 wi\u0119cej &raquo;<span class=\"screen-reader-text\">\u0141a\u0144cuch Apostolskiej Mi\u0142o\u015bci<\/span><\/a><\/p>\n","protected":false},"author":1,"featured_media":0,"parent":435,"menu_order":0,"comment_status":"closed","ping_status":"closed","template":"","meta":{"neve_meta_sidebar":"","neve_meta_container":"","neve_meta_enable_content_width":"","neve_meta_content_width":0,"neve_meta_title_alignment":"","neve_meta_author_avatar":"","neve_post_elements_order":"","neve_meta_disable_header":"","neve_meta_disable_footer":"","neve_meta_disable_title":"","footnotes":""},"class_list":["post-455","page","type-page","status-publish","hentry"],"_links":{"self":[{"href":"https:\/\/wiazownica.przemyska.pl\/index.php\/wp-json\/wp\/v2\/pages\/455","targetHints":{"allow":["GET"]}}],"collection":[{"href":"https:\/\/wiazownica.przemyska.pl\/index.php\/wp-json\/wp\/v2\/pages"}],"about":[{"href":"https:\/\/wiazownica.przemyska.pl\/index.php\/wp-json\/wp\/v2\/types\/page"}],"author":[{"embeddable":true,"href":"https:\/\/wiazownica.przemyska.pl\/index.php\/wp-json\/wp\/v2\/users\/1"}],"replies":[{"embeddable":true,"href":"https:\/\/wiazownica.przemyska.pl\/index.php\/wp-json\/wp\/v2\/comments?post=455"}],"version-history":[{"count":5,"href":"https:\/\/wiazownica.przemyska.pl\/index.php\/wp-json\/wp\/v2\/pages\/455\/revisions"}],"predecessor-version":[{"id":2825,"href":"https:\/\/wiazownica.przemyska.pl\/index.php\/wp-json\/wp\/v2\/pages\/455\/revisions\/2825"}],"up":[{"embeddable":true,"href":"https:\/\/wiazownica.przemyska.pl\/index.php\/wp-json\/wp\/v2\/pages\/435"}],"wp:attachment":[{"href":"https:\/\/wiazownica.przemyska.pl\/index.php\/wp-json\/wp\/v2\/media?parent=455"}],"curies":[{"name":"wp","href":"https:\/\/api.w.org\/{rel}","templated":true}]}}