{"id":453,"date":"2022-03-07T11:36:47","date_gmt":"2022-03-07T10:36:47","guid":{"rendered":"https:\/\/wiazownica.przemyska.pl\/?page_id=453"},"modified":"2022-03-27T09:40:55","modified_gmt":"2022-03-27T07:40:55","slug":"dzielo-pomocy-powolaniom","status":"publish","type":"page","link":"https:\/\/wiazownica.przemyska.pl\/index.php\/grupy-parafialne\/dzielo-pomocy-powolaniom\/","title":{"rendered":"Dzie\u0142o Pomocy Powo\u0142aniom"},"content":{"rendered":"\t\t<div data-elementor-type=\"wp-page\" data-elementor-id=\"453\" class=\"elementor elementor-453\">\n\t\t\t\t\t\t<section class=\"elementor-section elementor-top-section elementor-element elementor-element-62fe2f7c elementor-section-boxed elementor-section-height-default elementor-section-height-default\" data-id=\"62fe2f7c\" data-element_type=\"section\" data-e-type=\"section\">\n\t\t\t\t\t\t<div class=\"elementor-container elementor-column-gap-default\">\n\t\t\t\t\t<div class=\"elementor-column elementor-col-100 elementor-top-column elementor-element elementor-element-4a13212\" data-id=\"4a13212\" data-element_type=\"column\" data-e-type=\"column\">\n\t\t\t<div class=\"elementor-widget-wrap elementor-element-populated\">\n\t\t\t\t\t\t<div class=\"elementor-element elementor-element-17f87c5b elementor-widget elementor-widget-text-editor\" data-id=\"17f87c5b\" data-element_type=\"widget\" data-e-type=\"widget\" data-widget_type=\"text-editor.default\">\n\t\t\t\t<div class=\"elementor-widget-container\">\n\t\t\t\t\t\t\t\t\t<p><strong>Dzie\u0142o Pomocy Powo\u0142aniom jest ruchem katolickim, kt\u00f3ry podejmuje modlitw\u0119 w intencjach powo\u0142a\u0144.<br \/><\/strong><strong>Celem Dzie\u0142a jest niesienie pomocy osobom powo\u0142anym.<\/strong><\/p>\n<p><strong>Do jego zada\u0144 nale\u017cy:<br \/><\/strong>&#8211; pro\u015bba do Pana Boga o nowe, \u015bwi\u0119te powo\u0142ania;<br \/>&#8211; troska o jak najpe\u0142niejsz\u0105 formacj\u0119 kandydat\u00f3w do kap\u0142a\u0144stwa i \u017cycia konsekrowanego (zakonnego);<br \/>&#8211; odpowiedzialno\u015b\u0107 za wszystkich, kt\u00f3rzy ju\u017c realizuj\u0105 swoje powo\u0142anie.<\/p>\n<p><strong>Kto mo\u017ce by\u0107 cz\u0142onkiem Dzie\u0142a Pomocy Powo\u0142aniom?<br \/><\/strong>&#8211; Do DPP w\u0142\u0105cza si\u0119 ka\u017cdy, kto deklaruje ofiarowanie jakiej\u015b modlitwy lub cierpienia w intencji powo\u0142a\u0144 lub za powo\u0142anych.<br \/>&#8211; Ka\u017cdy wnosi do Dzie\u0142a intencj\u0119 szczeg\u00f3lnie sobie blisk\u0105 (np. za kogo\u015b powo\u0142anego z rodziny, za miejscowego duszpasterza, za siostry zakonne, o powo\u0142ania misyjne, itp.), a ponadto stara si\u0119 poleca\u0107 Bogu intencj\u0119 wsp\u00f3ln\u0105 dla ca\u0142ego Dzie\u0142a oraz intencje, w jakich modl\u0105 si\u0119 inni jego cz\u0142onkowie.<br \/>&#8211; Rodzaj i cz\u0119stotliwo\u015b\u0107 modlitwy okre\u015bla ka\u017cdy sam i spe\u0142nia wed\u0142ug aktualnych mo\u017cliwo\u015bci. Mo\u017ce to by\u0107 nawet jedno: \u201cZdrowa\u015b Maryjo\u201d raz na jaki\u015b czas, mo\u017ce by\u0107 co\u015b wi\u0119cej.<br \/>&#8211; Zobowi\u0105zanie to, nie poci\u0105ga za sob\u0105 odpowiedzialno\u015bci w sumieniu, tzn. nie trzeba si\u0119 spowiada\u0107 z ewentualnych zaniedba\u0144. Nie chodzi tu o pomno\u017cenie grzech\u00f3w, ale o pomno\u017cenie d\u00f3br duchowych.<\/p>\t\t\t\t\t\t\t\t<\/div>\n\t\t\t\t<\/div>\n\t\t\t\t\t<\/div>\n\t\t<\/div>\n\t\t\t\t\t<\/div>\n\t\t<\/section>\n\t\t\t\t<\/div>\n\t\t","protected":false},"excerpt":{"rendered":"<p>Dzie\u0142o Pomocy Powo\u0142aniom jest ruchem katolickim, kt\u00f3ry podejmuje modlitw\u0119 w intencjach powo\u0142a\u0144.Celem Dzie\u0142a jest niesienie pomocy osobom powo\u0142anym. Do jego zada\u0144 nale\u017cy:&#8211; pro\u015bba do Pana Boga o nowe, \u015bwi\u0119te powo\u0142ania;&#8211; troska o jak najpe\u0142niejsz\u0105 formacj\u0119 kandydat\u00f3w do kap\u0142a\u0144stwa i \u017cycia konsekrowanego (zakonnego);&#8211; odpowiedzialno\u015b\u0107 za wszystkich, kt\u00f3rzy ju\u017c realizuj\u0105 swoje powo\u0142anie. Kto mo\u017ce by\u0107 cz\u0142onkiem Dzie\u0142a&hellip;&nbsp;<a href=\"https:\/\/wiazownica.przemyska.pl\/index.php\/grupy-parafialne\/dzielo-pomocy-powolaniom\/\" rel=\"bookmark\">Dowiedz si\u0119 wi\u0119cej &raquo;<span class=\"screen-reader-text\">Dzie\u0142o Pomocy Powo\u0142aniom<\/span><\/a><\/p>\n","protected":false},"author":1,"featured_media":0,"parent":435,"menu_order":0,"comment_status":"closed","ping_status":"closed","template":"","meta":{"neve_meta_sidebar":"","neve_meta_container":"","neve_meta_enable_content_width":"","neve_meta_content_width":0,"neve_meta_title_alignment":"","neve_meta_author_avatar":"","neve_post_elements_order":"","neve_meta_disable_header":"","neve_meta_disable_footer":"","neve_meta_disable_title":"","footnotes":""},"class_list":["post-453","page","type-page","status-publish","hentry"],"_links":{"self":[{"href":"https:\/\/wiazownica.przemyska.pl\/index.php\/wp-json\/wp\/v2\/pages\/453","targetHints":{"allow":["GET"]}}],"collection":[{"href":"https:\/\/wiazownica.przemyska.pl\/index.php\/wp-json\/wp\/v2\/pages"}],"about":[{"href":"https:\/\/wiazownica.przemyska.pl\/index.php\/wp-json\/wp\/v2\/types\/page"}],"author":[{"embeddable":true,"href":"https:\/\/wiazownica.przemyska.pl\/index.php\/wp-json\/wp\/v2\/users\/1"}],"replies":[{"embeddable":true,"href":"https:\/\/wiazownica.przemyska.pl\/index.php\/wp-json\/wp\/v2\/comments?post=453"}],"version-history":[{"count":5,"href":"https:\/\/wiazownica.przemyska.pl\/index.php\/wp-json\/wp\/v2\/pages\/453\/revisions"}],"predecessor-version":[{"id":2818,"href":"https:\/\/wiazownica.przemyska.pl\/index.php\/wp-json\/wp\/v2\/pages\/453\/revisions\/2818"}],"up":[{"embeddable":true,"href":"https:\/\/wiazownica.przemyska.pl\/index.php\/wp-json\/wp\/v2\/pages\/435"}],"wp:attachment":[{"href":"https:\/\/wiazownica.przemyska.pl\/index.php\/wp-json\/wp\/v2\/media?parent=453"}],"curies":[{"name":"wp","href":"https:\/\/api.w.org\/{rel}","templated":true}]}}