{"id":451,"date":"2022-03-07T11:36:24","date_gmt":"2022-03-07T10:36:24","guid":{"rendered":"https:\/\/wiazownica.przemyska.pl\/?page_id=451"},"modified":"2022-03-27T14:41:24","modified_gmt":"2022-03-27T12:41:24","slug":"schola","status":"publish","type":"page","link":"https:\/\/wiazownica.przemyska.pl\/index.php\/grupy-parafialne\/schola\/","title":{"rendered":"Schola"},"content":{"rendered":"\t\t<div data-elementor-type=\"wp-page\" data-elementor-id=\"451\" class=\"elementor elementor-451\">\n\t\t\t\t\t\t<section class=\"elementor-section elementor-top-section elementor-element elementor-element-4dde3510 elementor-section-boxed elementor-section-height-default elementor-section-height-default\" data-id=\"4dde3510\" data-element_type=\"section\" data-e-type=\"section\">\n\t\t\t\t\t\t<div class=\"elementor-container elementor-column-gap-default\">\n\t\t\t\t\t<div class=\"elementor-column elementor-col-100 elementor-top-column elementor-element elementor-element-29065428\" data-id=\"29065428\" data-element_type=\"column\" data-e-type=\"column\">\n\t\t\t<div class=\"elementor-widget-wrap elementor-element-populated\">\n\t\t\t\t\t\t<div class=\"elementor-element elementor-element-75120880 elementor-widget elementor-widget-image\" data-id=\"75120880\" data-element_type=\"widget\" data-e-type=\"widget\" data-widget_type=\"image.default\">\n\t\t\t\t<div class=\"elementor-widget-container\">\n\t\t\t\t\t\t\t\t\t\t\t\t\t\t\t<img fetchpriority=\"high\" decoding=\"async\" width=\"983\" height=\"432\" src=\"https:\/\/wiazownica.przemyska.pl\/wp-content\/uploads\/2022\/03\/schola.webp\" class=\"attachment-large size-large wp-image-874\" alt=\"\" srcset=\"https:\/\/wiazownica.przemyska.pl\/wp-content\/uploads\/2022\/03\/schola.webp 983w, https:\/\/wiazownica.przemyska.pl\/wp-content\/uploads\/2022\/03\/schola-300x132.webp 300w, https:\/\/wiazownica.przemyska.pl\/wp-content\/uploads\/2022\/03\/schola-768x338.webp 768w\" sizes=\"(max-width: 983px) 100vw, 983px\" \/>\t\t\t\t\t\t\t\t\t\t\t\t\t\t\t<\/div>\n\t\t\t\t<\/div>\n\t\t\t\t\t<\/div>\n\t\t<\/div>\n\t\t\t\t\t<\/div>\n\t\t<\/section>\n\t\t\t\t<section class=\"elementor-section elementor-top-section elementor-element elementor-element-3a551225 elementor-section-boxed elementor-section-height-default elementor-section-height-default\" data-id=\"3a551225\" data-element_type=\"section\" data-e-type=\"section\">\n\t\t\t\t\t\t<div class=\"elementor-container elementor-column-gap-default\">\n\t\t\t\t\t<div class=\"elementor-column elementor-col-100 elementor-top-column elementor-element elementor-element-247bd90b\" data-id=\"247bd90b\" data-element_type=\"column\" data-e-type=\"column\">\n\t\t\t<div class=\"elementor-widget-wrap elementor-element-populated\">\n\t\t\t\t\t\t<div class=\"elementor-element elementor-element-41c321f4 elementor-widget elementor-widget-text-editor\" data-id=\"41c321f4\" data-element_type=\"widget\" data-e-type=\"widget\" data-widget_type=\"text-editor.default\">\n\t\t\t\t<div class=\"elementor-widget-container\">\n\t\t\t\t\t\t\t\t\t<p><strong>Spotkania: czwartek o 16.00 (czas zimowy), 17.00 (czas letni)<\/strong><\/p>\n<p>Schola liturgiczna pe\u0142ni wa\u017cn\u0105 rol\u0119 w zgromadzeniu liturgicznym. Dokument soborowe tak o niej m\u00f3wi\u0105:\u00a0\u201eDo niej bowiem nale\u017cy troska o poprawne, godne z r\u00f3\u017cnymi rodzajami \u015bpiewu,\u00a0wykonywanie w\u0142a\u015bciwych im cz\u0119\u015bci liturgii oraz wspomaganie\u00a0czynnego uczestnictwa wiernych przez \u015bpiew w liturgii\u201d. By \u015bpiewa\u0107 w scholi nie potrzeba wybitnych zdolno\u015bci muzycznych.\u00a0Konieczne jest za to, by cz\u0142onkowie zespo\u0142u lubili \u015bpiewa\u0107 i chcieli to robi\u0107 na chwa\u0142\u0119 Bo\u017c\u0105.<\/p>\n<p>W naszej parafii schola zajmuje si\u0119 opraw\u0105 celebracji liturgicznych w niedziele i \u015bwi\u0119ta.\u00a0<br \/>Odpowiedzialnym za prowadzenie scholi jest Anita Wojdy\u0142o oraz ksi\u0105dz wikariusz.<\/p>\t\t\t\t\t\t\t\t<\/div>\n\t\t\t\t<\/div>\n\t\t\t\t\t<\/div>\n\t\t<\/div>\n\t\t\t\t\t<\/div>\n\t\t<\/section>\n\t\t\t\t<\/div>\n\t\t","protected":false},"excerpt":{"rendered":"<p>Spotkania: czwartek o 16.00 (czas zimowy), 17.00 (czas letni) Schola liturgiczna pe\u0142ni wa\u017cn\u0105 rol\u0119 w zgromadzeniu liturgicznym. Dokument soborowe tak o niej m\u00f3wi\u0105:\u00a0\u201eDo niej bowiem nale\u017cy troska o poprawne, godne z r\u00f3\u017cnymi rodzajami \u015bpiewu,\u00a0wykonywanie w\u0142a\u015bciwych im cz\u0119\u015bci liturgii oraz wspomaganie\u00a0czynnego uczestnictwa wiernych przez \u015bpiew w liturgii\u201d. By \u015bpiewa\u0107 w scholi nie potrzeba wybitnych zdolno\u015bci muzycznych.\u00a0Konieczne&hellip;&nbsp;<a href=\"https:\/\/wiazownica.przemyska.pl\/index.php\/grupy-parafialne\/schola\/\" rel=\"bookmark\">Dowiedz si\u0119 wi\u0119cej &raquo;<span class=\"screen-reader-text\">Schola<\/span><\/a><\/p>\n","protected":false},"author":1,"featured_media":0,"parent":435,"menu_order":0,"comment_status":"closed","ping_status":"closed","template":"","meta":{"neve_meta_sidebar":"","neve_meta_container":"","neve_meta_enable_content_width":"","neve_meta_content_width":0,"neve_meta_title_alignment":"","neve_meta_author_avatar":"","neve_post_elements_order":"","neve_meta_disable_header":"","neve_meta_disable_footer":"","neve_meta_disable_title":"","footnotes":""},"class_list":["post-451","page","type-page","status-publish","hentry"],"_links":{"self":[{"href":"https:\/\/wiazownica.przemyska.pl\/index.php\/wp-json\/wp\/v2\/pages\/451","targetHints":{"allow":["GET"]}}],"collection":[{"href":"https:\/\/wiazownica.przemyska.pl\/index.php\/wp-json\/wp\/v2\/pages"}],"about":[{"href":"https:\/\/wiazownica.przemyska.pl\/index.php\/wp-json\/wp\/v2\/types\/page"}],"author":[{"embeddable":true,"href":"https:\/\/wiazownica.przemyska.pl\/index.php\/wp-json\/wp\/v2\/users\/1"}],"replies":[{"embeddable":true,"href":"https:\/\/wiazownica.przemyska.pl\/index.php\/wp-json\/wp\/v2\/comments?post=451"}],"version-history":[{"count":8,"href":"https:\/\/wiazownica.przemyska.pl\/index.php\/wp-json\/wp\/v2\/pages\/451\/revisions"}],"predecessor-version":[{"id":2876,"href":"https:\/\/wiazownica.przemyska.pl\/index.php\/wp-json\/wp\/v2\/pages\/451\/revisions\/2876"}],"up":[{"embeddable":true,"href":"https:\/\/wiazownica.przemyska.pl\/index.php\/wp-json\/wp\/v2\/pages\/435"}],"wp:attachment":[{"href":"https:\/\/wiazownica.przemyska.pl\/index.php\/wp-json\/wp\/v2\/media?parent=451"}],"curies":[{"name":"wp","href":"https:\/\/api.w.org\/{rel}","templated":true}]}}