{"id":447,"date":"2022-03-07T11:35:45","date_gmt":"2022-03-07T10:35:45","guid":{"rendered":"https:\/\/wiazownica.przemyska.pl\/?page_id=447"},"modified":"2025-02-25T12:29:38","modified_gmt":"2025-02-25T11:29:38","slug":"spoleczny-komitet-budowy-tablicy","status":"publish","type":"page","link":"https:\/\/wiazownica.przemyska.pl\/index.php\/grupy-parafialne\/spoleczny-komitet-budowy-tablicy\/","title":{"rendered":"Spo\u0142eczny Komitet Budowy Tablicy"},"content":{"rendered":"\n<div class=\"wp-block-columns is-layout-flex wp-container-core-columns-is-layout-9d6595d7 wp-block-columns-is-layout-flex\">\n<div class=\"wp-block-column is-layout-flow wp-block-column-is-layout-flow\">\n<h5 class=\"wp-block-heading\"><strong>72 rocznica spalenia wsi i ludob\u00f3jstwa mieszka\u0144c\u00f3w Wi\u0105zownicy<\/strong><\/h5>\n\n\n\n<p>W dniu 23 kwietnia 2017 r. tj. w niedziel\u0119 w Ko\u015bciele Parafialnym w Wi\u0105zownicy odby\u0142a si\u0119 uroczysto\u015b\u0107 z okazji 72 rocznicy spalenia i ludob\u00f3jstwa mieszka\u0144c\u00f3w Wi\u0105zownicy dokonanego przez OUN UPA. Uroczysto\u015b\u0107 u\u015bwietni\u0142 swoj\u0105 obecno\u015bci\u0105 reprezentuj\u0105cy Prezydenta RP Andrzeja Dud\u0119 sekretarz stanu w Kancelarii Prezydenta RP Andrzej Dera. W\u015br\u00f3d go\u015bci obecni byli: Senator RP Mieczys\u0142aw Golba, pose\u0142 Anna Schmidt-Rodziewicz, Pose\u0142 Piotr Uruski, Dyrektor Generalny S\u0142u\u017cby Wi\u0119ziennej gen. Jacek Kitli\u0144ski, wicewojewoda podkarpacki Piotr Pilch, wicemarsza\u0142ek woj. Podkarpackiego Maria Kurowska oraz wielu innych znamienitych go\u015bci.<\/p>\n\n\n\n<p><strong>Odznaczeniami Prezydenta RP podczas uroczysto\u015bci uhonorowani zostali:<\/strong><\/p>\n\n\n\n<ul class=\"wp-block-list\">\n<li>ks. J\u00f3zef Mi\u015b &#8211; Krzy\u017cem Kawalerskim Orderu Odrodzenia Polski (po\u015bmiertnie)<\/li>\n\n\n\n<li>Micha\u0142 P\u0142achetko &#8211; Z\u0142otym Krzy\u017cem Zas\u0142ugi<\/li>\n\n\n\n<li>J\u00f3zef K\u0142ak &#8211; Z\u0142otym Krzy\u017cem Zas\u0142ugi<\/li>\n\n\n\n<li>ks. Adam Rejman &#8211; Z\u0142otym Krzy\u017cem Zas\u0142ugi.<\/li>\n<\/ul>\n\n\n\n<p><\/p>\n\n\n\n<p>Przybyli go\u015bcie z\u0142o\u017cyli kwiaty pod wmurowan\u0105 w \u015bcianie ko\u015bcio\u0142a pami\u0105tkow\u0105 tablic\u0105, a \u017co\u0142nierze jaros\u0142awskiego garnizonu wojskowego uczcili pami\u0119\u0107 ofiar ataku apelem poleg\u0142ych oraz salw\u0105 honorow\u0105.<\/p>\n\n\n\n<div class=\"wp-block-group\"><div class=\"wp-block-group__inner-container is-layout-flow wp-block-group-is-layout-flow\"><div class=\"wp-block-image\">\n<figure class=\"aligncenter size-full\"><img fetchpriority=\"high\" decoding=\"async\" width=\"450\" height=\"253\" src=\"https:\/\/wiazownica.przemyska.pl\/wp-content\/uploads\/2022\/03\/tablica.jpg\" alt=\"\" class=\"wp-image-1154\" srcset=\"https:\/\/wiazownica.przemyska.pl\/wp-content\/uploads\/2022\/03\/tablica.jpg 450w, https:\/\/wiazownica.przemyska.pl\/wp-content\/uploads\/2022\/03\/tablica-300x169.jpg 300w\" sizes=\"(max-width: 450px) 100vw, 450px\" \/><figcaption class=\"wp-element-caption\">Tablica upami\u0119tniaj\u0105ca wydarzenia z 1945 r.<\/figcaption><\/figure>\n<\/div>\n\n\n<p>Atak na wie\u015b Wi\u0105zownica, po\u0142o\u017con\u0105 w by\u0142ym powiecie jaros\u0142awskim wojew\u00f3dztwa lwowskiego, po\u0142\u0105czony z zamordowaniem oko\u0142o 100 Polak\u00f3w, dokonany 17 kwietnia 1945 roku przez kure\u0144 Ukrai\u0144skiej Powsta\u0144czej Armii Iwana Szpontaka ps. \u201eZali\u017aniak\u201d.<\/p>\n\n\n\n<p><strong>Zbrodnia w Wi\u0105zownicy<\/strong><\/p>\n\n\n\n<p>Wed\u0142ug wspomnie\u0144 zgromadzonych przez\u00a0<a href=\"https:\/\/pl.wikipedia.org\/wiki\/Stowarzyszenie_Upami%C4%99tnienia_Ofiar_Zbrodni_Ukrai%C5%84skich_Nacjonalist%C3%B3w\" target=\"_blank\" rel=\"noreferrer noopener\">Stowarzyszenie Upami\u0119tniania Ofiar Zbrodni Ukrai\u0144skich Nacjonalist\u00f3w<\/a>\u00a017 kwietnia 1945 o \u015bwicie (gdy warty samoobrony opu\u015bci\u0142y stanowiska) oddzia\u0142y UPA (sotnie \u201eBa\u0142aja\u201d i \u201eSzuma\u201d) wspomagane przez ukrai\u0144skich ch\u0142op\u00f3w z\u00a0<a href=\"https:\/\/pl.wikipedia.org\/wiki\/Samooboronni_Kuszczowi_Widdi%C5%82y\" target=\"_blank\" rel=\"noreferrer noopener\">SKW<\/a>\u00a0zaatakowa\u0142y wie\u015b od strony\u00a0Sanu, gdzie by\u0142 folwark, oraz od strony lasu. Napastnicy przyst\u0105pili do podpalania zabudowa\u0144 oraz mordowania napotkanych mieszka\u0144c\u00f3w. Jednocze\u015bnie trwa\u0142 rabunek mienia oraz zwierz\u0105t gospodarskich.<\/p>\n<\/div><\/div>\n\n\n\n<div style=\"height:26px\" aria-hidden=\"true\" class=\"wp-block-spacer\"><\/div>\n<\/div>\n\n\n\n<div class=\"wp-block-column has-nv-light-bg-background-color has-background is-layout-flow wp-block-column-is-layout-flow\">\n<div class=\"wp-block-group has-nv-light-bg-background-color has-background\"><div class=\"wp-block-group__inner-container is-layout-flow wp-block-group-is-layout-flow\">\n<p class=\"has-text-align-center\"><\/p>\n\n\n<div class=\"wp-block-image\">\n<figure class=\"aligncenter size-full is-resized\"><img decoding=\"async\" width=\"268\" height=\"544\" src=\"https:\/\/wiazownica.przemyska.pl\/wp-content\/uploads\/2022\/03\/biuletyn-obraz.jpg\" alt=\"\" class=\"wp-image-1160\" style=\"width:329px;height:auto\" srcset=\"https:\/\/wiazownica.przemyska.pl\/wp-content\/uploads\/2022\/03\/biuletyn-obraz.jpg 268w, https:\/\/wiazownica.przemyska.pl\/wp-content\/uploads\/2022\/03\/biuletyn-obraz-148x300.jpg 148w\" sizes=\"(max-width: 268px) 100vw, 268px\" \/><\/figure>\n<\/div><\/div><\/div>\n\n\n\n<div style=\"height:48px\" aria-hidden=\"true\" class=\"wp-block-spacer\"><\/div>\n\n\n\n<p class=\"has-text-align-center has-accent-color has-text-color\"><strong>Materia\u0142 filmowy zarejestrowany przez Telewizj\u0119 POD24<\/strong><\/p>\n\n\n\n<iframe width=\"560\" height=\"315\" src=\"https:\/\/www.youtube.com\/embed\/TcVRKB2I8Dg\" title=\"YouTube video player\" frameborder=\"0\" allow=\"accelerometer; autoplay; clipboard-write; encrypted-media; gyroscope; picture-in-picture\" allowfullscreen=\"\"><\/iframe>\n<\/div>\n<\/div>\n\n\n\n<p><\/p>\n","protected":false},"excerpt":{"rendered":"<p>72 rocznica spalenia wsi i ludob\u00f3jstwa mieszka\u0144c\u00f3w Wi\u0105zownicy W dniu 23 kwietnia 2017 r. tj. w niedziel\u0119 w Ko\u015bciele Parafialnym w Wi\u0105zownicy odby\u0142a si\u0119 uroczysto\u015b\u0107 z okazji 72 rocznicy spalenia i ludob\u00f3jstwa mieszka\u0144c\u00f3w Wi\u0105zownicy dokonanego przez OUN UPA. Uroczysto\u015b\u0107 u\u015bwietni\u0142 swoj\u0105 obecno\u015bci\u0105 reprezentuj\u0105cy Prezydenta RP Andrzeja Dud\u0119 sekretarz stanu w Kancelarii Prezydenta RP Andrzej Dera.&hellip;&nbsp;<a href=\"https:\/\/wiazownica.przemyska.pl\/index.php\/grupy-parafialne\/spoleczny-komitet-budowy-tablicy\/\" rel=\"bookmark\">Dowiedz si\u0119 wi\u0119cej &raquo;<span class=\"screen-reader-text\">Spo\u0142eczny Komitet Budowy Tablicy<\/span><\/a><\/p>\n","protected":false},"author":1,"featured_media":0,"parent":435,"menu_order":0,"comment_status":"closed","ping_status":"closed","template":"","meta":{"neve_meta_sidebar":"","neve_meta_container":"","neve_meta_enable_content_width":"","neve_meta_content_width":0,"neve_meta_title_alignment":"","neve_meta_author_avatar":"","neve_post_elements_order":"","neve_meta_disable_header":"","neve_meta_disable_footer":"","neve_meta_disable_title":"","footnotes":""},"class_list":["post-447","page","type-page","status-publish","hentry"],"_links":{"self":[{"href":"https:\/\/wiazownica.przemyska.pl\/index.php\/wp-json\/wp\/v2\/pages\/447","targetHints":{"allow":["GET"]}}],"collection":[{"href":"https:\/\/wiazownica.przemyska.pl\/index.php\/wp-json\/wp\/v2\/pages"}],"about":[{"href":"https:\/\/wiazownica.przemyska.pl\/index.php\/wp-json\/wp\/v2\/types\/page"}],"author":[{"embeddable":true,"href":"https:\/\/wiazownica.przemyska.pl\/index.php\/wp-json\/wp\/v2\/users\/1"}],"replies":[{"embeddable":true,"href":"https:\/\/wiazownica.przemyska.pl\/index.php\/wp-json\/wp\/v2\/comments?post=447"}],"version-history":[{"count":22,"href":"https:\/\/wiazownica.przemyska.pl\/index.php\/wp-json\/wp\/v2\/pages\/447\/revisions"}],"predecessor-version":[{"id":8261,"href":"https:\/\/wiazownica.przemyska.pl\/index.php\/wp-json\/wp\/v2\/pages\/447\/revisions\/8261"}],"up":[{"embeddable":true,"href":"https:\/\/wiazownica.przemyska.pl\/index.php\/wp-json\/wp\/v2\/pages\/435"}],"wp:attachment":[{"href":"https:\/\/wiazownica.przemyska.pl\/index.php\/wp-json\/wp\/v2\/media?parent=447"}],"curies":[{"name":"wp","href":"https:\/\/api.w.org\/{rel}","templated":true}]}}