{"id":445,"date":"2022-03-07T11:35:22","date_gmt":"2022-03-07T10:35:22","guid":{"rendered":"https:\/\/wiazownica.przemyska.pl\/?page_id=445"},"modified":"2022-03-10T08:52:35","modified_gmt":"2022-03-10T07:52:35","slug":"grupa-maryjna-magnificat","status":"publish","type":"page","link":"https:\/\/wiazownica.przemyska.pl\/index.php\/grupy-parafialne\/grupa-maryjna-magnificat\/","title":{"rendered":"Grupa Maryjna &#8222;Magnificat&#8221;"},"content":{"rendered":"\n<p><strong>Spotkania odbywaj\u0105 si\u0119 w pierwsz\u0105 sobot\u0119 miesi\u0105ca.<\/strong><\/p>\n\n\n\n<p>Grupa zajmuje si\u0119 opraw\u0105 liturgii oraz prowadzeniem r\u00f3\u017ca\u0144ca wynagradzaj\u0105cego\u00a0Niepokalanemu sercu NMP w pierwsz\u0105 sobot\u0119 miesi\u0105ca.<\/p>\n","protected":false},"excerpt":{"rendered":"<p>Spotkania odbywaj\u0105 si\u0119 w pierwsz\u0105 sobot\u0119 miesi\u0105ca. Grupa zajmuje si\u0119 opraw\u0105 liturgii oraz prowadzeniem r\u00f3\u017ca\u0144ca wynagradzaj\u0105cego\u00a0Niepokalanemu sercu NMP w pierwsz\u0105 sobot\u0119 miesi\u0105ca.<\/p>\n","protected":false},"author":1,"featured_media":0,"parent":435,"menu_order":0,"comment_status":"closed","ping_status":"closed","template":"","meta":{"neve_meta_sidebar":"","neve_meta_container":"","neve_meta_enable_content_width":"","neve_meta_content_width":0,"neve_meta_title_alignment":"","neve_meta_author_avatar":"","neve_post_elements_order":"","neve_meta_disable_header":"","neve_meta_disable_footer":"","neve_meta_disable_title":"","footnotes":""},"class_list":["post-445","page","type-page","status-publish","hentry"],"_links":{"self":[{"href":"https:\/\/wiazownica.przemyska.pl\/index.php\/wp-json\/wp\/v2\/pages\/445","targetHints":{"allow":["GET"]}}],"collection":[{"href":"https:\/\/wiazownica.przemyska.pl\/index.php\/wp-json\/wp\/v2\/pages"}],"about":[{"href":"https:\/\/wiazownica.przemyska.pl\/index.php\/wp-json\/wp\/v2\/types\/page"}],"author":[{"embeddable":true,"href":"https:\/\/wiazownica.przemyska.pl\/index.php\/wp-json\/wp\/v2\/users\/1"}],"replies":[{"embeddable":true,"href":"https:\/\/wiazownica.przemyska.pl\/index.php\/wp-json\/wp\/v2\/comments?post=445"}],"version-history":[{"count":2,"href":"https:\/\/wiazownica.przemyska.pl\/index.php\/wp-json\/wp\/v2\/pages\/445\/revisions"}],"predecessor-version":[{"id":870,"href":"https:\/\/wiazownica.przemyska.pl\/index.php\/wp-json\/wp\/v2\/pages\/445\/revisions\/870"}],"up":[{"embeddable":true,"href":"https:\/\/wiazownica.przemyska.pl\/index.php\/wp-json\/wp\/v2\/pages\/435"}],"wp:attachment":[{"href":"https:\/\/wiazownica.przemyska.pl\/index.php\/wp-json\/wp\/v2\/media?parent=445"}],"curies":[{"name":"wp","href":"https:\/\/api.w.org\/{rel}","templated":true}]}}