{"id":441,"date":"2022-03-07T11:34:23","date_gmt":"2022-03-07T10:34:23","guid":{"rendered":"https:\/\/wiazownica.przemyska.pl\/?page_id=441"},"modified":"2024-11-05T20:54:59","modified_gmt":"2024-11-05T19:54:59","slug":"roze-rozancowe","status":"publish","type":"page","link":"https:\/\/wiazownica.przemyska.pl\/index.php\/grupy-parafialne\/roze-rozancowe\/","title":{"rendered":"R\u00f3\u017ce r\u00f3\u017ca\u0144cowe"},"content":{"rendered":"\t\t<div data-elementor-type=\"wp-page\" data-elementor-id=\"441\" class=\"elementor elementor-441\">\n\t\t\t\t\t\t<section class=\"elementor-section elementor-top-section elementor-element elementor-element-32371680 elementor-section-boxed elementor-section-height-default elementor-section-height-default\" data-id=\"32371680\" data-element_type=\"section\" data-e-type=\"section\">\n\t\t\t\t\t\t<div class=\"elementor-container elementor-column-gap-default\">\n\t\t\t\t\t<div class=\"elementor-column elementor-col-100 elementor-top-column elementor-element elementor-element-29084aef\" data-id=\"29084aef\" data-element_type=\"column\" data-e-type=\"column\">\n\t\t\t<div class=\"elementor-widget-wrap elementor-element-populated\">\n\t\t\t\t\t\t<div class=\"elementor-element elementor-element-7077727c elementor-widget elementor-widget-image\" data-id=\"7077727c\" data-element_type=\"widget\" data-e-type=\"widget\" data-widget_type=\"image.default\">\n\t\t\t\t<div class=\"elementor-widget-container\">\n\t\t\t\t\t\t\t\t\t\t\t\t\t\t\t<img fetchpriority=\"high\" decoding=\"async\" width=\"491\" height=\"276\" src=\"https:\/\/wiazownica.przemyska.pl\/wp-content\/uploads\/2022\/03\/roze.webp\" class=\"attachment-large size-large wp-image-799\" alt=\"\" srcset=\"https:\/\/wiazownica.przemyska.pl\/wp-content\/uploads\/2022\/03\/roze.webp 491w, https:\/\/wiazownica.przemyska.pl\/wp-content\/uploads\/2022\/03\/roze-300x169.webp 300w\" sizes=\"(max-width: 491px) 100vw, 491px\" \/>\t\t\t\t\t\t\t\t\t\t\t\t\t\t\t<\/div>\n\t\t\t\t<\/div>\n\t\t\t\t\t<\/div>\n\t\t<\/div>\n\t\t\t\t\t<\/div>\n\t\t<\/section>\n\t\t\t\t<section class=\"elementor-section elementor-top-section elementor-element elementor-element-ae41b48 elementor-section-boxed elementor-section-height-default elementor-section-height-default\" data-id=\"ae41b48\" data-element_type=\"section\" data-e-type=\"section\">\n\t\t\t\t\t\t<div class=\"elementor-container elementor-column-gap-default\">\n\t\t\t\t\t<div class=\"elementor-column elementor-col-100 elementor-top-column elementor-element elementor-element-2f741e4e\" data-id=\"2f741e4e\" data-element_type=\"column\" data-e-type=\"column\">\n\t\t\t<div class=\"elementor-widget-wrap elementor-element-populated\">\n\t\t\t\t\t\t<div class=\"elementor-element elementor-element-45e362fe elementor-widget elementor-widget-text-editor\" data-id=\"45e362fe\" data-element_type=\"widget\" data-e-type=\"widget\" data-widget_type=\"text-editor.default\">\n\t\t\t\t<div class=\"elementor-widget-container\">\n\t\t\t\t\t\t\t\t\t<p><strong>Zmiana tajemnic r\u00f3\u017ca\u0144cowych odbywa si\u0119 w 1 niedziel\u0119 miesi\u0105ca po Mszy \u015aw.<\/strong>\u00a0<strong>o godzinie 12.00 w Wi\u0105zownicy<\/strong>\u00a0<strong>oraz o 10.30 w Nielepkowicach<\/strong><\/p>\t\t\t\t\t\t\t\t<\/div>\n\t\t\t\t<\/div>\n\t\t\t\t\t<\/div>\n\t\t<\/div>\n\t\t\t\t\t<\/div>\n\t\t<\/section>\n\t\t\t\t<section class=\"elementor-section elementor-top-section elementor-element elementor-element-3885b50c elementor-section-boxed elementor-section-height-default elementor-section-height-default\" data-id=\"3885b50c\" data-element_type=\"section\" data-e-type=\"section\">\n\t\t\t\t\t\t<div class=\"elementor-container elementor-column-gap-default\">\n\t\t\t\t\t<div class=\"elementor-column elementor-col-100 elementor-top-column elementor-element elementor-element-69078d90\" data-id=\"69078d90\" data-element_type=\"column\" data-e-type=\"column\">\n\t\t\t<div class=\"elementor-widget-wrap elementor-element-populated\">\n\t\t\t\t\t\t<div class=\"elementor-element elementor-element-52a70c85 elementor-widget elementor-widget-text-editor\" data-id=\"52a70c85\" data-element_type=\"widget\" data-e-type=\"widget\" data-widget_type=\"text-editor.default\">\n\t\t\t\t<div class=\"elementor-widget-container\">\n\t\t\t\t\t\t\t\t\t<p><strong>R\u00f3\u017ce \u017bywego R\u00f3\u017ca\u0144ca<\/strong>\u00a0jako Grupy Modlitewne, s\u0105 ruchem o charakterze modlitewno-formacyjnym. W Ko\u015bciele katolickim istniej\u0105 one na mocy zatwierdzenia papie\u017ca Grzegorza XVI z dnia 29 stycznia 1832 r. W archidiecezji natomiast istniej\u0105 i dzia\u0142aj\u0105 na mocy Synodu Archidiecezji Przemyskiej, kt\u00f3ry okre\u015bla je jako zas\u0142u\u017con\u0105 instytucj\u0119 dla inspiracji modlitewnej i apostolskiej (st. 79 Synodu) oraz niniejszego Statutu.<br \/>Nazwa \u201eR\u00f3\u017ce \u017bywego R\u00f3\u017ca\u0144ca\u201d oznacza: wsp\u00f3lnot\u0119 wierz\u0105cych zjednoczonych przy Matce Bo\u017cej R\u00f3\u017ca\u0144cowej przez gorliw\u0105 modlitw\u0119 polegaj\u0105c\u0105 na medytacji tajemnic zbawienia.<\/p>\n<p><strong>Cz\u0142onkowie \u017bywego R\u00f3\u017ca\u0144ca maj\u0105 na celu za pomoc\u0105 wsp\u00f3lnej modlitwy:<br \/><\/strong>&#8211; Troszczy\u0107 si\u0119 o pomno\u017cenie kultu Bo\u017cego;<br \/>&#8211; Stara\u0107 si\u0119 o dochowanie wierno\u015bci Bogu w \u017cyciu codzien\u00adnym;<br \/>&#8211; Dba\u0107 o wzrost duchowy nale\u017c\u0105cych do R\u00f3\u017cy;<br \/>&#8211; Troszczy\u0107 si\u0119 o zbawienie wszystkich ludzi;<br \/>&#8211; Stawa\u0107 w obronie wiary i Ko\u015bcio\u0142a;<br \/>&#8211; Modli\u0107 si\u0119 o jedno\u015b\u0107 Ko\u015bcio\u0142a i zjednoczenie chrze\u015bcijan;<br \/>&#8211; W\u0142\u0105cza\u0107 si\u0119 w dzia\u0142ania Ko\u015bcio\u0142a lokalnego (r\u00f3\u017cnego rodzaju dzie\u0142a pobo\u017cno\u015bci, \u015bwiadczenie mi\u0142o\u015bci chrze\u015bci\u00adja\u0144skiej, troska o chorych, niesienie ratunku umieraj\u0105cym i dzia\u0142ania maj\u0105ce na celu nawr\u00f3cenie grzesznik\u00f3w, uwol\u00adnienie dusz z ognia czy\u015b\u0107co\u00adwego, oraz wyproszenie u Boga wszystkim ludziom wielorakich dar\u00f3w). (Zob. Jan XXIII, List Ap. do O. P. Peytona z r. 1963 i 1964).<\/p>\n<p><strong>Zadania Cz\u0142onk\u00f3w R\u00f3\u017c \u017bywego R\u00f3\u017ca\u0144ca:<br \/><\/strong>Zasadniczym obowi\u0105zkiem jest odmawianie codziennie jednego dziesi\u0105tka r\u00f3\u017ca\u0144ca po wpisaniu si\u0119 do Parafial\u00adnej Ksi\u0119gi R\u00f3\u017c \u017bywego R\u00f3\u017ca\u0144ca;<br \/>Udzia\u0142 w miesi\u0119cznej zmianie tajemnic r\u00f3\u017ca\u0144cowych;<br \/>Cz\u0119ste przyst\u0119powanie do Sakrament\u00f3w \u015bwi\u0119tych oraz udzia\u0142 w nabo\u017ce\u0144stwach maryjnych;<br \/>Rozszerzanie czci Maryi przyk\u0142adem \u017cycia i dzia\u0142alno\u015b\u00adci\u0105 apostolsk\u0105;<br \/>Odwa\u017cne stawanie w obronie wiary i Ko\u015bcio\u0142a na wz\u00f3r \u015bw. Dominika;<br \/>Udzia\u0142 w pogrzebie zmar\u0142ego cz\u0142onka \u017bywego R\u00f3\u017ca\u0144ca oraz w modlitwach za spok\u00f3j jego duszy.<\/p>\t\t\t\t\t\t\t\t<\/div>\n\t\t\t\t<\/div>\n\t\t\t\t\t<\/div>\n\t\t<\/div>\n\t\t\t\t\t<\/div>\n\t\t<\/section>\n\t\t\t\t<\/div>\n\t\t","protected":false},"excerpt":{"rendered":"<p>Zmiana tajemnic r\u00f3\u017ca\u0144cowych odbywa si\u0119 w 1 niedziel\u0119 miesi\u0105ca po Mszy \u015aw.\u00a0o godzinie 12.00 w Wi\u0105zownicy\u00a0oraz o 10.30 w Nielepkowicach R\u00f3\u017ce \u017bywego R\u00f3\u017ca\u0144ca\u00a0jako Grupy Modlitewne, s\u0105 ruchem o charakterze modlitewno-formacyjnym. W Ko\u015bciele katolickim istniej\u0105 one na mocy zatwierdzenia papie\u017ca Grzegorza XVI z dnia 29 stycznia 1832 r. W archidiecezji natomiast istniej\u0105 i dzia\u0142aj\u0105 na mocy&hellip;&nbsp;<a href=\"https:\/\/wiazownica.przemyska.pl\/index.php\/grupy-parafialne\/roze-rozancowe\/\" rel=\"bookmark\">Dowiedz si\u0119 wi\u0119cej &raquo;<span class=\"screen-reader-text\">R\u00f3\u017ce r\u00f3\u017ca\u0144cowe<\/span><\/a><\/p>\n","protected":false},"author":1,"featured_media":0,"parent":435,"menu_order":0,"comment_status":"closed","ping_status":"closed","template":"","meta":{"neve_meta_sidebar":"","neve_meta_container":"","neve_meta_enable_content_width":"","neve_meta_content_width":0,"neve_meta_title_alignment":"","neve_meta_author_avatar":"","neve_post_elements_order":"","neve_meta_disable_header":"","neve_meta_disable_footer":"","neve_meta_disable_title":"","footnotes":""},"class_list":["post-441","page","type-page","status-publish","hentry"],"_links":{"self":[{"href":"https:\/\/wiazownica.przemyska.pl\/index.php\/wp-json\/wp\/v2\/pages\/441","targetHints":{"allow":["GET"]}}],"collection":[{"href":"https:\/\/wiazownica.przemyska.pl\/index.php\/wp-json\/wp\/v2\/pages"}],"about":[{"href":"https:\/\/wiazownica.przemyska.pl\/index.php\/wp-json\/wp\/v2\/types\/page"}],"author":[{"embeddable":true,"href":"https:\/\/wiazownica.przemyska.pl\/index.php\/wp-json\/wp\/v2\/users\/1"}],"replies":[{"embeddable":true,"href":"https:\/\/wiazownica.przemyska.pl\/index.php\/wp-json\/wp\/v2\/comments?post=441"}],"version-history":[{"count":13,"href":"https:\/\/wiazownica.przemyska.pl\/index.php\/wp-json\/wp\/v2\/pages\/441\/revisions"}],"predecessor-version":[{"id":7796,"href":"https:\/\/wiazownica.przemyska.pl\/index.php\/wp-json\/wp\/v2\/pages\/441\/revisions\/7796"}],"up":[{"embeddable":true,"href":"https:\/\/wiazownica.przemyska.pl\/index.php\/wp-json\/wp\/v2\/pages\/435"}],"wp:attachment":[{"href":"https:\/\/wiazownica.przemyska.pl\/index.php\/wp-json\/wp\/v2\/media?parent=441"}],"curies":[{"name":"wp","href":"https:\/\/api.w.org\/{rel}","templated":true}]}}