{"id":439,"date":"2022-03-07T11:34:03","date_gmt":"2022-03-07T10:34:03","guid":{"rendered":"https:\/\/wiazownica.przemyska.pl\/?page_id=439"},"modified":"2022-03-27T09:37:26","modified_gmt":"2022-03-27T07:37:26","slug":"akcja-katolicka","status":"publish","type":"page","link":"https:\/\/wiazownica.przemyska.pl\/index.php\/grupy-parafialne\/akcja-katolicka\/","title":{"rendered":"Akcja Katolicka"},"content":{"rendered":"\t\t<div data-elementor-type=\"wp-page\" data-elementor-id=\"439\" class=\"elementor elementor-439\">\n\t\t\t\t\t\t<section class=\"elementor-section elementor-top-section elementor-element elementor-element-128fafe3 elementor-section-boxed elementor-section-height-default elementor-section-height-default\" data-id=\"128fafe3\" data-element_type=\"section\" data-e-type=\"section\">\n\t\t\t\t\t\t<div class=\"elementor-container elementor-column-gap-default\">\n\t\t\t\t\t<div class=\"elementor-column elementor-col-100 elementor-top-column elementor-element elementor-element-4de5fcd3\" data-id=\"4de5fcd3\" data-element_type=\"column\" data-e-type=\"column\">\n\t\t\t<div class=\"elementor-widget-wrap elementor-element-populated\">\n\t\t\t\t\t\t<div class=\"elementor-element elementor-element-5e79997a elementor-widget elementor-widget-text-editor\" data-id=\"5e79997a\" data-element_type=\"widget\" data-e-type=\"widget\" data-widget_type=\"text-editor.default\">\n\t\t\t\t<div class=\"elementor-widget-container\">\n\t\t\t\t\t\t\t\t\t<p>Niezast\u0105pionym \u015brodkiem formacji apostolskiej \u015bwieckich s\u0105 organizacje, stowarzyszenia i ruchy katolickie. W\u015br\u00f3d nich szczeg\u00f3lne miejsce zajmuje Akcja Katolicka, kt\u00f3ra kiedy\u015b w Polsce \u017cy\u0142a i przynios\u0142a tyle wspania\u0142ych owoc\u00f3w. Trzeba wi\u0119c, aby na nowo od\u017cy\u0142a. Bez niej bowiem infrastruktura zrzesze\u0144 katolickich w Polsce by\u0142aby niepe\u0142na (Jan Pawe\u0142 II do biskup\u00f3w polskich podczas wizyty \u201eAd limina apostolorum\u201d w 1993 r.)<\/p>\n<p>Akcja Katolicka (AK) jest stowarzyszeniem katolik\u00f3w \u015bwieckich, kt\u00f3rzy w zorganizowanej formie wsp\u00f3\u0142pracuj\u0105 bezpo\u015brednio z hierarchi\u0105 ko\u015bcieln\u0105 w wype\u0142nianiu misji Ko\u015bcio\u0142a Katolickiego, realizuj\u0105c powo\u0142anie otrzymane na mocy sakrament\u00f3w chrztu \u015bwi\u0119tego i bierzmowania (Statut AK). Duchowo\u015b\u0107 Stowarzyszenia opiera si\u0119 na w\u0142asnej duchowo\u015bci wiernych \u015bwieckich. Do jej istoty nale\u017c\u0105 nast\u0119puj\u0105ce elementy:<\/p>\n<p><strong>Sentire cum Ecclesia<\/strong> \u2013 poznanie nauczania Ko\u015bcio\u0142a oraz uto\u017csamienie si\u0119 z nim;<\/p>\n<p><strong>Vivere cum Ecclesia<\/strong> \u2013 autentyczne \u017cycie chrze\u015bcija\u0144skie w \u015bwiecie oraz prawdziwa troska o Ko\u015bci\u00f3\u0142 lokalny i powszechny;<\/p>\n<p><strong>Agere cum Ecclesia <\/strong>\u2013 dzia\u0142anie w jedno\u015bci z Ksi\u0119dzem Proboszczem i hierarchi\u0105 Ko\u015bcio\u0142a Katolickiego z zachowaniem w\u0142a\u015bciwie rozumianej autonomii i odpowiedzialno\u015bci wiernych \u015bwieckich.<\/p>\n<p>Cel pracy w AK jest to\u017csamy z ewangelizacyjnym programem duszpasterskiego dzia\u0142ania ca\u0142ego Ko\u015bcio\u0142a i opiera si\u0119 na zasadzie Instaurare omnia in Christo (Wszystko odnowi\u0107 w Chrystusie). Chodzi o przekszta\u0142canie wszystkich sfer \u017cycia ludzkiego zgodnie z wol\u0105 Jezusa Chrystusa. Cel ten zostanie osi\u0105gni\u0119ty na drodze wprowadzenia w \u017cycie znanej i sprawdzonej w praktyce metody: widzie\u0107, ocenia\u0107, dzia\u0142a\u0107. Cz\u0142onkowie AK podejmuj\u0105 konkretne dzia\u0142ania w r\u00f3\u017cnych dziedzinach \u017cycia, czerpi\u0105c inspiracj\u0119 z wiary i nauczania Ko\u015bcio\u0142a Katolickiego.<\/p>\n<p>W praktyce realizuj\u0105 swoje powo\u0142anie do apostolskiej obecno\u015bci ludzi wierz\u0105cych we wszystkich dziedzinach \u017cycia, pami\u0119taj\u0105c, \u017ce \u201ecz\u0142owiek jest pierwsz\u0105 i podstawow\u0105 drog\u0105 Ko\u015bcio\u0142a\u201d (por. Jan Pawe\u0142 II, Redemptor hominis, 14). Spo\u0142eczne cele \u017cycia parafialnego i diecezjalnego \u2013 to drugie zadanie AK. Wsp\u00f3lna ocena sytuacji w \u015bwietle wskaza\u0144 wiary i nauki Ko\u015bcio\u0142a Katolickiego pozwoli na wypracowanie dr\u00f3g wyj\u015bcia i naprawy rzeczywisto\u015bci spo\u0142ecznej i politycznej naszych \u015brodowisk na miar\u0119 cz\u0142owieka autentycznie odpowiedzialnego za ewangelizacj\u0119.<\/p>\n<p><strong>Spotkania odbywaj\u0105 si\u0119 w ka\u017cdy 2 pi\u0105tek miesi\u0105ca.<\/strong><\/p>\t\t\t\t\t\t\t\t<\/div>\n\t\t\t\t<\/div>\n\t\t\t\t\t<\/div>\n\t\t<\/div>\n\t\t\t\t\t<\/div>\n\t\t<\/section>\n\t\t\t\t<\/div>\n\t\t","protected":false},"excerpt":{"rendered":"<p>Niezast\u0105pionym \u015brodkiem formacji apostolskiej \u015bwieckich s\u0105 organizacje, stowarzyszenia i ruchy katolickie. W\u015br\u00f3d nich szczeg\u00f3lne miejsce zajmuje Akcja Katolicka, kt\u00f3ra kiedy\u015b w Polsce \u017cy\u0142a i przynios\u0142a tyle wspania\u0142ych owoc\u00f3w. Trzeba wi\u0119c, aby na nowo od\u017cy\u0142a. Bez niej bowiem infrastruktura zrzesze\u0144 katolickich w Polsce by\u0142aby niepe\u0142na (Jan Pawe\u0142 II do biskup\u00f3w polskich podczas wizyty \u201eAd limina apostolorum\u201d&hellip;&nbsp;<a href=\"https:\/\/wiazownica.przemyska.pl\/index.php\/grupy-parafialne\/akcja-katolicka\/\" rel=\"bookmark\">Dowiedz si\u0119 wi\u0119cej &raquo;<span class=\"screen-reader-text\">Akcja Katolicka<\/span><\/a><\/p>\n","protected":false},"author":1,"featured_media":0,"parent":435,"menu_order":0,"comment_status":"closed","ping_status":"closed","template":"","meta":{"neve_meta_sidebar":"","neve_meta_container":"","neve_meta_enable_content_width":"","neve_meta_content_width":0,"neve_meta_title_alignment":"","neve_meta_author_avatar":"","neve_post_elements_order":"","neve_meta_disable_header":"","neve_meta_disable_footer":"","neve_meta_disable_title":"","footnotes":""},"class_list":["post-439","page","type-page","status-publish","hentry"],"_links":{"self":[{"href":"https:\/\/wiazownica.przemyska.pl\/index.php\/wp-json\/wp\/v2\/pages\/439","targetHints":{"allow":["GET"]}}],"collection":[{"href":"https:\/\/wiazownica.przemyska.pl\/index.php\/wp-json\/wp\/v2\/pages"}],"about":[{"href":"https:\/\/wiazownica.przemyska.pl\/index.php\/wp-json\/wp\/v2\/types\/page"}],"author":[{"embeddable":true,"href":"https:\/\/wiazownica.przemyska.pl\/index.php\/wp-json\/wp\/v2\/users\/1"}],"replies":[{"embeddable":true,"href":"https:\/\/wiazownica.przemyska.pl\/index.php\/wp-json\/wp\/v2\/comments?post=439"}],"version-history":[{"count":12,"href":"https:\/\/wiazownica.przemyska.pl\/index.php\/wp-json\/wp\/v2\/pages\/439\/revisions"}],"predecessor-version":[{"id":2815,"href":"https:\/\/wiazownica.przemyska.pl\/index.php\/wp-json\/wp\/v2\/pages\/439\/revisions\/2815"}],"up":[{"embeddable":true,"href":"https:\/\/wiazownica.przemyska.pl\/index.php\/wp-json\/wp\/v2\/pages\/435"}],"wp:attachment":[{"href":"https:\/\/wiazownica.przemyska.pl\/index.php\/wp-json\/wp\/v2\/media?parent=439"}],"curies":[{"name":"wp","href":"https:\/\/api.w.org\/{rel}","templated":true}]}}