{"id":437,"date":"2022-03-07T11:33:39","date_gmt":"2022-03-07T10:33:39","guid":{"rendered":"https:\/\/wiazownica.przemyska.pl\/?page_id=437"},"modified":"2025-04-15T16:08:10","modified_gmt":"2025-04-15T14:08:10","slug":"rada-parafialna","status":"publish","type":"page","link":"https:\/\/wiazownica.przemyska.pl\/index.php\/parafia\/rada-parafialna\/","title":{"rendered":"Rada Parafialna"},"content":{"rendered":"\t\t<div data-elementor-type=\"wp-page\" data-elementor-id=\"437\" class=\"elementor elementor-437\">\n\t\t\t\t\t\t<section class=\"elementor-section elementor-top-section elementor-element elementor-element-5d857c37 elementor-section-boxed elementor-section-height-default elementor-section-height-default\" data-id=\"5d857c37\" data-element_type=\"section\" data-e-type=\"section\">\n\t\t\t\t\t\t<div class=\"elementor-container elementor-column-gap-default\">\n\t\t\t\t\t<div class=\"elementor-column elementor-col-100 elementor-top-column elementor-element elementor-element-c74881e\" data-id=\"c74881e\" data-element_type=\"column\" data-e-type=\"column\">\n\t\t\t<div class=\"elementor-widget-wrap elementor-element-populated\">\n\t\t\t\t\t\t<div class=\"elementor-element elementor-element-50d1f578 elementor-widget elementor-widget-text-editor\" data-id=\"50d1f578\" data-element_type=\"widget\" data-e-type=\"widget\" data-widget_type=\"text-editor.default\">\n\t\t\t\t<div class=\"elementor-widget-container\">\n\t\t\t\t\t\t\t\t\t<p>Sob\u00f3r Watyka\u0144ski II uczy, \u017ce zadaniem kap\u0142an\u00f3w jest u\u015bwiadomienie katolikom \u015bwieckim ich wsp\u00f3\u0142odpowiedzialno\u015bci za Ko\u015bci\u00f3\u0142. Wsp\u00f3lna odpowiedzialno\u015b\u0107 za Ko\u015bci\u00f3\u0142 zobowi\u0105zuje duszpasterzy, aby respektowali rol\u0119 \u015bwieckich, korzystali z ich rad i wsp\u00f3\u0142pracy oraz za zaufaniem powierzali im zadania w s\u0142u\u017cbie Ludu Bo\u017cego, przestrzegaj\u0105c zasady pomocniczo\u015bci, kt\u00f3ra domaga si\u0119, aby kap\u0142ani pozostawiali \u015bwieckim wykonywanie funkcji le\u017c\u0105cych w zakresie ich zdolno\u015bci i kompetencji (KK 37). W Dekrecie o Pos\u0142udze i \u017byciu Kap\u0142an\u00f3w (DK 9) czytamy: prezbiterzy niech ch\u0119tnie s\u0142uchaj\u0105 \u015bwieckich, rozwa\u017caj\u0105c po bratersku ich pragnienia i uznaj\u0105c ich do\u015bwiadczenie i kompetencje na r\u00f3\u017cnych polach ludzkiego dzia\u0142ania, aby razem z nimi mogli rozpozna\u0107 znaki czasu\u2026 i do nich dostosowa\u0107 form\u0119 duszpasterzowania. Jednym ze sposob\u00f3w umo\u017cliwienia \u015bwieckim prze\u017cycia tej odpowiedzialno\u015bci za Ko\u015bci\u00f3\u0142 oraz umo\u017cliwienia im zgodnej wsp\u00f3\u0142pracy ka\u017cdy na sw\u00f3j spos\u00f3b, ale dla wsp\u00f3lnego dzie\u0142a jest mi\u0119dzy innym Rada Parafialna.<\/p>\t\t\t\t\t\t\t\t<\/div>\n\t\t\t\t<\/div>\n\t\t\t\t\t<\/div>\n\t\t<\/div>\n\t\t\t\t\t<\/div>\n\t\t<\/section>\n\t\t\t\t<section class=\"elementor-section elementor-top-section elementor-element elementor-element-522cefd3 elementor-section-boxed elementor-section-height-default elementor-section-height-default\" data-id=\"522cefd3\" data-element_type=\"section\" data-e-type=\"section\">\n\t\t\t\t\t\t<div class=\"elementor-container elementor-column-gap-default\">\n\t\t\t\t\t<div class=\"elementor-column elementor-col-100 elementor-top-column elementor-element elementor-element-63101a46\" data-id=\"63101a46\" data-element_type=\"column\" data-e-type=\"column\">\n\t\t\t<div class=\"elementor-widget-wrap elementor-element-populated\">\n\t\t\t\t\t\t<div class=\"elementor-element elementor-element-1fd44a2e elementor-widget elementor-widget-text-editor\" data-id=\"1fd44a2e\" data-element_type=\"widget\" data-e-type=\"widget\" data-widget_type=\"text-editor.default\">\n\t\t\t\t<div class=\"elementor-widget-container\">\n\t\t\t\t\t\t\t\t\t<p><strong>Cz\u0142onkowie Rady Parafialnej wybrani w dniu 17.10.2021:<\/strong><\/p>\n<p><strong>Z urz\u0119du: <\/strong>ks. Jan Bober<br><strong>Z urz\u0119du: <\/strong>ks. Bart\u0142omiej Cipora<\/p>\n<p><strong>Przewodnicz\u0105cy Rady:<\/strong>&nbsp;Hry\u0144 Robert<br><strong>Skarbnik:<\/strong>&nbsp;P\u0142achetko Barbara<\/p>\n<p>Grabowski Waldemar<br>Babiarz Zbigniew<br>W\u0142och Pawe\u0142<br>Naspi\u0144ska Marta<br>K\u0142ak El\u017cbieta<br>Knap Ryszard<br>Socha Andrzej<br>Wicherek Dariusz<br>Pielach Marian<br>Korba Jan<br>Gamdzyk Hubert<\/p>\n<p><strong>Nielepkowice:<\/strong><br>Kipczak Jan<br>Sok\u00f3\u0142 Andrzej<br>Wysocka Katarzyna<\/p>\t\t\t\t\t\t\t\t<\/div>\n\t\t\t\t<\/div>\n\t\t\t\t\t<\/div>\n\t\t<\/div>\n\t\t\t\t\t<\/div>\n\t\t<\/section>\n\t\t\t\t<section class=\"elementor-section elementor-top-section elementor-element elementor-element-7f7654fc elementor-section-boxed elementor-section-height-default elementor-section-height-default\" data-id=\"7f7654fc\" data-element_type=\"section\" data-e-type=\"section\">\n\t\t\t\t\t\t<div class=\"elementor-container elementor-column-gap-default\">\n\t\t\t\t\t<div class=\"elementor-column elementor-col-100 elementor-top-column elementor-element elementor-element-6d0c5ef1\" data-id=\"6d0c5ef1\" data-element_type=\"column\" data-e-type=\"column\">\n\t\t\t<div class=\"elementor-widget-wrap elementor-element-populated\">\n\t\t\t\t\t\t<div class=\"elementor-element elementor-element-1449cc7e elementor-widget elementor-widget-text-editor\" data-id=\"1449cc7e\" data-element_type=\"widget\" data-e-type=\"widget\" data-widget_type=\"text-editor.default\">\n\t\t\t\t<div class=\"elementor-widget-container\">\n\t\t\t\t\t\t\t\t\t<p><strong>Czym jest Rada Parafialna?<br \/><\/strong>Rada Parafialna jest organem doradczym ksi\u0119dza Proboszcza i reprezentacj\u0105 wsp\u00f3lnoty parafialnej. Z jednej strony wspomaga ona i koordynuje organizacj\u0119 pracy duszpasterskiej, a z drugiej strony wyra\u017ca opini\u0119 o sprawach parafii oraz wysuwa propozycje dotycz\u0105ce r\u00f3\u017cnych form apostolstwa \u015bwieckich, dzia\u0142alno\u015bci charytatywnej i dzia\u0142alno\u015bci na rzecz wsp\u00f3lnoty parafialnej.<br \/>Wszystkie dzia\u0142ania duszpasterstwa parafialnego stara si\u0119 podejmowa\u0107 w duchu odpowiedzialno\u015bci razem z duszpasterzami, za parafi\u0119 i poziom jej \u017cycia religijnego oraz zgodnie z kan. 536 Kodeksu Prawa Kanonicznego. Stara si\u0119 te\u017c pomaga\u0107 duszpasterzom w rozeznaniu problem\u00f3w spo\u0142eczno-religijnych, wyst\u0119puj\u0105cych na terenie parafii tak, aby spe\u0142niali oni z nale\u017cytym skutkiem rol\u0119 przewodnik\u00f3w dla ludzi. Zmierza te\u017c do uaktywnienia poszczeg\u00f3lnych wiernych, zespo\u0142\u00f3w parafialnych i grup apostolskich.<\/p>\n<p><strong>Jakie zadania ma Rada Parafialna?<br \/><\/strong>Do zada\u0144 Rady nale\u017cy wyra\u017canie opinii w sprawach dotycz\u0105cych parafii oraz wysuwanie propozycji i wniosk\u00f3w zmierzaj\u0105cych do doskonalenia pracy parafialnej. Rada nie jest po to, by kierowa\u0107 parafi\u0105. Ma ona jednak g\u0142os doradczy w pot\u0119gowaniu dzia\u0142alno\u015bci pasterskiej. Cz\u0142onkowie Rady powinni dociera\u0107 do parafian stoj\u0105cych z dala od Ko\u015bcio\u0142a lub zachwianych w wierze. Rada winna omawia\u0107 sprawy materialno-gospodarcze parafii maj\u0105ce bezpo\u015bredni zwi\u0105zek, na przyk\u0142ad: ko\u015bci\u00f3\u0142 i jego otoczenie, kaplice, pomieszczenia i obiekty parafialne. Rada powinna wspiera\u0107 proboszcza w zarz\u0105dzaniu dobrami materialnymi parafii. Poniewa\u017c wykonywanie tych zada\u0144 wymaga od cz\u0142onk\u00f3w Rady dojrza\u0142o\u015bci duchowej i odpowiedniego poziomu religijnej wiedzy, to powinni oni stale pog\u0142\u0119bia\u0107 swoje \u017cycie wewn\u0119trzne i swoj\u0105 wiedz\u0119 poprzez czytanie Pisma \u015awi\u0119tego, s\u0142uchanie wyk\u0142ad\u00f3w, rekolekcje, itp\u2026<\/p>\n<p><strong>Spotkania odbywaj\u0105 si\u0119 w zale\u017cno\u015bci od potrzeby, minimum 2 razy w roku<\/strong><\/p>\t\t\t\t\t\t\t\t<\/div>\n\t\t\t\t<\/div>\n\t\t\t\t\t<\/div>\n\t\t<\/div>\n\t\t\t\t\t<\/div>\n\t\t<\/section>\n\t\t\t\t<\/div>\n\t\t","protected":false},"excerpt":{"rendered":"<p>Sob\u00f3r Watyka\u0144ski II uczy, \u017ce zadaniem kap\u0142an\u00f3w jest u\u015bwiadomienie katolikom \u015bwieckim ich wsp\u00f3\u0142odpowiedzialno\u015bci za Ko\u015bci\u00f3\u0142. Wsp\u00f3lna odpowiedzialno\u015b\u0107 za Ko\u015bci\u00f3\u0142 zobowi\u0105zuje duszpasterzy, aby respektowali rol\u0119 \u015bwieckich, korzystali z ich rad i wsp\u00f3\u0142pracy oraz za zaufaniem powierzali im zadania w s\u0142u\u017cbie Ludu Bo\u017cego, przestrzegaj\u0105c zasady pomocniczo\u015bci, kt\u00f3ra domaga si\u0119, aby kap\u0142ani pozostawiali \u015bwieckim wykonywanie funkcji le\u017c\u0105cych w&hellip;&nbsp;<a href=\"https:\/\/wiazownica.przemyska.pl\/index.php\/parafia\/rada-parafialna\/\" rel=\"bookmark\">Dowiedz si\u0119 wi\u0119cej &raquo;<span class=\"screen-reader-text\">Rada Parafialna<\/span><\/a><\/p>\n","protected":false},"author":1,"featured_media":0,"parent":415,"menu_order":0,"comment_status":"closed","ping_status":"closed","template":"","meta":{"neve_meta_sidebar":"default","neve_meta_container":"","neve_meta_enable_content_width":"","neve_meta_content_width":70,"neve_meta_title_alignment":"","neve_meta_author_avatar":"","neve_post_elements_order":"","neve_meta_disable_header":"","neve_meta_disable_footer":"","neve_meta_disable_title":"","footnotes":""},"class_list":["post-437","page","type-page","status-publish","hentry"],"_links":{"self":[{"href":"https:\/\/wiazownica.przemyska.pl\/index.php\/wp-json\/wp\/v2\/pages\/437","targetHints":{"allow":["GET"]}}],"collection":[{"href":"https:\/\/wiazownica.przemyska.pl\/index.php\/wp-json\/wp\/v2\/pages"}],"about":[{"href":"https:\/\/wiazownica.przemyska.pl\/index.php\/wp-json\/wp\/v2\/types\/page"}],"author":[{"embeddable":true,"href":"https:\/\/wiazownica.przemyska.pl\/index.php\/wp-json\/wp\/v2\/users\/1"}],"replies":[{"embeddable":true,"href":"https:\/\/wiazownica.przemyska.pl\/index.php\/wp-json\/wp\/v2\/comments?post=437"}],"version-history":[{"count":24,"href":"https:\/\/wiazownica.przemyska.pl\/index.php\/wp-json\/wp\/v2\/pages\/437\/revisions"}],"predecessor-version":[{"id":8434,"href":"https:\/\/wiazownica.przemyska.pl\/index.php\/wp-json\/wp\/v2\/pages\/437\/revisions\/8434"}],"up":[{"embeddable":true,"href":"https:\/\/wiazownica.przemyska.pl\/index.php\/wp-json\/wp\/v2\/pages\/415"}],"wp:attachment":[{"href":"https:\/\/wiazownica.przemyska.pl\/index.php\/wp-json\/wp\/v2\/media?parent=437"}],"curies":[{"name":"wp","href":"https:\/\/api.w.org\/{rel}","templated":true}]}}