{"id":431,"date":"2022-03-07T11:30:52","date_gmt":"2022-03-07T10:30:52","guid":{"rendered":"https:\/\/wiazownica.przemyska.pl\/?page_id=431"},"modified":"2022-03-27T14:51:57","modified_gmt":"2022-03-27T12:51:57","slug":"namaszczenie","status":"publish","type":"page","link":"https:\/\/wiazownica.przemyska.pl\/index.php\/sakramenty\/namaszczenie\/","title":{"rendered":"Namaszczenie chorych"},"content":{"rendered":"\t\t<div data-elementor-type=\"wp-page\" data-elementor-id=\"431\" class=\"elementor elementor-431\">\n\t\t\t\t\t\t<section class=\"elementor-section elementor-top-section elementor-element elementor-element-7a4889a8 elementor-section-boxed elementor-section-height-default elementor-section-height-default\" data-id=\"7a4889a8\" data-element_type=\"section\" data-e-type=\"section\">\n\t\t\t\t\t\t<div class=\"elementor-container elementor-column-gap-default\">\n\t\t\t\t\t<div class=\"elementor-column elementor-col-100 elementor-top-column elementor-element elementor-element-2ea0d4d1\" data-id=\"2ea0d4d1\" data-element_type=\"column\" data-e-type=\"column\">\n\t\t\t<div class=\"elementor-widget-wrap elementor-element-populated\">\n\t\t\t\t\t\t<div class=\"elementor-element elementor-element-17df407d elementor-widget elementor-widget-image\" data-id=\"17df407d\" data-element_type=\"widget\" data-e-type=\"widget\" data-widget_type=\"image.default\">\n\t\t\t\t<div class=\"elementor-widget-container\">\n\t\t\t\t\t\t\t\t\t\t\t\t\t\t\t<img fetchpriority=\"high\" decoding=\"async\" width=\"512\" height=\"347\" src=\"https:\/\/wiazownica.przemyska.pl\/wp-content\/uploads\/2022\/03\/namaszczenie.jpg\" class=\"attachment-large size-large wp-image-624\" alt=\"\" srcset=\"https:\/\/wiazownica.przemyska.pl\/wp-content\/uploads\/2022\/03\/namaszczenie.jpg 512w, https:\/\/wiazownica.przemyska.pl\/wp-content\/uploads\/2022\/03\/namaszczenie-300x203.jpg 300w\" sizes=\"(max-width: 512px) 100vw, 512px\" \/>\t\t\t\t\t\t\t\t\t\t\t\t\t\t\t<\/div>\n\t\t\t\t<\/div>\n\t\t\t\t\t<\/div>\n\t\t<\/div>\n\t\t\t\t\t<\/div>\n\t\t<\/section>\n\t\t\t\t<section class=\"elementor-section elementor-top-section elementor-element elementor-element-7602400d elementor-section-boxed elementor-section-height-default elementor-section-height-default\" data-id=\"7602400d\" data-element_type=\"section\" data-e-type=\"section\">\n\t\t\t\t\t\t<div class=\"elementor-container elementor-column-gap-default\">\n\t\t\t\t\t<div class=\"elementor-column elementor-col-100 elementor-top-column elementor-element elementor-element-50f3a911\" data-id=\"50f3a911\" data-element_type=\"column\" data-e-type=\"column\">\n\t\t\t<div class=\"elementor-widget-wrap elementor-element-populated\">\n\t\t\t\t\t\t<div class=\"elementor-element elementor-element-372cd5e0 elementor-widget elementor-widget-text-editor\" data-id=\"372cd5e0\" data-element_type=\"widget\" data-e-type=\"widget\" data-widget_type=\"text-editor.default\">\n\t\t\t\t<div class=\"elementor-widget-container\">\n\t\t\t\t\t\t\t\t\t<p>Sakrament namaszczenia chorych zaliczany jest do sakrament\u00f3w uzdrowienia. Najcz\u0119\u015bciej sprawowany jest przez kapelan\u00f3w szpitala, kt\u00f3rzy \u015bpiesz\u0105 z pomoc\u0105 duchow\u0105 osobom umieraj\u0105cym. Niemniej jednak nie jest to sakrament \u2013 jak zwyk\u0142o si\u0119 go dawniej okre\u015bla\u0107 \u2013 \u201eostatniego namaszczenia\u201d, lecz pomoc dla osoby chorej lub umieraj\u0105cej, dzi\u0119ki kt\u00f3rej Zmartwychwsta\u0142y Pan moc\u0105 swego Ducha uzdalnia wiernego do znoszenia choroby, wzgl\u0119dnie udziela \u0142aski spokojnego przej\u015bcia do \u017cycia wiecznego. Ko\u015bci\u00f3\u0142 wierzy i wyznaje, \u017ce w\u015br\u00f3d siedmiu sakrament\u00f3w istnieje ten jeden, specjalnie przeznaczony do umocnienia os\u00f3b dotkni\u0119tych chorob\u0105.<\/p>\n<p><strong>1. Kto mo\u017ce przyj\u0119\u0107 sakrament namaszczenia chorych?<br \/><\/strong>Sakrament namaszczenia chorych rodzi u niekt\u00f3rych katolik\u00f3w wiele l\u0119k\u00f3w i obaw, co wynika ze \u015bwiadomo\u015bci, \u017ce jest to ostatnia rzecz, kt\u00f3r\u0105 w \u017cyciu mo\u017cna otrzyma\u0107. Tymczasem sakramentu tego nie udziela si\u0119 jedynie konaj\u0105cym. Mo\u017ce go przyj\u0105\u0107 osoba powa\u017cnie chora, os\u0142abiona przez wiek lub udaj\u0105ca si\u0119 na powa\u017cn\u0105 operacj\u0119.<br \/>Namaszczenia nie udziela si\u0119 cz\u0142owiekowi, kt\u00f3ry ju\u017c umar\u0142. \u201eKap\u0142an wezwany do chorego, kt\u00f3ry ju\u017c umar\u0142, niech b\u0142aga Boga, aby go uwolni\u0142 od grzech\u00f3w i przyj\u0105\u0142 lito\u015bciwie do swego Kr\u00f3lestwa; namaszczenia natomiast niech nie udziela. Je\u015bli istnieje w\u0105tpliwo\u015b\u0107, czy chory zmar\u0142 naprawd\u0119, mo\u017ce mu udzieli\u0107 tego sakramentu warunkowo\u201d.<br \/>Sakrament ten mo\u017cna przyj\u0105\u0107 wielokrotnie, np. wtedy, gdy jaka\u015b osoba wiele razy popada w powa\u017cn\u0105 chorob\u0119. A zatem kto mo\u017ce przyj\u0105\u0107 ten sakrament?<br \/>Ka\u017cdy chory, je\u015bli choroba zagra\u017ca jego \u017cyciu, jest d\u0142ugotrwa\u0142a lub je\u015bli ochrzczony jest w podesz\u0142ym wieku. Zwyczajnie jest udzielany w domu chorego w ka\u017cdym czasie.<br \/>Chore dzieci mog\u0105 otrzyma\u0107 ten sakrament, je\u017celi maj\u0105 przynajmniej og\u00f3ln\u0105 \u015bwiadomo\u015b\u0107 dokonuj\u0105cych si\u0119 czynno\u015bci.<br \/>Chorzy, kt\u00f3rzy utracili przytomno\u015b\u0107, mog\u0105 otrzyma\u0107 namaszczenie, je\u017celi przypuszcza si\u0119, \u017ce poprosiliby o ten sakrament.<br \/>Je\u017celi nast\u0105pi\u0142a ju\u017c \u015bmier\u0107 biologiczna, sakramentu udziela\u0107 nie mo\u017cna. W tym przypadku pozostaje jedynie modlitwa za Zmar\u0142ego np. Koronka do Bo\u017cego Mi\u0142osierdzia.<br \/>Chory nie powinien zwleka\u0107 z przyj\u0119ciem sakramentu namaszczenia do ostatniej chwili \u017cycia, w poczuciu chrze\u015bcija\u0144skiej odpowiedzialno\u015bci rodzina chorego powinna powiadomi\u0107 ksi\u0119dza o potrzebie udzielenia tego sakramentu.<\/p>\n<p><strong>2. W jaki spos\u00f3b udziela si\u0119 ten sakrament?<br \/><\/strong>Sakramentu tego udziela kap\u0142an w ten spos\u00f3b, \u017ce namaszczaj\u0105c chorych na czole i d\u0142oniach olejami wymawia nast\u0119puj\u0105ce s\u0142owa:<br \/>Przez to \u015bwi\u0119te namaszczenie niech Pan w swoim niesko\u0144czonym mi\u0142osierdziu wspomo\u017ce ciebie \u0142ask\u0105 Ducha \u015awi\u0119tego. Amen.<br \/>Pan, kt\u00f3ry odpuszcza ci grzechy, niech ci\u0119 wybawi i \u0142askawie pod\u017awignie. Amen.<\/p>\n<p><strong>3. Jakie \u0142aski otrzymuje cz\u0142owiek w sakramencie namaszczenia chorych?<br \/><\/strong>Jak zosta\u0142o wspomniane powy\u017cej, sakrament chorych s\u0142u\u017cy nie tylko przygotowaniu cz\u0142owieka na \u015bmier\u0107, lecz r\u00f3wnie\u017c umacnia go w cierpieniach. \u201eCz\u0142owiek niebezpiecznie chory potrzebuje szczeg\u00f3lnej \u0142aski Bo\u017cej, aby pod wp\u0142ywem l\u0119ku nie upad\u0142 na duchu i podlegaj\u0105c pokusom nie zachwia\u0142 si\u0119 w wierze. Dlatego Chrystus w sakramencie namaszczenia daje swoim wiernym, dotkni\u0119tym choroba, pot\u0119\u017cn\u0105 moc i obron\u0119\u201d. \u201eSakrament ten udziela choremu \u0142aski Ducha \u015awi\u0119tego, kt\u00f3ra pomaga ca\u0142emu cz\u0142owiekowi do zbawienia, a mianowicie umacnia ufno\u015b\u0107 w Bogu, uzbraja przeciw pokusom szatana i trwodze \u015bmierci. Dzi\u0119ki tej pomocy chory mo\u017ce nie tylko znosi\u0107 dolegliwo\u015bci choroby, ale tak\u017ce je przezwyci\u0119\u017ca\u0107 i odzyska\u0107 zdrowie, je\u017celi to jest po\u017cyteczne dla zbawienia jego duszy. Je\u017celi jest to potrzebne, namaszczenie odpuszcza grzechy i staje si\u0119 dope\u0142nieniem chrze\u015bcija\u0144skiej pokuty\u201d.<br \/>Ko\u015bci\u00f3\u0142 zach\u0119ca wszystkich cierpi\u0105cych, chorych i umieraj\u0105cych, aby \u015bwiadomie \u0142\u0105czyli si\u0119 z m\u0119k\u0105 i \u015bmierci\u0105 Chrystusa i w ten spos\u00f3b przysparzali dobra ca\u0142emu ludowi Bo\u017cemu, przyczyniaj\u0105c si\u0119 do jego zbawienia.<\/p>\n<p><strong>4. Co nale\u017cy przygotowa\u0107, kiedy wzywamy kap\u0142ana do chorego?<br \/><\/strong>Przed przyj\u015bciem kap\u0142ana nale\u017cy przygotowa\u0107 stolik przykryty bia\u0142ym obrusem, na kt\u00f3rym stawia si\u0119 zapalone \u015bwiece, krzy\u017c, ewentualnie wod\u0119 \u015bwi\u0119con\u0105 i troch\u0119 waty. Je\u015bli nie ma wody \u015bwi\u0119conej, mo\u017cna u\u017cy\u0107 wody zwyk\u0142ej i poprosi\u0107 kap\u0142ana o jej po\u015bwi\u0119cenie. Na tak przygotowanym stoliku k\u0142adzie kap\u0142an Naj\u015bwi\u0119tszy Sakrament oraz oleje.<br \/>Przez sakrament namaszczenia Chrystus umacnia cierpi\u0105c\u0105 osob\u0119, w\u0142\u0105cza j\u0105 w tajemnic\u0119 swojej zbawczej m\u0119ki i \u015bmierci, odpuszcza jej grzechy i u\u015bwi\u0119ca j\u0105. Dzi\u0119ki \u0142asce tego sakramentu chory lub umieraj\u0105cy cz\u0142owiek zyskuje pomoc dla w\u0142asnego zbawienia, a r\u00f3wnocze\u015bnie przez swoje cierpienie i \u015bmier\u0107 przymna\u017ca r\u00f3\u017cnych zbawczych dar\u00f3w ca\u0142emu Ko\u015bcio\u0142owi.<\/p>\n<p><strong>Kilka podpowiedzi dla rodziny chorego:<\/strong><\/p>\n<p><strong>Przygotowanie chorego<br \/><\/strong>Najwa\u017cniejszy udzia\u0142 w niesieniu ulgi choremu maj\u0105 zawsze najbli\u017csi. To w\u0142a\u015bnie rodzina, krewni, prawdziwi przyjaciele oraz inni, kt\u00f3rzy z jakiegokolwiek tytu\u0142u podj\u0119li si\u0119 opieki nad chorym, maj\u0105 obowi\u0105zek moralny w por\u0119 poprosi\u0107 kap\u0142ana, aby przyby\u0142 udzieli\u0107 mu namaszczenia. Poza tym to oni winni chorego na to spotkanie przygotowa\u0107.<br \/>W pierwszym rz\u0119dzie, o ile to konieczne, nale\u017cy wyja\u015bni\u0107, \u017ce prosz\u0105c o sakrament wcale nie sugerujemy mu, i\u017c jego \u017cycie na ziemi ju\u017c si\u0119 ko\u0144czy. Gdyby\u015bmy za\u015b przeczuwali, i\u017c faktycznie mo\u017ce i to wkr\u00f3tce nast\u0105pi\u0107, tym bardziej z mi\u0142o\u015bci do bli\u017aniego i w imi\u0119 wiary w prawd\u0119 o \u017cyciu wiecznym trzeba mu u\u0142atwi\u0107 przej\u015bcie z tego \u015bwiata na tamten ze spokojnym sumieniem.<br \/>Opr\u00f3cz serdecznej rozmowy nasza rola mo\u017ce wi\u0105za\u0107 si\u0119 r\u00f3wnie\u017c z pomoc\u0105 w zrobieniu rachunku sumienia. Czasami konieczne b\u0119dzie tak\u017ce wsp\u00f3lne wzbudzenie \u017calu za grzechy.<br \/>Je\u015bli chory za\u017cywa lekarstwa albo nawet musi cz\u0119\u015bciej spo\u017cywa\u0107 posi\u0142ki, trzeba go uspokoi\u0107, \u017ce w jego szczeg\u00f3lnej sytuacji mo\u017ce skorzysta\u0107 z dyspensy od obowi\u0105zku zachowywania godzinnego postu eucharystycznego przed planowanym przyj\u0119ciem komunii \u015bwi\u0119tej.<br \/><strong>Przygotowanie mieszkania<br \/><\/strong>Przede wszystkim nale\u017cy tak wszystko przygotowa\u0107, aby osoba chora mog\u0142a si\u0119 czu\u0107 dobrze i nie kr\u0119powa\u0107 z \u017cadnego prozaicznego powodu. Pok\u00f3j, gdzie le\u017cy chory, winien by\u0107 wysprz\u0105tany i schludny.<br \/>St\u00f3\u0142, na kt\u00f3rym kap\u0142an po\u0142o\u017cy \u015bwi\u0119te oleje oraz Naj\u015bwi\u0119tszy Sakrament Cia\u0142a Chrystusa, nale\u017cy przykry\u0107 bia\u0142ym obrusem. Na \u015brodku, podobnie jak podczas kol\u0119dy, ustawiamy krzy\u017c, a obok zapalamy \u015bwiece.<br \/>Je\u015bli dysponujemy wod\u0105 \u015bwi\u0119con\u0105, wlewamy j\u0105 do naczynia i wraz z kropid\u0142em r\u00f3wnie\u017c umieszczamy na stole, aby kap\u0142an m\u00f3g\u0142 po\u015bwi\u0119ci\u0107 pok\u00f3j chorego. Cz\u0119sto duszpasterze dysponuj\u0105 w\u0142asnym kropid\u0142em z wod\u0105 \u015bwi\u0119con\u0105, wi\u0119c nie wpadajmy w panik\u0119, gdyby\u015bmy o tym zapomnieli. W \u017cadnym wypadku nie wolno do resztki wody \u015bwi\u0119conej dolewa\u0107 innej, na przyk\u0142ad z kranu, licz\u0105c, \u017ce si\u0119 jako\u015b \u201esamo po\u015bwi\u0119ci\u201d.<br \/><strong>Powiadomienie kap\u0142ana<br \/><\/strong>Najlepiej przyj\u015b\u0107 po kap\u0142ana osobi\u015bcie. Mo\u017cna te\u017c pro\u015bb\u0119 skierowa\u0107 przez telefon, ale w\u00f3wczas nie dziwmy si\u0119, gdy duszpasterz poprosi o podanie danych osobistych oraz numeru telefonu i za chwil\u0119 do nas oddzwoni \u2013 musi mie\u0107 pewno\u015b\u0107, z kim rozmawia. Rozmow\u0119 zaczynamy od przedstawienia si\u0119. Potem podajemy imi\u0119 i nazwisko chorego oraz jego adres zamieszkania. Informujemy r\u00f3wnie\u017c wyra\u017anie, czy chory jest nieprzytomny czy nie \u2013 od tego zale\u017cy, czy ksi\u0105dz zabiera ze sob\u0105 komuni\u0119 \u015bwi\u0119t\u0105, czy tylko same oleje. O inne szczeg\u00f3\u0142y nie musimy si\u0119 martwi\u0107. Je\u017celi ksi\u0105dz uzna za konieczne uzyskanie dodatkowych informacji, sam o nie zapyta.<br \/>Je\u015bli osobi\u015bcie powiadamiamy ksi\u0119dza, mo\u017ce si\u0119 zdarzy\u0107, \u017ce poprosi, aby zaczeka\u0107 i towarzyszy\u0107 mu w drodze do domu chorego. Starajmy si\u0119 w\u00f3wczas raczej i\u015b\u0107 lub jecha\u0107 w ciszy (zw\u0142aszcza, gdy ksi\u0105dz niesie Pana Jezusa w komunii \u015bwi\u0119tej). Naszym zadaniem jest wtedy wskazanie najkr\u00f3tszej drogi z ko\u015bcio\u0142a do miejsca pobytu chorego. Je\u017celi idziemy pieszo, dobrze jest pod\u0105\u017ca\u0107 nieco przed ksi\u0119dzem.<br \/><strong>Zachowanie rodziny chorego w trakcie wizyty ksi\u0119dza<br \/><\/strong>Poniewa\u017c sakrament namaszczenia chorych ma charakter wsp\u00f3lnotowy, wi\u0119c powinni w nim uczestniczy\u0107 wszyscy domownicy obecni w tym czasie w mieszkaniu. Dlatego te\u017c, gdy us\u0142yszymy lub zobaczymy, \u017ce ksi\u0105dz ju\u017c nadchodzi, winni\u015bmy przerwa\u0107 inne zaj\u0119cia i wyj\u015b\u0107 do drzwi na moment chrze\u015bcija\u0144skiego powitania: \u201eNiech b\u0119dzie pochwalony Jezus Chrystus. Na wieki wiek\u00f3w. Amen\u201d. W sytuacji, gdy kap\u0142an przychodzi do chorego, nios\u0105c Pana Jezusa w komunii \u015bwi\u0119tej, wszyscy na chwil\u0119 przykl\u0119kamy przynajmniej na jedno kolano.<br \/>Nast\u0119pnie wsp\u00f3lnie z ksi\u0119dzem przechodzimy do pokoju, gdzie oczekuje chory, i tam czynnie uczestniczymy w ca\u0142ym obrz\u0119dzie. Chodzi o wsp\u00f3ln\u0105, g\u0142o\u015bn\u0105 modlitw\u0119 i wyra\u017ane odpowiedzi na wezwania duszpasterza<br \/>Chorego pozostawiamy sam na sam z kap\u0142anem tylko na moment spowiedzi sakramentalnej. Wychodzimy w\u00f3wczas do s\u0105siednich pomieszcze\u0144 i pozostajemy tam w modlitewnym skupieniu (nie w\u0142\u0105czamy telewizora, komputera czy radia) a\u017c ponownie nie zostaniemy poproszeni na ci\u0105g dalszy sakramentu. Czas oczekiwania mo\u017cemy po\u015bwi\u0119ci\u0107 cho\u0107by na odm\u00f3wienie Litanii w intencji chorych.<br \/><strong>Czynno\u015bci po zako\u0144czeniu obrz\u0119d\u00f3w w domu chorego<br \/><\/strong>Zaraz po namaszczeniu chorego ksi\u0105dz \u2013 je\u015bli uzna to za potrzebne \u2013 mo\u017ce poprosi\u0107 o ciep\u0142\u0105 wod\u0119 do umycia r\u0105k. Na pewno dobrze jest mie\u0107 tak\u017ce przygotowan\u0105 szklank\u0119 z wod\u0105, aby da\u0107 choremu do popicia, o ile ten mia\u0142by k\u0142opoty z prze\u0142ykaniem, a wi\u0119c w tym wypadku ze spokojnym przyj\u0119ciem komunii \u015bwi\u0119tej.<br \/>Warto zapyta\u0107 ksi\u0119dza, jak\u0105 zada\u0142 pokut\u0119, aby m\u00f3c j\u0105 potem choremu przypomnie\u0107, a nawet wraz z nim j\u0105 odprawi\u0107. Je\u015bli nie zrobili\u015bmy tego wcze\u015bniej, to w\u0142a\u015bnie teraz mo\u017cemy da\u0107 duszpasterzowi kartk\u0119 z imieniem i nazwiskiem chorego, aby dokona\u0142 wpisu do ksi\u0119gi chorych.<br \/>Gdy chory powr\u00f3ci do zdrowia, dobrze b\u0119dzie poradzi\u0107 mu, aby z\u0142o\u017cy\u0142 Bogu nale\u017cyte podzi\u0119kowanie za otrzyman\u0105 \u0142ask\u0119 sakramentaln\u0105 na przyk\u0142ad przez uczestnictwo w dzi\u0119kczynnej Mszy \u015bwi\u0119tej. Natomiast gdyby chory nie m\u00f3g\u0142 tego uczyni\u0107 osobi\u015bcie, zast\u0105pmy go w tym sami. Pami\u0119tajmy o pochwale, jak\u0105 Jezus skierowa\u0142 do Samarytanina, kt\u00f3ry jako jedyny z dziesi\u0119ciu uzdrowionych tr\u0119dowatych okaza\u0142 Mu wdzi\u0119czno\u015b\u0107 (por. Ewangelia \u015bw. \u0141ukasza 17,11-19).<\/p>\n<p><em>Nauczanie Ko\u015bcio\u0142a Katolickiego na temat Eucharystii:<br \/><\/em><em>Katechizm Ko\u015bcio\u0142a Katolickiego pkt. 1499-1532.<br \/><\/em><em>Obowi\u0105zuj\u0105ce normy prawne:<br \/><\/em><em>Kodeks Prawa Kanonicznego kan. 998-1007.<\/em><\/p>\t\t\t\t\t\t\t\t<\/div>\n\t\t\t\t<\/div>\n\t\t\t\t\t<\/div>\n\t\t<\/div>\n\t\t\t\t\t<\/div>\n\t\t<\/section>\n\t\t\t\t<\/div>\n\t\t","protected":false},"excerpt":{"rendered":"<p>Sakrament namaszczenia chorych zaliczany jest do sakrament\u00f3w uzdrowienia. Najcz\u0119\u015bciej sprawowany jest przez kapelan\u00f3w szpitala, kt\u00f3rzy \u015bpiesz\u0105 z pomoc\u0105 duchow\u0105 osobom umieraj\u0105cym. Niemniej jednak nie jest to sakrament \u2013 jak zwyk\u0142o si\u0119 go dawniej okre\u015bla\u0107 \u2013 \u201eostatniego namaszczenia\u201d, lecz pomoc dla osoby chorej lub umieraj\u0105cej, dzi\u0119ki kt\u00f3rej Zmartwychwsta\u0142y Pan moc\u0105 swego Ducha uzdalnia wiernego do znoszenia&hellip;&nbsp;<a href=\"https:\/\/wiazownica.przemyska.pl\/index.php\/sakramenty\/namaszczenie\/\" rel=\"bookmark\">Dowiedz si\u0119 wi\u0119cej &raquo;<span class=\"screen-reader-text\">Namaszczenie chorych<\/span><\/a><\/p>\n","protected":false},"author":1,"featured_media":0,"parent":419,"menu_order":0,"comment_status":"closed","ping_status":"closed","template":"","meta":{"neve_meta_sidebar":"","neve_meta_container":"","neve_meta_enable_content_width":"","neve_meta_content_width":0,"neve_meta_title_alignment":"","neve_meta_author_avatar":"","neve_post_elements_order":"","neve_meta_disable_header":"","neve_meta_disable_footer":"","neve_meta_disable_title":"","footnotes":""},"class_list":["post-431","page","type-page","status-publish","hentry"],"_links":{"self":[{"href":"https:\/\/wiazownica.przemyska.pl\/index.php\/wp-json\/wp\/v2\/pages\/431","targetHints":{"allow":["GET"]}}],"collection":[{"href":"https:\/\/wiazownica.przemyska.pl\/index.php\/wp-json\/wp\/v2\/pages"}],"about":[{"href":"https:\/\/wiazownica.przemyska.pl\/index.php\/wp-json\/wp\/v2\/types\/page"}],"author":[{"embeddable":true,"href":"https:\/\/wiazownica.przemyska.pl\/index.php\/wp-json\/wp\/v2\/users\/1"}],"replies":[{"embeddable":true,"href":"https:\/\/wiazownica.przemyska.pl\/index.php\/wp-json\/wp\/v2\/comments?post=431"}],"version-history":[{"count":9,"href":"https:\/\/wiazownica.przemyska.pl\/index.php\/wp-json\/wp\/v2\/pages\/431\/revisions"}],"predecessor-version":[{"id":2894,"href":"https:\/\/wiazownica.przemyska.pl\/index.php\/wp-json\/wp\/v2\/pages\/431\/revisions\/2894"}],"up":[{"embeddable":true,"href":"https:\/\/wiazownica.przemyska.pl\/index.php\/wp-json\/wp\/v2\/pages\/419"}],"wp:attachment":[{"href":"https:\/\/wiazownica.przemyska.pl\/index.php\/wp-json\/wp\/v2\/media?parent=431"}],"curies":[{"name":"wp","href":"https:\/\/api.w.org\/{rel}","templated":true}]}}