{"id":429,"date":"2022-03-07T11:30:34","date_gmt":"2022-03-07T10:30:34","guid":{"rendered":"https:\/\/wiazownica.przemyska.pl\/?page_id=429"},"modified":"2022-03-27T14:51:13","modified_gmt":"2022-03-27T12:51:13","slug":"malzenstwo","status":"publish","type":"page","link":"https:\/\/wiazownica.przemyska.pl\/index.php\/sakramenty\/malzenstwo\/","title":{"rendered":"Ma\u0142\u017ce\u0144stwo"},"content":{"rendered":"\t\t<div data-elementor-type=\"wp-page\" data-elementor-id=\"429\" class=\"elementor elementor-429\">\n\t\t\t\t\t\t<section class=\"elementor-section elementor-top-section elementor-element elementor-element-61deedef elementor-section-boxed elementor-section-height-default elementor-section-height-default\" data-id=\"61deedef\" data-element_type=\"section\" data-e-type=\"section\">\n\t\t\t\t\t\t<div class=\"elementor-container elementor-column-gap-default\">\n\t\t\t\t\t<div class=\"elementor-column elementor-col-100 elementor-top-column elementor-element elementor-element-2b6fac6c\" data-id=\"2b6fac6c\" data-element_type=\"column\" data-e-type=\"column\">\n\t\t\t<div class=\"elementor-widget-wrap elementor-element-populated\">\n\t\t\t\t\t\t<div class=\"elementor-element elementor-element-30c3fb38 elementor-widget elementor-widget-image\" data-id=\"30c3fb38\" data-element_type=\"widget\" data-e-type=\"widget\" data-widget_type=\"image.default\">\n\t\t\t\t<div class=\"elementor-widget-container\">\n\t\t\t\t\t\t\t\t\t\t\t\t\t\t\t<img fetchpriority=\"high\" decoding=\"async\" width=\"550\" height=\"287\" src=\"https:\/\/wiazownica.przemyska.pl\/wp-content\/uploads\/2022\/03\/malzenstwo.webp\" class=\"attachment-large size-large wp-image-622\" alt=\"\" srcset=\"https:\/\/wiazownica.przemyska.pl\/wp-content\/uploads\/2022\/03\/malzenstwo.webp 550w, https:\/\/wiazownica.przemyska.pl\/wp-content\/uploads\/2022\/03\/malzenstwo-300x157.webp 300w\" sizes=\"(max-width: 550px) 100vw, 550px\" \/>\t\t\t\t\t\t\t\t\t\t\t\t\t\t\t<\/div>\n\t\t\t\t<\/div>\n\t\t\t\t\t<\/div>\n\t\t<\/div>\n\t\t\t\t\t<\/div>\n\t\t<\/section>\n\t\t\t\t<section class=\"elementor-section elementor-top-section elementor-element elementor-element-5676931e elementor-section-boxed elementor-section-height-default elementor-section-height-default\" data-id=\"5676931e\" data-element_type=\"section\" data-e-type=\"section\">\n\t\t\t\t\t\t<div class=\"elementor-container elementor-column-gap-default\">\n\t\t\t\t\t<div class=\"elementor-column elementor-col-100 elementor-top-column elementor-element elementor-element-7cde584f\" data-id=\"7cde584f\" data-element_type=\"column\" data-e-type=\"column\">\n\t\t\t<div class=\"elementor-widget-wrap elementor-element-populated\">\n\t\t\t\t\t\t<div class=\"elementor-element elementor-element-fa91569 elementor-widget elementor-widget-text-editor\" data-id=\"fa91569\" data-element_type=\"widget\" data-e-type=\"widget\" data-widget_type=\"text-editor.default\">\n\t\t\t\t<div class=\"elementor-widget-container\">\n\t\t\t\t\t\t\t\t\t<p><strong>Przygotowanie do sakramentu ma\u0142\u017ce\u0144stwa:<\/strong><\/p>\n<p>1. Warto podtrzyma\u0107 zwyczaj oficjalnych zar\u0119czyn, kt\u00f3re zawiera si\u0119 zwykle 6-12 miesi\u0119cy przed \u015blubem.<br \/>2. Nale\u017cy odpowiednio wcze\u015bnie zarezerwowa\u0107 dzie\u0144 i godzin\u0119 \u015blubu. Niekiedy warto uczyni\u0107 to nawet rok wcze\u015bniej.<br \/>3. Na oko\u0142o 3 miesi\u0105ce przed zawarciem sakramentu ma\u0142\u017ce\u0144stwa nale\u017cy um\u00f3wi\u0107 si\u0119 z Ksi\u0119dzem Proboszczem na spisanie protoko\u0142u przed\u015blubnego. Nale\u017cy przygotowa\u0107 i przynie\u015b\u0107 nast\u0119puj\u0105ce dokumenty:<br \/>&#8211; dowody osobiste narzeczonego i narzeczonej;<br \/>&#8211; \u015bwiadectwo uko\u0144czenia religii na poziomie szko\u0142y \u015bredniej, a najlepiej Indeks Formacji Katolickiej;<br \/>&#8211; \u015bwiadectwo chrztu z adnotacj\u0105 o przyj\u0119ciu sakramentu bierzmowania (wa\u017cne 3 miesi\u0105ce!);<br \/>&#8211; \u015bwiadectwo bierzmowania \u2013 je\u017celi brak takiej adnotacji o nim na \u015bwiadectwie chrztu;<br \/>&#8211; dokument z Urz\u0119du Stanu Cywilnego stwierdzaj\u0105cy brak przeszk\u00f3d do zawarcia ma\u0142\u017ce\u0144stwa konkordatowego (wa\u017cny 6 miesi\u0119cy!) lub dokument z USC o zawarciu ma\u0142\u017ce\u0144stwa cywilnego;<br \/>&#8211; \u015bwiadectwo uko\u0144czenia kursu przedma\u0142\u017ce\u0144skiego;<br \/>&#8211; \u015bwiadectwo odbycia nauk przed\u015blubnych w Poradni Rodzinnej.<br \/>4. Je\u017celi narzeczony lub narzeczona mieszkaj\u0105 poza terenem naszej Parafii, w\u00f3wczas przy spisywaniu protoko\u0142u przed\u015blubnego otrzymuje \u201ePro\u015bb\u0119 o wyg\u0142oszenie zapowiedzi\u201d, kt\u00f3r\u0105 dostarcza do parafii miejsca swojego zamieszkania.<br \/>5. Narzeczeni otrzymuj\u0105 tak\u017ce karteczk\u0119, na kt\u00f3rej odnotuj\u0105 dwie spowiedzi przed\u015blubne: pierwsz\u0105 ok. miesi\u0105ca przed zawarciem ma\u0142\u017ce\u0144stwa, drug\u0105 \u2013 bezpo\u015brednio przed \u015blubem, najlepiej w przededniu. Po ka\u017cdej z tych spowiedzi nale\u017cy poprosi\u0107 o podpis spowiednika, za\u015b przed jej rozpocz\u0119ciem zaznaczy\u0107, i\u017c jest to 1. lub 2. spowied\u017a przed\u015blubna.<br \/>6. Zasad\u0105 og\u00f3lnie przyj\u0119t\u0105 jest, \u017ce sakrament ma\u0142\u017ce\u0144stwa przyjmuje si\u0119 w parafii narzeczonej (wzgl\u0119dnie narzeczonego). Gdyby zaistnia\u0142a potrzeba zawarcia tego\u017c sakramentu poza w\u0142asn\u0105 parafi\u0105, w\u00f3wczas nale\u017cy uzyska\u0107 licencj\u0119 (zgod\u0119) na \u015blub w innym ko\u015bciele.<br \/>7. Zach\u0119ca si\u0119 narzeczonych, by wzi\u0119li czynny udzia\u0142 w przygotowaniu samej liturgii sakramentu ma\u0142\u017ce\u0144stwa. Pomo\u017ce to bardziej \u015bwiadomie, g\u0142\u0119biej i spokojniej prze\u017cy\u0107 jeden z najwa\u017cniejszych moment\u00f3w w \u017cyciu.<\/p>\n<p><em>Nauczanie Ko\u015bcio\u0142a Katolickiego na temat ma\u0142\u017ce\u0144stwa:<br \/><\/em><em>Katechizm Ko\u015bcio\u0142a Katolickiego pkt. 1601-1666.<br \/><\/em><em>Obowi\u0105zuj\u0105ce normy prawne:<br \/><\/em><em>Kodeks Prawa Kanonicznego kan. 1055-1165.<\/em><\/p>\t\t\t\t\t\t\t\t<\/div>\n\t\t\t\t<\/div>\n\t\t\t\t\t<\/div>\n\t\t<\/div>\n\t\t\t\t\t<\/div>\n\t\t<\/section>\n\t\t\t\t<\/div>\n\t\t","protected":false},"excerpt":{"rendered":"<p>Przygotowanie do sakramentu ma\u0142\u017ce\u0144stwa: 1. Warto podtrzyma\u0107 zwyczaj oficjalnych zar\u0119czyn, kt\u00f3re zawiera si\u0119 zwykle 6-12 miesi\u0119cy przed \u015blubem.2. Nale\u017cy odpowiednio wcze\u015bnie zarezerwowa\u0107 dzie\u0144 i godzin\u0119 \u015blubu. Niekiedy warto uczyni\u0107 to nawet rok wcze\u015bniej.3. Na oko\u0142o 3 miesi\u0105ce przed zawarciem sakramentu ma\u0142\u017ce\u0144stwa nale\u017cy um\u00f3wi\u0107 si\u0119 z Ksi\u0119dzem Proboszczem na spisanie protoko\u0142u przed\u015blubnego. Nale\u017cy przygotowa\u0107 i przynie\u015b\u0107&hellip;&nbsp;<a href=\"https:\/\/wiazownica.przemyska.pl\/index.php\/sakramenty\/malzenstwo\/\" rel=\"bookmark\">Dowiedz si\u0119 wi\u0119cej &raquo;<span class=\"screen-reader-text\">Ma\u0142\u017ce\u0144stwo<\/span><\/a><\/p>\n","protected":false},"author":1,"featured_media":0,"parent":419,"menu_order":0,"comment_status":"closed","ping_status":"closed","template":"","meta":{"neve_meta_sidebar":"","neve_meta_container":"","neve_meta_enable_content_width":"","neve_meta_content_width":0,"neve_meta_title_alignment":"","neve_meta_author_avatar":"","neve_post_elements_order":"","neve_meta_disable_header":"","neve_meta_disable_footer":"","neve_meta_disable_title":"","footnotes":""},"class_list":["post-429","page","type-page","status-publish","hentry"],"_links":{"self":[{"href":"https:\/\/wiazownica.przemyska.pl\/index.php\/wp-json\/wp\/v2\/pages\/429","targetHints":{"allow":["GET"]}}],"collection":[{"href":"https:\/\/wiazownica.przemyska.pl\/index.php\/wp-json\/wp\/v2\/pages"}],"about":[{"href":"https:\/\/wiazownica.przemyska.pl\/index.php\/wp-json\/wp\/v2\/types\/page"}],"author":[{"embeddable":true,"href":"https:\/\/wiazownica.przemyska.pl\/index.php\/wp-json\/wp\/v2\/users\/1"}],"replies":[{"embeddable":true,"href":"https:\/\/wiazownica.przemyska.pl\/index.php\/wp-json\/wp\/v2\/comments?post=429"}],"version-history":[{"count":9,"href":"https:\/\/wiazownica.przemyska.pl\/index.php\/wp-json\/wp\/v2\/pages\/429\/revisions"}],"predecessor-version":[{"id":2891,"href":"https:\/\/wiazownica.przemyska.pl\/index.php\/wp-json\/wp\/v2\/pages\/429\/revisions\/2891"}],"up":[{"embeddable":true,"href":"https:\/\/wiazownica.przemyska.pl\/index.php\/wp-json\/wp\/v2\/pages\/419"}],"wp:attachment":[{"href":"https:\/\/wiazownica.przemyska.pl\/index.php\/wp-json\/wp\/v2\/media?parent=429"}],"curies":[{"name":"wp","href":"https:\/\/api.w.org\/{rel}","templated":true}]}}