{"id":427,"date":"2022-03-07T11:30:18","date_gmt":"2022-03-07T10:30:18","guid":{"rendered":"https:\/\/wiazownica.przemyska.pl\/?page_id=427"},"modified":"2022-06-05T15:25:59","modified_gmt":"2022-06-05T13:25:59","slug":"spowiedz","status":"publish","type":"page","link":"https:\/\/wiazownica.przemyska.pl\/index.php\/sakramenty\/spowiedz\/","title":{"rendered":"Spowied\u017a"},"content":{"rendered":"\t\t<div data-elementor-type=\"wp-page\" data-elementor-id=\"427\" class=\"elementor elementor-427\">\n\t\t\t\t\t\t<section class=\"elementor-section elementor-top-section elementor-element elementor-element-4e104649 elementor-section-boxed elementor-section-height-default elementor-section-height-default\" data-id=\"4e104649\" data-element_type=\"section\" data-e-type=\"section\">\n\t\t\t\t\t\t<div class=\"elementor-container elementor-column-gap-default\">\n\t\t\t\t\t<div class=\"elementor-column elementor-col-100 elementor-top-column elementor-element elementor-element-518b39f5\" data-id=\"518b39f5\" data-element_type=\"column\" data-e-type=\"column\">\n\t\t\t<div class=\"elementor-widget-wrap elementor-element-populated\">\n\t\t\t\t\t\t<div class=\"elementor-element elementor-element-67ee7ce3 elementor-widget elementor-widget-image\" data-id=\"67ee7ce3\" data-element_type=\"widget\" data-e-type=\"widget\" data-widget_type=\"image.default\">\n\t\t\t\t<div class=\"elementor-widget-container\">\n\t\t\t\t\t\t\t\t\t\t\t\t\t\t\t<img fetchpriority=\"high\" decoding=\"async\" width=\"607\" height=\"356\" src=\"https:\/\/wiazownica.przemyska.pl\/wp-content\/uploads\/2022\/03\/spowiedz.webp\" class=\"attachment-large size-large wp-image-612\" alt=\"\" srcset=\"https:\/\/wiazownica.przemyska.pl\/wp-content\/uploads\/2022\/03\/spowiedz.webp 607w, https:\/\/wiazownica.przemyska.pl\/wp-content\/uploads\/2022\/03\/spowiedz-300x176.webp 300w\" sizes=\"(max-width: 607px) 100vw, 607px\" \/>\t\t\t\t\t\t\t\t\t\t\t\t\t\t\t<\/div>\n\t\t\t\t<\/div>\n\t\t\t\t\t<\/div>\n\t\t<\/div>\n\t\t\t\t\t<\/div>\n\t\t<\/section>\n\t\t\t\t<section class=\"elementor-section elementor-top-section elementor-element elementor-element-1b808f15 elementor-section-boxed elementor-section-height-default elementor-section-height-default\" data-id=\"1b808f15\" data-element_type=\"section\" data-e-type=\"section\">\n\t\t\t\t\t\t<div class=\"elementor-container elementor-column-gap-default\">\n\t\t\t\t\t<div class=\"elementor-column elementor-col-100 elementor-top-column elementor-element elementor-element-38247903\" data-id=\"38247903\" data-element_type=\"column\" data-e-type=\"column\">\n\t\t\t<div class=\"elementor-widget-wrap elementor-element-populated\">\n\t\t\t\t\t\t<div class=\"elementor-element elementor-element-390c64f7 elementor-widget elementor-widget-text-editor\" data-id=\"390c64f7\" data-element_type=\"widget\" data-e-type=\"widget\" data-widget_type=\"text-editor.default\">\n\t\t\t\t<div class=\"elementor-widget-container\">\n\t\t\t\t\t\t\t\t\t<p>Mo\u017cliwo\u015b\u0107 skorzystania z sakramentu pokuty istnieje codziennie:<br \/>\u2013 P\u00f3\u0142 godziny przed\u00a0wieczorn\u0105 msz\u0105 \u015bw.\u00a0w\u00a0dni powszednie<br \/>\u2013 15\u00a0min\u00a0przed\u00a0msz\u0105 \u015bw.\u00a0w\u00a0niedziel\u0119 i\u00a0porann\u0105 msz\u0105 \u015bw.\u00a0w\u00a0dni powszednie<\/p><p>W okresie Wielkiego Postu, Adwentu oraz z okazji odpust\u00f3w organizowana jest spowied\u017a dla ca\u0142ej wsp\u00f3lnoty parafialnej.<\/p><p><strong>Dobre prze\u017cycie sakramentu pokuty zale\u017cy od duchowego przygotowania i spe\u0142nienia 5 warunk\u00f3w dobrej spowiedzi:<\/strong><\/p><p>&#8211; Rachunek sumienia<br \/><span style=\"color: var( --e-global-color-nvtextcolor ); font-family: var( --e-global-typography-text-font-family ), Sans-serif; font-weight: var( --e-global-typography-text-font-weight ); background-color: var(--nv-site-bg); font-size: var(--bodyFontSize); letter-spacing: var(--bodyLetterSpacing); text-transform: var(--bodyTextTransform);\">&#8211; \u017bal za grzechy<br \/><\/span><span style=\"color: var( --e-global-color-nvtextcolor ); font-family: var( --e-global-typography-text-font-family ), Sans-serif; font-weight: var( --e-global-typography-text-font-weight ); background-color: var(--nv-site-bg); font-size: var(--bodyFontSize); letter-spacing: var(--bodyLetterSpacing); text-transform: var(--bodyTextTransform);\">&#8211; Mocne postanowienie poprawy<br \/><\/span><span style=\"color: var( --e-global-color-nvtextcolor ); font-family: var( --e-global-typography-text-font-family ), Sans-serif; font-weight: var( --e-global-typography-text-font-weight ); background-color: var(--nv-site-bg); font-size: var(--bodyFontSize); letter-spacing: var(--bodyLetterSpacing); text-transform: var(--bodyTextTransform);\">&#8211; Szczera spowied\u017a<br \/><\/span><span style=\"color: var( --e-global-color-nvtextcolor ); font-family: var( --e-global-typography-text-font-family ), Sans-serif; font-weight: var( --e-global-typography-text-font-weight ); background-color: var(--nv-site-bg); font-size: var(--bodyFontSize); letter-spacing: var(--bodyLetterSpacing); text-transform: var(--bodyTextTransform);\">&#8211; Zado\u015b\u0107uczynienie Panu Bogu i bli\u017aniemu<\/span><\/p><p>Warto o tych warunkach pami\u0119ta\u0107, gdy\u017c penitenci nie zawsze w\u0142a\u015bciwie je rozumiej\u0105 oraz cz\u0119sto pomijaj\u0105 w przygotowaniu i prze\u017cywaniu sakramentu pokuty i pojednania.<\/p><p><em>Nauczanie Ko\u015bcio\u0142a Katolickiego na temat sakramentu pokuty:<br \/><\/em><em style=\"color: var( --e-global-color-nvtextcolor ); font-family: var( --e-global-typography-text-font-family ), Sans-serif; font-weight: var( --e-global-typography-text-font-weight ); background-color: var(--nv-site-bg); font-size: var(--bodyFontSize); letter-spacing: var(--bodyLetterSpacing); text-transform: var(--bodyTextTransform);\">Katechizm Ko\u015bcio\u0142a Katolickiego pkt. 1420-1498.<\/em><\/p><p><em>Obowi\u0105zuj\u0105ce normy prawne:<br \/><\/em><em style=\"color: var( --e-global-color-nvtextcolor ); font-family: var( --e-global-typography-text-font-family ), Sans-serif; font-weight: var( --e-global-typography-text-font-weight ); background-color: var(--nv-site-bg); font-size: var(--bodyFontSize); letter-spacing: var(--bodyLetterSpacing); text-transform: var(--bodyTextTransform);\">Kodeks Prawa Kanonicznego kan. 959-997.<\/em><\/p>\t\t\t\t\t\t\t\t<\/div>\n\t\t\t\t<\/div>\n\t\t\t\t\t<\/div>\n\t\t<\/div>\n\t\t\t\t\t<\/div>\n\t\t<\/section>\n\t\t\t\t<\/div>\n\t\t","protected":false},"excerpt":{"rendered":"<p>Mo\u017cliwo\u015b\u0107 skorzystania z sakramentu pokuty istnieje codziennie:\u2013 P\u00f3\u0142 godziny przed\u00a0wieczorn\u0105 msz\u0105 \u015bw.\u00a0w\u00a0dni powszednie\u2013 15\u00a0min\u00a0przed\u00a0msz\u0105 \u015bw.\u00a0w\u00a0niedziel\u0119 i\u00a0porann\u0105 msz\u0105 \u015bw.\u00a0w\u00a0dni powszednie W okresie Wielkiego Postu, Adwentu oraz z okazji odpust\u00f3w organizowana jest spowied\u017a dla ca\u0142ej wsp\u00f3lnoty parafialnej. Dobre prze\u017cycie sakramentu pokuty zale\u017cy od duchowego przygotowania i spe\u0142nienia 5 warunk\u00f3w dobrej spowiedzi: &#8211; Rachunek sumienia&#8211; \u017bal za grzechy&#8211;&hellip;&nbsp;<a href=\"https:\/\/wiazownica.przemyska.pl\/index.php\/sakramenty\/spowiedz\/\" rel=\"bookmark\">Dowiedz si\u0119 wi\u0119cej &raquo;<span class=\"screen-reader-text\">Spowied\u017a<\/span><\/a><\/p>\n","protected":false},"author":1,"featured_media":0,"parent":419,"menu_order":0,"comment_status":"closed","ping_status":"closed","template":"","meta":{"neve_meta_sidebar":"","neve_meta_container":"","neve_meta_enable_content_width":"","neve_meta_content_width":0,"neve_meta_title_alignment":"","neve_meta_author_avatar":"","neve_post_elements_order":"","neve_meta_disable_header":"","neve_meta_disable_footer":"","neve_meta_disable_title":"","footnotes":""},"class_list":["post-427","page","type-page","status-publish","hentry"],"_links":{"self":[{"href":"https:\/\/wiazownica.przemyska.pl\/index.php\/wp-json\/wp\/v2\/pages\/427","targetHints":{"allow":["GET"]}}],"collection":[{"href":"https:\/\/wiazownica.przemyska.pl\/index.php\/wp-json\/wp\/v2\/pages"}],"about":[{"href":"https:\/\/wiazownica.przemyska.pl\/index.php\/wp-json\/wp\/v2\/types\/page"}],"author":[{"embeddable":true,"href":"https:\/\/wiazownica.przemyska.pl\/index.php\/wp-json\/wp\/v2\/users\/1"}],"replies":[{"embeddable":true,"href":"https:\/\/wiazownica.przemyska.pl\/index.php\/wp-json\/wp\/v2\/comments?post=427"}],"version-history":[{"count":13,"href":"https:\/\/wiazownica.przemyska.pl\/index.php\/wp-json\/wp\/v2\/pages\/427\/revisions"}],"predecessor-version":[{"id":3919,"href":"https:\/\/wiazownica.przemyska.pl\/index.php\/wp-json\/wp\/v2\/pages\/427\/revisions\/3919"}],"up":[{"embeddable":true,"href":"https:\/\/wiazownica.przemyska.pl\/index.php\/wp-json\/wp\/v2\/pages\/419"}],"wp:attachment":[{"href":"https:\/\/wiazownica.przemyska.pl\/index.php\/wp-json\/wp\/v2\/media?parent=427"}],"curies":[{"name":"wp","href":"https:\/\/api.w.org\/{rel}","templated":true}]}}