{"id":425,"date":"2022-03-07T11:29:28","date_gmt":"2022-03-07T10:29:28","guid":{"rendered":"https:\/\/wiazownica.przemyska.pl\/?page_id=425"},"modified":"2022-03-27T14:45:47","modified_gmt":"2022-03-27T12:45:47","slug":"bierzmowanie","status":"publish","type":"page","link":"https:\/\/wiazownica.przemyska.pl\/index.php\/sakramenty\/bierzmowanie\/","title":{"rendered":"Bierzmowanie"},"content":{"rendered":"\t\t<div data-elementor-type=\"wp-page\" data-elementor-id=\"425\" class=\"elementor elementor-425\">\n\t\t\t\t\t\t<section class=\"elementor-section elementor-top-section elementor-element elementor-element-687d2601 elementor-section-boxed elementor-section-height-default elementor-section-height-default\" data-id=\"687d2601\" data-element_type=\"section\" data-e-type=\"section\">\n\t\t\t\t\t\t<div class=\"elementor-container elementor-column-gap-default\">\n\t\t\t\t\t<div class=\"elementor-column elementor-col-100 elementor-top-column elementor-element elementor-element-75e21528\" data-id=\"75e21528\" data-element_type=\"column\" data-e-type=\"column\">\n\t\t\t<div class=\"elementor-widget-wrap elementor-element-populated\">\n\t\t\t\t\t\t<div class=\"elementor-element elementor-element-148eedd1 elementor-widget elementor-widget-image\" data-id=\"148eedd1\" data-element_type=\"widget\" data-e-type=\"widget\" data-widget_type=\"image.default\">\n\t\t\t\t<div class=\"elementor-widget-container\">\n\t\t\t\t\t\t\t\t\t\t\t\t\t\t\t<img fetchpriority=\"high\" decoding=\"async\" width=\"340\" height=\"197\" src=\"https:\/\/wiazownica.przemyska.pl\/wp-content\/uploads\/2022\/03\/bierzmowanie.jpg\" class=\"attachment-large size-large wp-image-618\" alt=\"\" srcset=\"https:\/\/wiazownica.przemyska.pl\/wp-content\/uploads\/2022\/03\/bierzmowanie.jpg 340w, https:\/\/wiazownica.przemyska.pl\/wp-content\/uploads\/2022\/03\/bierzmowanie-300x174.jpg 300w\" sizes=\"(max-width: 340px) 100vw, 340px\" \/>\t\t\t\t\t\t\t\t\t\t\t\t\t\t\t<\/div>\n\t\t\t\t<\/div>\n\t\t\t\t\t<\/div>\n\t\t<\/div>\n\t\t\t\t\t<\/div>\n\t\t<\/section>\n\t\t\t\t<section class=\"elementor-section elementor-top-section elementor-element elementor-element-7eef21cd elementor-section-boxed elementor-section-height-default elementor-section-height-default\" data-id=\"7eef21cd\" data-element_type=\"section\" data-e-type=\"section\">\n\t\t\t\t\t\t<div class=\"elementor-container elementor-column-gap-default\">\n\t\t\t\t\t<div class=\"elementor-column elementor-col-100 elementor-top-column elementor-element elementor-element-9128104\" data-id=\"9128104\" data-element_type=\"column\" data-e-type=\"column\">\n\t\t\t<div class=\"elementor-widget-wrap elementor-element-populated\">\n\t\t\t\t\t\t<div class=\"elementor-element elementor-element-234d2d19 elementor-widget elementor-widget-text-editor\" data-id=\"234d2d19\" data-element_type=\"widget\" data-e-type=\"widget\" data-widget_type=\"text-editor.default\">\n\t\t\t\t<div class=\"elementor-widget-container\">\n\t\t\t\t\t\t\t\t\t<p>Bierzmowanie okre\u015blane jest sakramentem dojrza\u0142o\u015bci chrze\u015bcija\u0144skiej. Od ludzi dojrza\u0142ych wymaga si\u0119 odpowiedzialno\u015bci, w tym przypadku \u2013 \u015bwiadomego i konsekwentnego praktykowania wiary. To nie mo\u017ce by\u0107 przymus (ze strony rodziny czy ksi\u0119dza), teatr czy pusta formalno\u015b\u0107. M\u0142ody cz\u0142owiek, kt\u00f3ry chce otrzyma\u0107 dary Ducha \u015awi\u0119tego, pog\u0142\u0119biaj\u0105ce wi\u0119\u017a z Bogiem i pomagaj\u0105ce aktywniej \u017cy\u0107 we wsp\u00f3lnocie Ko\u015bcio\u0142a, musi przekona\u0107 innych, \u017ce jest osob\u0105 modl\u0105c\u0105 si\u0119, formuj\u0105c\u0105 sumienie i prowadz\u0105c\u0105 szczere \u017cycie sakramentalne (zw\u0142aszcza poprzez regularn\u0105 spowied\u017a i pe\u0142ne uczestnictwo w Eucharystii).<\/p>\n<p><\/p>\n<p><strong>Czego wymaga si\u0119 od kandydata do bierzmowania?<\/strong><\/p>\n<p><\/p>\n<p>&#8211; Udzia\u0142 w katechezie szkolnej, kt\u00f3ra pozwoli pog\u0142\u0119bia\u0107 wiedz\u0119 religijn\u0105.<\/p>\n<p>&#8211; Udzia\u0142 w rekolekcjach zamkni\u0119tych przed bierzmowaniem.<\/p>\n<p>&#8211; Prowadzenie Indeksu Formacji Katolickiej.<\/p>\n<p>&#8211; Udzia\u0142 w trzyletniej parafialnej katechezie dla kandydat\u00f3w do bierzmowania, zwie\u0144czeniem kt\u00f3rej jest egzamin z wiedzy religijnej oraz rozmowa z ksi\u0119dzem odpowiedzialnym za przygotowanie do bierzmowania.<\/p>\n<p>&#8211; Udzia\u0142 w \u017cyciu religijnym parafii, tj. uczestnictwo: w nabo\u017ce\u0144stwach pa\u017adziernikowych i majowych, Drodze Krzy\u017cowej i Gorzkich \u017balach, rekolekcjach parafialnych.<\/p>\n<p>&#8211; Przedstawienie uzupe\u0142nionego Indeksu \u2013 wiedza i praktyki religijne np. comiesi\u0119czna spowied\u017a.<\/p>\n<p>&#8211; Wybranie i dostarczenie metryki chrztu, je\u015bli ten sakrament przyj\u0119ty by\u0142 w innej parafii ni\u017c aktualne zamieszkanie i przygotowanie do bierzmowania.<\/p>\n<p>&#8211; Udzia\u0142 w pr\u00f3bach przed bierzmowaniem.<\/p>\n<p>&#8211; Udzia\u0142 w nabo\u017ce\u0144stwie, podczas kt\u00f3rego udzielany jest ten sakrament i radosne przyj\u0119cie Dar\u00f3w Ducha \u015awi\u0119tego.<\/p>\n<p><\/p>\n<p>Istnieje mo\u017cliwo\u015b\u0107 przyj\u0119cia sakramentu bierzmowania przez osoby doros\u0142e. W tym przypadku nale\u017cy skontaktowa\u0107 si\u0119 z Ksi\u0119dzem Proboszczem i ustali\u0107 spos\u00f3b przygotowania do przyj\u0119cia tego sakramentu.<\/p>\n<p><\/p>\n<p><em>Nauczanie Ko\u015bcio\u0142a Katolickiego na temat bierzmowania:<br><\/em><em style=\"color: var( --e-global-color-nvtextcolor ); background-color: var(--nv-site-bg); font-size: var(--bodyFontSize); letter-spacing: var(--bodyLetterSpacing); text-transform: var(--bodyTextTransform);\">Katechizm Ko\u015bcio\u0142a Katolickiego pkt. 1285-1321.<\/em><\/p>\n<p><em>Obowi\u0105zuj\u0105ce normy prawne wg Kodeksu Prawa Kanonicznego:<br><\/em><em style=\"color: var( --e-global-color-nvtextcolor ); font-size: var(--bodyFontSize); letter-spacing: var(--bodyLetterSpacing); text-transform: var(--bodyTextTransform); background-color: var(--nv-site-bg);\">Ksi\u0119ga IV \u201eU\u015bwi\u0119caj\u0105ce zadania Ko\u015bcio\u0142a, Cz\u0119\u015b\u0107 I \u201eBierzmowanie\u201d, kan. 879-896.<\/em><\/p>\t\t\t\t\t\t\t\t<\/div>\n\t\t\t\t<\/div>\n\t\t\t\t\t<\/div>\n\t\t<\/div>\n\t\t\t\t\t<\/div>\n\t\t<\/section>\n\t\t\t\t<\/div>\n\t\t","protected":false},"excerpt":{"rendered":"<p>Bierzmowanie okre\u015blane jest sakramentem dojrza\u0142o\u015bci chrze\u015bcija\u0144skiej. Od ludzi dojrza\u0142ych wymaga si\u0119 odpowiedzialno\u015bci, w tym przypadku \u2013 \u015bwiadomego i konsekwentnego praktykowania wiary. To nie mo\u017ce by\u0107 przymus (ze strony rodziny czy ksi\u0119dza), teatr czy pusta formalno\u015b\u0107. M\u0142ody cz\u0142owiek, kt\u00f3ry chce otrzyma\u0107 dary Ducha \u015awi\u0119tego, pog\u0142\u0119biaj\u0105ce wi\u0119\u017a z Bogiem i pomagaj\u0105ce aktywniej \u017cy\u0107 we wsp\u00f3lnocie Ko\u015bcio\u0142a, musi&hellip;&nbsp;<a href=\"https:\/\/wiazownica.przemyska.pl\/index.php\/sakramenty\/bierzmowanie\/\" rel=\"bookmark\">Dowiedz si\u0119 wi\u0119cej &raquo;<span class=\"screen-reader-text\">Bierzmowanie<\/span><\/a><\/p>\n","protected":false},"author":1,"featured_media":0,"parent":419,"menu_order":0,"comment_status":"closed","ping_status":"closed","template":"","meta":{"neve_meta_sidebar":"","neve_meta_container":"","neve_meta_enable_content_width":"","neve_meta_content_width":0,"neve_meta_title_alignment":"","neve_meta_author_avatar":"","neve_post_elements_order":"","neve_meta_disable_header":"","neve_meta_disable_footer":"","neve_meta_disable_title":"","footnotes":""},"class_list":["post-425","page","type-page","status-publish","hentry"],"_links":{"self":[{"href":"https:\/\/wiazownica.przemyska.pl\/index.php\/wp-json\/wp\/v2\/pages\/425","targetHints":{"allow":["GET"]}}],"collection":[{"href":"https:\/\/wiazownica.przemyska.pl\/index.php\/wp-json\/wp\/v2\/pages"}],"about":[{"href":"https:\/\/wiazownica.przemyska.pl\/index.php\/wp-json\/wp\/v2\/types\/page"}],"author":[{"embeddable":true,"href":"https:\/\/wiazownica.przemyska.pl\/index.php\/wp-json\/wp\/v2\/users\/1"}],"replies":[{"embeddable":true,"href":"https:\/\/wiazownica.przemyska.pl\/index.php\/wp-json\/wp\/v2\/comments?post=425"}],"version-history":[{"count":9,"href":"https:\/\/wiazownica.przemyska.pl\/index.php\/wp-json\/wp\/v2\/pages\/425\/revisions"}],"predecessor-version":[{"id":2882,"href":"https:\/\/wiazownica.przemyska.pl\/index.php\/wp-json\/wp\/v2\/pages\/425\/revisions\/2882"}],"up":[{"embeddable":true,"href":"https:\/\/wiazownica.przemyska.pl\/index.php\/wp-json\/wp\/v2\/pages\/419"}],"wp:attachment":[{"href":"https:\/\/wiazownica.przemyska.pl\/index.php\/wp-json\/wp\/v2\/media?parent=425"}],"curies":[{"name":"wp","href":"https:\/\/api.w.org\/{rel}","templated":true}]}}