{"id":421,"date":"2022-03-07T11:26:47","date_gmt":"2022-03-07T10:26:47","guid":{"rendered":"https:\/\/wiazownica.przemyska.pl\/?page_id=421"},"modified":"2022-03-27T14:46:34","modified_gmt":"2022-03-27T12:46:34","slug":"chrzest","status":"publish","type":"page","link":"https:\/\/wiazownica.przemyska.pl\/index.php\/sakramenty\/chrzest\/","title":{"rendered":"Chrzest"},"content":{"rendered":"\t\t<div data-elementor-type=\"wp-page\" data-elementor-id=\"421\" class=\"elementor elementor-421\">\n\t\t\t\t\t\t<section class=\"elementor-section elementor-top-section elementor-element elementor-element-69e5e6f6 elementor-section-boxed elementor-section-height-default elementor-section-height-default\" data-id=\"69e5e6f6\" data-element_type=\"section\" data-e-type=\"section\">\n\t\t\t\t\t\t<div class=\"elementor-container elementor-column-gap-default\">\n\t\t\t\t\t<div class=\"elementor-column elementor-col-100 elementor-top-column elementor-element elementor-element-5b05c18f\" data-id=\"5b05c18f\" data-element_type=\"column\" data-e-type=\"column\">\n\t\t\t<div class=\"elementor-widget-wrap elementor-element-populated\">\n\t\t\t\t\t\t<div class=\"elementor-element elementor-element-71c1adbf elementor-widget elementor-widget-image\" data-id=\"71c1adbf\" data-element_type=\"widget\" data-e-type=\"widget\" data-widget_type=\"image.default\">\n\t\t\t\t<div class=\"elementor-widget-container\">\n\t\t\t\t\t\t\t\t\t\t\t\t\t\t\t<img fetchpriority=\"high\" decoding=\"async\" width=\"512\" height=\"329\" src=\"https:\/\/wiazownica.przemyska.pl\/wp-content\/uploads\/2022\/03\/chrzest.jpg\" class=\"attachment-large size-large wp-image-601\" alt=\"\" srcset=\"https:\/\/wiazownica.przemyska.pl\/wp-content\/uploads\/2022\/03\/chrzest.jpg 512w, https:\/\/wiazownica.przemyska.pl\/wp-content\/uploads\/2022\/03\/chrzest-300x193.jpg 300w\" sizes=\"(max-width: 512px) 100vw, 512px\" \/>\t\t\t\t\t\t\t\t\t\t\t\t\t\t\t<\/div>\n\t\t\t\t<\/div>\n\t\t\t\t\t<\/div>\n\t\t<\/div>\n\t\t\t\t\t<\/div>\n\t\t<\/section>\n\t\t\t\t<section class=\"elementor-section elementor-top-section elementor-element elementor-element-58f8cfbb elementor-section-boxed elementor-section-height-default elementor-section-height-default\" data-id=\"58f8cfbb\" data-element_type=\"section\" data-e-type=\"section\">\n\t\t\t\t\t\t<div class=\"elementor-container elementor-column-gap-default\">\n\t\t\t\t\t<div class=\"elementor-column elementor-col-100 elementor-top-column elementor-element elementor-element-1f10fbbf\" data-id=\"1f10fbbf\" data-element_type=\"column\" data-e-type=\"column\">\n\t\t\t<div class=\"elementor-widget-wrap elementor-element-populated\">\n\t\t\t\t\t\t<div class=\"elementor-element elementor-element-439d72a2 elementor-widget elementor-widget-text-editor\" data-id=\"439d72a2\" data-element_type=\"widget\" data-e-type=\"widget\" data-widget_type=\"text-editor.default\">\n\t\t\t\t<div class=\"elementor-widget-container\">\n\t\t\t\t\t\t\t\t\t<p><strong>Co nale\u017cy przygotowa\u0107, zanim udamy si\u0119 do kancelarii w sprawie chrztu?<\/strong><br \/><br \/>1. Wybra\u0107 imi\u0119 (imiona) dla dziecka. Najlepiej pos\u0142u\u017cy\u0107 si\u0119 katalogiem os\u00f3b \u015bwi\u0119tych, aby dziecko mia\u0142o \u015bwi\u0119tego patrona.<br \/>2. Wybra\u0107 matk\u0119 i ojca chrzestnego (maj\u0105 to by\u0107 osoby wierz\u0105ce i praktykuj\u0105ce) oraz zna\u0107 ich dane: nazwisko i imi\u0119, stan cywilny, wiek, data i miejsce \u015blubu ko\u015bcielnego, miejsce zamieszkania.<br \/>3. Posiada\u0107 \u015bwiadectwo urodzenia dziecka.<br \/>4. Zna\u0107 najwa\u017cniejsze dane dziecka i rodzic\u00f3w oraz planowane szczeg\u00f3\u0142y chrztu.<br \/>5. Rodzice chrzestni mieszkaj\u0105cy poza terenem naszej parafii s\u0105 zobowi\u0105zani uzyska\u0107 za\u015bwiadczenia, \u017ce s\u0105 wierz\u0105cymi i praktykuj\u0105cymi katolikami. Za\u015bwiadczenia takie wydaje kancelaria parafii, do kt\u00f3rej nale\u017c\u0105.<br \/>6. Rodzice i chrzestni powinni by\u0107 w stanie \u0142aski u\u015bwi\u0119caj\u0105cej, by m\u00f3c w pe\u0142ni uczestniczy\u0107 w Mszy \u015bw., podczas kt\u00f3rej zostanie udzielony sakrament chrztu. Zaleca si\u0119 zatem, aby przed chrztem dziecka skorzystali z sakramentu pokuty.<br \/>7. Podczas spotkania z rodzicami w kancelarii parafialnej omawiane s\u0105 g\u0142\u00f3wne tre\u015bci katechezy chrzcielnej.<\/p>\n<p><strong>Rodzicem chrzestnym mo\u017ce by\u0107 osoba, kt\u00f3ra:<\/strong><br \/><br \/>&#8211; ma uko\u0144czony 16 rok \u017cycia<br \/>&#8211; przyj\u0119\u0142a sakrament bierzmowania<br \/>&#8211; posiada za\u015bwiadczenie ze swojej parafii, \u017ce jest osob\u0105 wierz\u0105c\u0105 i praktykuj\u0105c\u0105 (osoby mieszkaj\u0105ce poza nasz\u0105 parafi\u0105)<br \/>&#8211; nie \u017cyje w zwi\u0105zku niesakramentalnym<br \/><br \/><em>Nauczanie Ko\u015bcio\u0142a Katolickiego na temat chrztu:<br \/>Katechizm Ko\u015bcio\u0142a Katolickiego pkt. 1210-1284.<br \/>Obowi\u0105zuj\u0105ce normy prawne wg Kodeksu Prawa Kanonicznego:<br \/>Ksi\u0119ga IV \u201eU\u015bwi\u0119caj\u0105ce zadania Ko\u015bcio\u0142a; cz\u0119\u015b\u0107 I \u201eChrzest\u201d; kan. 849-878.<\/em><\/p>\t\t\t\t\t\t\t\t<\/div>\n\t\t\t\t<\/div>\n\t\t\t\t\t<\/div>\n\t\t<\/div>\n\t\t\t\t\t<\/div>\n\t\t<\/section>\n\t\t\t\t<\/div>\n\t\t","protected":false},"excerpt":{"rendered":"<p>Co nale\u017cy przygotowa\u0107, zanim udamy si\u0119 do kancelarii w sprawie chrztu? 1. Wybra\u0107 imi\u0119 (imiona) dla dziecka. Najlepiej pos\u0142u\u017cy\u0107 si\u0119 katalogiem os\u00f3b \u015bwi\u0119tych, aby dziecko mia\u0142o \u015bwi\u0119tego patrona.2. Wybra\u0107 matk\u0119 i ojca chrzestnego (maj\u0105 to by\u0107 osoby wierz\u0105ce i praktykuj\u0105ce) oraz zna\u0107 ich dane: nazwisko i imi\u0119, stan cywilny, wiek, data i miejsce \u015blubu ko\u015bcielnego,&hellip;&nbsp;<a href=\"https:\/\/wiazownica.przemyska.pl\/index.php\/sakramenty\/chrzest\/\" rel=\"bookmark\">Dowiedz si\u0119 wi\u0119cej &raquo;<span class=\"screen-reader-text\">Chrzest<\/span><\/a><\/p>\n","protected":false},"author":1,"featured_media":0,"parent":419,"menu_order":0,"comment_status":"closed","ping_status":"closed","template":"","meta":{"neve_meta_sidebar":"default","neve_meta_container":"default","neve_meta_enable_content_width":"","neve_meta_content_width":70,"neve_meta_title_alignment":"","neve_meta_author_avatar":"","neve_post_elements_order":"","neve_meta_disable_header":"","neve_meta_disable_footer":"","neve_meta_disable_title":"","footnotes":""},"class_list":["post-421","page","type-page","status-publish","hentry"],"_links":{"self":[{"href":"https:\/\/wiazownica.przemyska.pl\/index.php\/wp-json\/wp\/v2\/pages\/421","targetHints":{"allow":["GET"]}}],"collection":[{"href":"https:\/\/wiazownica.przemyska.pl\/index.php\/wp-json\/wp\/v2\/pages"}],"about":[{"href":"https:\/\/wiazownica.przemyska.pl\/index.php\/wp-json\/wp\/v2\/types\/page"}],"author":[{"embeddable":true,"href":"https:\/\/wiazownica.przemyska.pl\/index.php\/wp-json\/wp\/v2\/users\/1"}],"replies":[{"embeddable":true,"href":"https:\/\/wiazownica.przemyska.pl\/index.php\/wp-json\/wp\/v2\/comments?post=421"}],"version-history":[{"count":14,"href":"https:\/\/wiazownica.przemyska.pl\/index.php\/wp-json\/wp\/v2\/pages\/421\/revisions"}],"predecessor-version":[{"id":2885,"href":"https:\/\/wiazownica.przemyska.pl\/index.php\/wp-json\/wp\/v2\/pages\/421\/revisions\/2885"}],"up":[{"embeddable":true,"href":"https:\/\/wiazownica.przemyska.pl\/index.php\/wp-json\/wp\/v2\/pages\/419"}],"wp:attachment":[{"href":"https:\/\/wiazownica.przemyska.pl\/index.php\/wp-json\/wp\/v2\/media?parent=421"}],"curies":[{"name":"wp","href":"https:\/\/api.w.org\/{rel}","templated":true}]}}