{"id":411,"date":"2022-03-07T11:20:21","date_gmt":"2022-03-07T10:20:21","guid":{"rendered":"https:\/\/wiazownica.przemyska.pl\/?page_id=411"},"modified":"2023-02-23T22:23:51","modified_gmt":"2023-02-23T21:23:51","slug":"nielepkowice-filia","status":"publish","type":"page","link":"https:\/\/wiazownica.przemyska.pl\/index.php\/parafia\/nielepkowice-filia\/","title":{"rendered":"Nielepkowice &#8211; filia"},"content":{"rendered":"\n<div class=\"wp-block-columns is-layout-flex wp-container-core-columns-is-layout-9d6595d7 wp-block-columns-is-layout-flex\">\n<div class=\"wp-block-column is-vertically-aligned-top is-layout-flow wp-block-column-is-layout-flow\" style=\"flex-basis:30%\"><div class=\"wp-block-image is-style-default\">\n<figure class=\"aligncenter size-full is-resized\"><img decoding=\"async\" src=\"https:\/\/wiazownica.przemyska.pl\/wp-content\/uploads\/2022\/03\/kaplica.jpg\" alt=\"\" class=\"wp-image-562\" width=\"-12\" height=\"-16\" srcset=\"https:\/\/wiazownica.przemyska.pl\/wp-content\/uploads\/2022\/03\/kaplica.jpg 384w, https:\/\/wiazownica.przemyska.pl\/wp-content\/uploads\/2022\/03\/kaplica-225x300.jpg 225w\" sizes=\"(max-width: 384px) 100vw, 384px\" \/><figcaption class=\"wp-element-caption\"><strong>Ko\u015bci\u00f3\u0142 filialny NMP Fatimskiej<\/strong><br><strong>w Nielepkowicach<\/strong><br><em>odpust 13 maja<\/em><br>Msza \u015bwi\u0119ta w niedziel\u0119<br>i uroczysto\u015bci: 10.30<\/figcaption><\/figure>\n<\/div>\n\n\n<div style=\"height:54px\" aria-hidden=\"true\" class=\"wp-block-spacer\"><\/div>\n<\/div>\n\n\n\n<div class=\"wp-block-column has-base-background-color has-background is-layout-flow wp-block-column-is-layout-flow\" style=\"flex-basis:70%\">\n<h4 style=\"padding-left: 40px;\"><span style=\"color: #003366;\"><strong>Naj\u015bwi\u0119tsza Maryja Panna Fatimska<\/strong><\/span><\/h4>\n<div style=\"padding-left: 40px;\">W 1916 r. w niewielkiej portugalskiej miejscowo\u015bci o nazwie Fatima tr\u00f3jce pobo\u017cnych dzieci: sze\u015bcioletniej Hiacyncie, jej o dwa lata starszemu bratu Franciszkowi oraz ich ciotecznej siostrze, dziewi\u0119cioletniej \u0141ucji, ukaza\u0142 si\u0119 Anio\u0142 Pokoju. Mia\u0142 on przygotowa\u0107 dzieci na przyj\u015bcie Maryi.<\/div>\n<div>&nbsp;<\/div>\n<div style=\"padding-left: 40px;\">Pierwsze objawienie Matki Naj\u015bwi\u0119tszej dokona\u0142o si\u0119 13 maja 1917 r. Cudowna Pani powiedzia\u0142a dzieciom: &#8222;Nie b\u00f3jcie si\u0119, nic z\u0142ego wam nie zrobi\u0119. Jestem z Nieba. Chc\u0119 was prosi\u0107, aby\u015bcie tu przychodzi\u0142y co miesi\u0105c o tej samej porze. W pa\u017adzierniku powiem wam, kim jestem i czego od was pragn\u0119. Odmawiajcie codziennie r\u00f3\u017caniec, aby wyprosi\u0107 pok\u00f3j dla \u015bwiata&#8221;. Podczas drugiego objawienia, 13 czerwca, Maryja obieca\u0142a zabra\u0107 wkr\u00f3tce do nieba Franciszka i Hiacynt\u0119. \u0141ucji powiedzia\u0142a, \u017ce Pan Jezus pragnie pos\u0142u\u017cy\u0107 si\u0119 jej osob\u0105, by Maryja by\u0142a bardziej znana i kochana, by ustanowi\u0107 nabo\u017ce\u0144stwo do Jej Niepokalanego Serca. Dusze, kt\u00f3re ofiaruj\u0105 si\u0119 Niepokalanemu Sercu Maryi, otrzymaj\u0105 ratunek, a B\u00f3g obdarzy je szczeg\u00f3ln\u0105 \u0142ask\u0105. Trzecie objawienie z 13 lipca przedstawia\u0142o wizj\u0119 piek\u0142a i zawiera\u0142o pro\u015bb\u0119 o odmawianie r\u00f3\u017ca\u0144ca.<\/div>\n<div>&nbsp;<\/div>\n<div style=\"padding-left: 40px;\"><img decoding=\"async\" class=\" wp-image-567 alignright\" src=\"https:\/\/wiazownica.przemyska.pl\/wp-content\/uploads\/2022\/03\/fatima-226x300.jpg\" alt=\"\" width=\"172\" height=\"228\" srcset=\"https:\/\/wiazownica.przemyska.pl\/wp-content\/uploads\/2022\/03\/fatima-226x300.jpg 226w, https:\/\/wiazownica.przemyska.pl\/wp-content\/uploads\/2022\/03\/fatima.jpg 386w\" sizes=\"(max-width: 172px) 100vw, 172px\" \/><\/div>\n<div>&nbsp;<\/div>\n<div style=\"padding-left: 40px;\">Nast\u0119pnego objawienia 13 sierpnia nie by\u0142o z powodu aresztowania dzieci. Pi\u0105te objawienie 13 wrze\u015bnia by\u0142o ponowieniem pro\u015bby o odmawianie r\u00f3\u017ca\u0144ca. Ostatnie, sz\u00f3ste objawienie dokona\u0142o si\u0119 13 pa\u017adziernika. Mimo deszczu i zimna w dolinie zgromadzi\u0142o si\u0119 70 tys. ludzi oczekuj\u0105cych na cud. Cudem s\u0142o\u0144ca Matka Bo\u017ca potwierdzi\u0142a prawdziwo\u015b\u0107 swoich objawie\u0144. Podczas tego objawienia powiedzia\u0142a: &#8222;Przysz\u0142am upomnie\u0107 ludzko\u015b\u0107, aby zmienia\u0142a \u017cycie i nie zasmuca\u0142a Boga ci\u0119\u017ckimi grzechami. Niech ludzie codziennie odmawiaj\u0105 r\u00f3\u017caniec i pokutuj\u0105 za grzechy&#8221;.<\/div>\n<div style=\"padding-left: 40px;\">&nbsp;<\/div>\n<div style=\"padding-left: 40px;\">Chocia\u017c objawienia Matki Bo\u017cej z Fatimy, jak wszystkie objawienia prywatne, nie nale\u017c\u0105 do depozytu wiary, s\u0105 przez wielu wierz\u0105cych otaczane szczeg\u00f3lnym szacunkiem. Zosta\u0142y one uznane przez Ko\u015bci\u00f3\u0142 za zgodne z Objawieniem. Dlatego mo\u017cemy, chocia\u017c nie musimy, czerpa\u0107 ze wskaz\u00f3wek i zach\u0119t przekazanych nam przez Maryj\u0119.&nbsp;<\/div>\n<div>&nbsp;<\/div>\n<div style=\"padding-left: 40px;\">Z objawieniami w Fatimie wi\u0105\u017c\u0105 si\u0119 tzw. trzy tajemnice fatimskie. Pierwsze dwie ujawniono ju\u017c kilkadziesi\u0105t lat temu; ostatni\u0105, trzeci\u0105 tajemnic\u0119, wok\u00f3\u0142 kt\u00f3rej naros\u0142o wiele kontrowersji i legend, \u015bw. Jan Pawe\u0142 II przedstawi\u0142 \u015bwiatu dopiero podczas swojej wizyty w Fatimie w maju 2000 r. Sam Ojciec \u015awi\u0119ty wielokrotnie podkre\u015bla\u0142, \u017ce opiece Matki Bo\u017cej z Fatimy zawdzi\u0119cza uratowanie podczas zamachu dokonanego na jego \u017cycie w\u0142a\u015bnie 13 maja 1981 r. na Placu \u015awi\u0119tego Piotra w Rzymie.<\/div>\n<div>&nbsp;<\/div>\n<\/div>\n<\/div>\n\n\n\n<p><\/p>\n\n\n<div class=\"n2-section-smartslider fitvidsignore  n2_clear\" data-ssid=\"32\"><div id=\"n2-ss-32-align\" class=\"n2-ss-align\"><div class=\"n2-padding\"><div id=\"n2-ss-32\" data-creator=\"Smart Slider 3\" data-responsive=\"auto\" class=\"n2-ss-slider n2-ow n2-has-hover n2notransition  \">\n\n\n\n\n\n<div class=\"n2-ss-slider-controls-side\"><div class=\"n2-ss-slider-controls n2-ss-slider-controls-left\"><div class=\"n2-ss-widget nextend-thumbnail nextend-thumbnail-default nextend-thumbnail-vertical n2-ow-all\" data-hide-mobileportrait=\"1\" style=\"height:100%;\" data-has-next=\"0\" data-has-previous=\"0\"><div class=\"nextend-thumbnail-inner n2-style-1166a132c16a10af6b30f0fd22a43f3c-simple \"><div class=\"nextend-thumbnail-scroller n2-align-content-start\" style=\"grid-template-columns:repeat(1, 1fr)\"><div class=\"n2-thumbnail-dot n2-style-8ad5048b81c3c254e5a4ea951ba18f46-dot \" data-slide-public-id=\"1\" role=\"button\" aria-label=\"kaplica\" tabindex=\"0\"><picture class=\"skip-lazy\" data-skip-lazy=\"1\"><img loading=\"lazy\" decoding=\"async\" alt=\"kaplica\" src=\"\/\/wiazownica.przemyska.pl\/wp-content\/uploads\/slider32\/kaplica.jpeg\" width=\"100\" height=\"100\" loading=\"lazy\" class=\"skip-lazy\" data-skip-lazy=\"1\" \/><\/picture><\/div><div class=\"n2-thumbnail-dot n2-style-8ad5048b81c3c254e5a4ea951ba18f46-dot \" data-slide-public-id=\"2\" role=\"button\" aria-label=\"abxh_001\" tabindex=\"0\"><picture class=\"skip-lazy\" data-skip-lazy=\"1\"><img loading=\"lazy\" decoding=\"async\" alt=\"abxh_001\" src=\"\/\/wiazownica.przemyska.pl\/wp-content\/uploads\/slider32\/abxh_001.jpeg\" width=\"100\" height=\"100\" loading=\"lazy\" class=\"skip-lazy\" data-skip-lazy=\"1\" \/><\/picture><\/div><div class=\"n2-thumbnail-dot n2-style-8ad5048b81c3c254e5a4ea951ba18f46-dot \" data-slide-public-id=\"3\" role=\"button\" aria-label=\"abxh_003\" tabindex=\"0\"><picture class=\"skip-lazy\" data-skip-lazy=\"1\"><img loading=\"lazy\" decoding=\"async\" alt=\"abxh_003\" src=\"\/\/wiazownica.przemyska.pl\/wp-content\/uploads\/slider32\/abxh_003.jpeg\" width=\"100\" height=\"100\" loading=\"lazy\" class=\"skip-lazy\" data-skip-lazy=\"1\" \/><\/picture><\/div><div class=\"n2-thumbnail-dot n2-style-8ad5048b81c3c254e5a4ea951ba18f46-dot \" data-slide-public-id=\"4\" role=\"button\" aria-label=\"abxh_010\" tabindex=\"0\"><picture class=\"skip-lazy\" data-skip-lazy=\"1\"><img loading=\"lazy\" decoding=\"async\" alt=\"abxh_010\" src=\"\/\/wiazownica.przemyska.pl\/wp-content\/uploads\/slider32\/abxh_010.jpeg\" width=\"100\" height=\"100\" loading=\"lazy\" class=\"skip-lazy\" data-skip-lazy=\"1\" \/><\/picture><\/div><div class=\"n2-thumbnail-dot n2-style-8ad5048b81c3c254e5a4ea951ba18f46-dot \" data-slide-public-id=\"5\" role=\"button\" aria-label=\"abxh_012\" tabindex=\"0\"><picture class=\"skip-lazy\" data-skip-lazy=\"1\"><img loading=\"lazy\" decoding=\"async\" alt=\"abxh_012\" src=\"\/\/wiazownica.przemyska.pl\/wp-content\/uploads\/slider32\/abxh_012.jpeg\" width=\"100\" height=\"100\" loading=\"lazy\" class=\"skip-lazy\" data-skip-lazy=\"1\" \/><\/picture><\/div><\/div><\/div><div class=\"nextend-thumbnail-button nextend-thumbnail-previous\"><img loading=\"lazy\" decoding=\"async\" width=\"26\" height=\"26\" style=\"width:26px;\" loading=\"lazy\" class=\"skip-lazy\" data-skip-lazy=\"1\" src=\"data:image\/svg+xml;base64,PHN2ZyB3aWR0aD0iMjYiIGhlaWdodD0iMjYiIHhtbG5zPSJodHRwOi8vd3d3LnczLm9yZy8yMDAwL3N2ZyI+CiAgICA8ZyBmaWxsPSJub25lIiBmaWxsLXJ1bGU9ImV2ZW5vZGQiPgogICAgICAgIDxjaXJjbGUgc3Ryb2tlPSIjZmZmIiBzdHJva2Utd2lkdGg9IjIiIG9wYWNpdHk9Ii41IiBmaWxsPSIjMDAwIiBjeD0iMTMiIGN5PSIxMyIgcj0iMTIiLz4KICAgICAgICA8cGF0aCBkPSJNMTMuNDM1IDkuMTc4Yy0uMTI2LS4xMjEtLjI3LS4xODItLjQzNi0uMTgyLS4xNjQgMC0uMzA2LjA2MS0uNDI4LjE4MmwtNC4zOCA0LjE3NWMtLjEyNi4xMjEtLjE4OC4yNjItLjE4OC40MjQgMCAuMTYxLjA2Mi4zMDIuMTg4LjQyM2wuNjUuNjIyYy4xMjYuMTIxLjI3My4xODIuNDQxLjE4Mi4xNyAwIC4zMTQtLjA2MS40MzYtLjE4MmwzLjMxNC0zLjE2MSAzLjI0OSAzLjE2MWMuMTI2LjEyMS4yNjkuMTgyLjQzMi4xODIuMTY0IDAgLjMwNy0uMDYxLjQzMy0uMTgybC42NjItLjYyMmMuMTI2LS4xMjEuMTg5LS4yNjIuMTg5LS40MjMgMC0uMTYyLS4wNjMtLjMwMy0uMTg5LS40MjRsLTQuMzczLTQuMTc1eiIKICAgICAgICAgICAgICBmaWxsPSIjZmZmIi8+CiAgICA8L2c+Cjwvc3ZnPg==\" alt=\"previous arrow\"><\/div><div class=\"nextend-thumbnail-button nextend-thumbnail-next\"><img loading=\"lazy\" decoding=\"async\" width=\"26\" height=\"26\" style=\"width:26px;\" loading=\"lazy\" class=\"skip-lazy\" data-skip-lazy=\"1\" src=\"data:image\/svg+xml;base64,PHN2ZyB4bWxucz0iaHR0cDovL3d3dy53My5vcmcvMjAwMC9zdmciIHdpZHRoPSIyNiIgaGVpZ2h0PSIyNiI+CiAgICA8ZyBmaWxsPSJub25lIj4KICAgICAgICA8Y2lyY2xlIGN4PSIxMyIgY3k9IjEzIiByPSIxMiIgZmlsbD0iIzAwMCIgc3Ryb2tlPSIjZmZmIiBzdHJva2Utd2lkdGg9IjIiIG9wYWNpdHk9Ii41Ii8+CiAgICAgICAgPHBhdGggZmlsbD0iI2ZmZiIKICAgICAgICAgICAgICBkPSJNMTIuNTY1IDE2LjgyMmMuMTI2LjEyLjI3LjE4Mi40MzYuMTgyLjE2OCAwIC4zMS0uMDYuNDMtLjE4Mmw0LjM4LTQuMTc1Yy4xMjgtLjEyLjE5LS4yNjIuMTktLjQyNCAwLS4xNi0uMDYyLS4zMDItLjE5LS40MjNsLS42NS0uNjIyYy0uMTI1LS4xMi0uMjcyLS4xODItLjQ0LS4xODItLjE3IDAtLjMxNC4wNi0uNDM2LjE4MmwtMy4zMTQgMy4xNi0zLjI1LTMuMTZjLS4xMjYtLjEyLS4yNy0uMTgyLS40My0uMTgyLS4xNjYgMC0uMzEuMDYtLjQzNS4xODJsLS42NjIuNjIyYy0uMTI2LjEyLS4xOS4yNjItLjE5LjQyMyAwIC4xNjIuMDY0LjMwMy4xOS40MjRsNC4zNzMgNC4xNzV6Ii8+CiAgICA8L2c+Cjwvc3ZnPg==\" alt=\"next arrow\"><\/div><\/div><\/div><div class=\"n2-ss-slider-wrapper-inside\">\n        <div class=\"n2-ss-slider-1 n2_ss__touch_element n2-ow\">\n            <div class=\"n2-ss-slider-2 n2-ow\">\n                                                    <div class=\"n2-ss-background-animation n2-ow\"><\/div>\n                                <div class=\"n2-ss-slider-3 n2-ow\">\n\n                    <div class=\"n2-ss-slide-backgrounds n2-ow-all\"><div class=\"n2-ss-slide-background\" data-public-id=\"1\" data-mode=\"fit\"><div class=\"n2-ss-slide-background-image\" data-blur=\"0\" data-opacity=\"100\" data-x=\"50\" data-y=\"50\" data-alt=\"\" data-title=\"\"><picture class=\"skip-lazy\" data-skip-lazy=\"1\"><img decoding=\"async\" src=\"\/\/wiazownica.przemyska.pl\/wp-content\/uploads\/slider32\/kaplica.jpeg\" alt=\"\" title=\"\" loading=\"lazy\" class=\"skip-lazy\" data-skip-lazy=\"1\"><\/picture><\/div><div data-color=\"RGBA(255,255,255,0)\" style=\"background-color: RGBA(255,255,255,0);\" class=\"n2-ss-slide-background-color\"><\/div><\/div><div class=\"n2-ss-slide-background\" data-public-id=\"2\" data-mode=\"fit\" aria-hidden=\"true\"><div class=\"n2-ss-slide-background-image\" data-blur=\"0\" data-opacity=\"100\" data-x=\"50\" data-y=\"50\" data-alt=\"\" data-title=\"\"><picture class=\"skip-lazy\" data-skip-lazy=\"1\"><img decoding=\"async\" src=\"\/\/wiazownica.przemyska.pl\/wp-content\/uploads\/slider32\/abxh_001.jpeg\" alt=\"\" title=\"\" loading=\"lazy\" class=\"skip-lazy\" data-skip-lazy=\"1\"><\/picture><\/div><div data-color=\"RGBA(255,255,255,0)\" style=\"background-color: RGBA(255,255,255,0);\" class=\"n2-ss-slide-background-color\"><\/div><\/div><div class=\"n2-ss-slide-background\" data-public-id=\"3\" data-mode=\"fit\" aria-hidden=\"true\"><div class=\"n2-ss-slide-background-image\" data-blur=\"0\" data-opacity=\"100\" data-x=\"50\" data-y=\"50\" data-alt=\"\" data-title=\"\"><picture class=\"skip-lazy\" data-skip-lazy=\"1\"><img decoding=\"async\" src=\"\/\/wiazownica.przemyska.pl\/wp-content\/uploads\/slider32\/abxh_003.jpeg\" alt=\"\" title=\"\" loading=\"lazy\" class=\"skip-lazy\" data-skip-lazy=\"1\"><\/picture><\/div><div data-color=\"RGBA(255,255,255,0)\" style=\"background-color: RGBA(255,255,255,0);\" class=\"n2-ss-slide-background-color\"><\/div><\/div><div class=\"n2-ss-slide-background\" data-public-id=\"4\" data-mode=\"fit\" aria-hidden=\"true\"><div class=\"n2-ss-slide-background-image\" data-blur=\"0\" data-opacity=\"100\" data-x=\"50\" data-y=\"50\" data-alt=\"\" data-title=\"\"><picture class=\"skip-lazy\" data-skip-lazy=\"1\"><img decoding=\"async\" src=\"\/\/wiazownica.przemyska.pl\/wp-content\/uploads\/slider32\/abxh_010.jpeg\" alt=\"\" title=\"\" loading=\"lazy\" class=\"skip-lazy\" data-skip-lazy=\"1\"><\/picture><\/div><div data-color=\"RGBA(255,255,255,0)\" style=\"background-color: RGBA(255,255,255,0);\" class=\"n2-ss-slide-background-color\"><\/div><\/div><div class=\"n2-ss-slide-background\" data-public-id=\"5\" data-mode=\"fit\" aria-hidden=\"true\"><div class=\"n2-ss-slide-background-image\" data-blur=\"0\" data-opacity=\"100\" data-x=\"50\" data-y=\"50\" data-alt=\"\" data-title=\"\"><picture class=\"skip-lazy\" data-skip-lazy=\"1\"><img decoding=\"async\" src=\"\/\/wiazownica.przemyska.pl\/wp-content\/uploads\/slider32\/abxh_012.jpeg\" alt=\"\" title=\"\" loading=\"lazy\" class=\"skip-lazy\" data-skip-lazy=\"1\"><\/picture><\/div><div data-color=\"RGBA(255,255,255,0)\" style=\"background-color: RGBA(255,255,255,0);\" class=\"n2-ss-slide-background-color\"><\/div><\/div><\/div>                    <div class=\"n2-ss-slider-4 n2-ow\">\n                        <svg xmlns=\"http:\/\/www.w3.org\/2000\/svg\" viewBox=\"0 0 800 500\" data-related-device=\"desktopPortrait\" class=\"n2-ow n2-ss-preserve-size n2-ss-preserve-size--slider n2-ss-slide-limiter\"><\/svg><div data-first=\"1\" data-slide-duration=\"0\" data-id=\"1015\" data-slide-public-id=\"1\" data-title=\"kaplica\" class=\"n2-ss-slide n2-ow  n2-ss-slide-1015\"><div role=\"note\" class=\"n2-ss-slide--focus\" tabindex=\"-1\">kaplica<\/div><div class=\"n2-ss-layers-container n2-ss-slide-limiter n2-ow\"><div class=\"n2-ss-layer n2-ow n-uc-jdACd2vacN4U\" data-sstype=\"slide\" data-pm=\"default\"><\/div><\/div><\/div><div data-slide-duration=\"0\" data-id=\"1016\" data-slide-public-id=\"2\" aria-hidden=\"true\" data-title=\"abxh_001\" class=\"n2-ss-slide n2-ow  n2-ss-slide-1016\"><div role=\"note\" class=\"n2-ss-slide--focus\" tabindex=\"-1\">abxh_001<\/div><div class=\"n2-ss-layers-container n2-ss-slide-limiter n2-ow\"><div class=\"n2-ss-layer n2-ow n-uc-jUO8qJFHTqAx\" data-sstype=\"slide\" data-pm=\"default\"><\/div><\/div><\/div><div data-slide-duration=\"0\" data-id=\"1017\" data-slide-public-id=\"3\" aria-hidden=\"true\" data-title=\"abxh_003\" class=\"n2-ss-slide n2-ow  n2-ss-slide-1017\"><div role=\"note\" class=\"n2-ss-slide--focus\" tabindex=\"-1\">abxh_003<\/div><div class=\"n2-ss-layers-container n2-ss-slide-limiter n2-ow\"><div class=\"n2-ss-layer n2-ow n-uc-Q8gOrQFBqpjz\" data-sstype=\"slide\" data-pm=\"default\"><\/div><\/div><\/div><div data-slide-duration=\"0\" data-id=\"1018\" data-slide-public-id=\"4\" aria-hidden=\"true\" data-title=\"abxh_010\" class=\"n2-ss-slide n2-ow  n2-ss-slide-1018\"><div role=\"note\" class=\"n2-ss-slide--focus\" tabindex=\"-1\">abxh_010<\/div><div class=\"n2-ss-layers-container n2-ss-slide-limiter n2-ow\"><div class=\"n2-ss-layer n2-ow n-uc-MWNJMx04yvm9\" data-sstype=\"slide\" data-pm=\"default\"><\/div><\/div><\/div><div data-slide-duration=\"0\" data-id=\"1019\" data-slide-public-id=\"5\" aria-hidden=\"true\" data-title=\"abxh_012\" class=\"n2-ss-slide n2-ow  n2-ss-slide-1019\"><div role=\"note\" class=\"n2-ss-slide--focus\" tabindex=\"-1\">abxh_012<\/div><div class=\"n2-ss-layers-container n2-ss-slide-limiter n2-ow\"><div class=\"n2-ss-layer n2-ow n-uc-vyTCMHfFkf1h\" data-sstype=\"slide\" data-pm=\"default\"><\/div><\/div><\/div>                    <\/div>\n\n                                    <\/div>\n            <\/div>\n        <\/div>\n        <div class=\"n2-ss-slider-controls n2-ss-slider-controls-absolute-left-center\"><div style=\"--widget-offset:15px;\" class=\"n2-ss-widget nextend-arrow n2-ow-all nextend-arrow-previous  nextend-arrow-animated-fade\" id=\"n2-ss-32-arrow-previous\" role=\"button\" aria-label=\"previous arrow\" tabindex=\"0\"><img decoding=\"async\" width=\"32\" height=\"32\" class=\"n2-arrow-normal-img skip-lazy\" data-skip-lazy=\"1\" src=\"data:image\/svg+xml;base64,PHN2ZyB4bWxucz0iaHR0cDovL3d3dy53My5vcmcvMjAwMC9zdmciIHdpZHRoPSIzMiIgaGVpZ2h0PSIzMiIgdmlld0JveD0iMCAwIDMyIDMyIj4KICAgIDxwYXRoIGZpbGw9IiMwMDU1YWIiIGZpbGwtcnVsZT0iZXZlbm9kZCIKICAgICAgICAgIGQ9Ik0yMC42NTQgOS40M2wtNi4zMjYgNi41MjUgNi4zMjYgNi42Yy4yNDIuMjUzLjM2LjU0NS4zNi44OCAwIC4zMzMtLjExOC42MjUtLjM2Ljg3N2wtMS4yNDQgMS4zYy0uMjQuMjUtLjUyMy4zNzUtLjg0LjM3NS0uMzIgMC0uNi0uMTI0LS44NC0uMzc2bC04LjM2Ny04LjcyYy0uMjQtLjI1LS4zNjMtLjU0LS4zNjMtLjg4IDAtLjMzNC4xMjItLjYzLjM2My0uODhsOC4zNjctOC43NWMuMjMtLjI1Mi41MS0uMzc3LjgzLS4zNzcuMzI1IDAgLjYwNy4xMjYuODUuMzc4bDEuMjQyIDEuMzI2Yy4yNDIuMjUyLjM2LjU0LjM2Ljg2NCAwIC4zMi0uMTE4LjYxLS4zNi44NnoiCiAgICAgICAgICBvcGFjaXR5PSIxIi8+Cjwvc3ZnPgo=\" alt=\"previous arrow\"><img decoding=\"async\" width=\"32\" height=\"32\" class=\"n2-arrow-hover-img skip-lazy\" data-skip-lazy=\"1\" src=\"data:image\/svg+xml;base64,PHN2ZyB4bWxucz0iaHR0cDovL3d3dy53My5vcmcvMjAwMC9zdmciIHdpZHRoPSIzMiIgaGVpZ2h0PSIzMiIgdmlld0JveD0iMCAwIDMyIDMyIj4KICAgIDxwYXRoIGZpbGw9IiMyN2FlNjAiIGZpbGwtcnVsZT0iZXZlbm9kZCIKICAgICAgICAgIGQ9Ik0yMC42NTQgOS40M2wtNi4zMjYgNi41MjUgNi4zMjYgNi42Yy4yNDIuMjUzLjM2LjU0NS4zNi44OCAwIC4zMzMtLjExOC42MjUtLjM2Ljg3N2wtMS4yNDQgMS4zYy0uMjQuMjUtLjUyMy4zNzUtLjg0LjM3NS0uMzIgMC0uNi0uMTI0LS44NC0uMzc2bC04LjM2Ny04LjcyYy0uMjQtLjI1LS4zNjMtLjU0LS4zNjMtLjg4IDAtLjMzNC4xMjItLjYzLjM2My0uODhsOC4zNjctOC43NWMuMjMtLjI1Mi41MS0uMzc3LjgzLS4zNzcuMzI1IDAgLjYwNy4xMjYuODUuMzc4bDEuMjQyIDEuMzI2Yy4yNDIuMjUyLjM2LjU0LjM2Ljg2NCAwIC4zMi0uMTE4LjYxLS4zNi44NnoiCiAgICAgICAgICBvcGFjaXR5PSIxIi8+Cjwvc3ZnPgo=\" alt=\"previous arrow\"><\/div><\/div><div class=\"n2-ss-slider-controls n2-ss-slider-controls-absolute-right-center\"><div style=\"--widget-offset:15px;\" class=\"n2-ss-widget nextend-arrow n2-ow-all nextend-arrow-next  nextend-arrow-animated-fade\" id=\"n2-ss-32-arrow-next\" role=\"button\" aria-label=\"next arrow\" tabindex=\"0\"><img loading=\"lazy\" decoding=\"async\" width=\"32\" height=\"32\" class=\"n2-arrow-normal-img skip-lazy\" data-skip-lazy=\"1\" src=\"data:image\/svg+xml;base64,PHN2ZyB3aWR0aD0iMzIiIGhlaWdodD0iMzIiIHZpZXdCb3g9IjAgMCAzMiAzMiIgeG1sbnM9Imh0dHA6Ly93d3cudzMub3JnLzIwMDAvc3ZnIj4KICAgIDxwYXRoIGQ9Ik0xMy4yODYgMjUuNjFjLS4yNC4yNTMtLjUyLjM3Ny0uODQuMzc3LS4zMTggMC0uNi0uMTI0LS44NC0uMzc2bC0xLjI0NS0xLjI5N2MtLjI0LS4yNTItLjM2LS41NDQtLjM2LS44NzggMC0uMzM0LjEyLS42MjYuMzYtLjg3OGw2LjMyOC02LjZMMTAuMzYgOS40M2MtLjI0LS4yNS0uMzYtLjU0LS4zNi0uODY0IDAtLjMyMy4xMi0uNjEyLjM2LS44NjRsMS4yNDUtMS4zMjVjLjI0LS4yNTIuNTIzLS4zNzcuODQ4LS4zNzcuMzIzIDAgLjYwMi4xMjUuODMzLjM3N2w4LjM2NiA4Ljc0NmMuMjQuMjUuMzYzLjU0Ni4zNjMuODgyIDAgLjM0LS4xMjIuNjM0LS4zNjMuODg2bC04LjM2NiA4LjcyeiIKICAgICAgICAgIGZpbGw9IiMwMDU1YWIiIG9wYWNpdHk9IjEiIGZpbGwtcnVsZT0iZXZlbm9kZCIvPgo8L3N2Zz4=\" alt=\"next arrow\"><img loading=\"lazy\" decoding=\"async\" width=\"32\" height=\"32\" class=\"n2-arrow-hover-img skip-lazy\" data-skip-lazy=\"1\" src=\"data:image\/svg+xml;base64,PHN2ZyB3aWR0aD0iMzIiIGhlaWdodD0iMzIiIHZpZXdCb3g9IjAgMCAzMiAzMiIgeG1sbnM9Imh0dHA6Ly93d3cudzMub3JnLzIwMDAvc3ZnIj4KICAgIDxwYXRoIGQ9Ik0xMy4yODYgMjUuNjFjLS4yNC4yNTMtLjUyLjM3Ny0uODQuMzc3LS4zMTggMC0uNi0uMTI0LS44NC0uMzc2bC0xLjI0NS0xLjI5N2MtLjI0LS4yNTItLjM2LS41NDQtLjM2LS44NzggMC0uMzM0LjEyLS42MjYuMzYtLjg3OGw2LjMyOC02LjZMMTAuMzYgOS40M2MtLjI0LS4yNS0uMzYtLjU0LS4zNi0uODY0IDAtLjMyMy4xMi0uNjEyLjM2LS44NjRsMS4yNDUtMS4zMjVjLjI0LS4yNTIuNTIzLS4zNzcuODQ4LS4zNzcuMzIzIDAgLjYwMi4xMjUuODMzLjM3N2w4LjM2NiA4Ljc0NmMuMjQuMjUuMzYzLjU0Ni4zNjMuODgyIDAgLjM0LS4xMjIuNjM0LS4zNjMuODg2bC04LjM2NiA4LjcyeiIKICAgICAgICAgIGZpbGw9IiMyN2FlNjAiIG9wYWNpdHk9IjEiIGZpbGwtcnVsZT0iZXZlbm9kZCIvPgo8L3N2Zz4=\" alt=\"next arrow\"><\/div><\/div><\/div><\/div><\/div><ss3-loader><\/ss3-loader><\/div><\/div><div class=\"n2_clear\"><\/div><\/div>","protected":false},"excerpt":{"rendered":"<p>Naj\u015bwi\u0119tsza Maryja Panna Fatimska W 1916 r. w niewielkiej portugalskiej miejscowo\u015bci o nazwie Fatima tr\u00f3jce pobo\u017cnych dzieci: sze\u015bcioletniej Hiacyncie, jej o dwa lata starszemu bratu Franciszkowi oraz ich ciotecznej siostrze, dziewi\u0119cioletniej \u0141ucji, ukaza\u0142 si\u0119 Anio\u0142 Pokoju. Mia\u0142 on przygotowa\u0107 dzieci na przyj\u015bcie Maryi. &nbsp; Pierwsze objawienie Matki Naj\u015bwi\u0119tszej dokona\u0142o si\u0119 13 maja 1917 r. Cudowna&hellip;&nbsp;<a href=\"https:\/\/wiazownica.przemyska.pl\/index.php\/parafia\/nielepkowice-filia\/\" rel=\"bookmark\">Dowiedz si\u0119 wi\u0119cej &raquo;<span class=\"screen-reader-text\">Nielepkowice &#8211; filia<\/span><\/a><\/p>\n","protected":false},"author":1,"featured_media":0,"parent":415,"menu_order":0,"comment_status":"closed","ping_status":"closed","template":"","meta":{"neve_meta_sidebar":"","neve_meta_container":"","neve_meta_enable_content_width":"","neve_meta_content_width":0,"neve_meta_title_alignment":"","neve_meta_author_avatar":"","neve_post_elements_order":"","neve_meta_disable_header":"","neve_meta_disable_footer":"","neve_meta_disable_title":"","footnotes":""},"class_list":["post-411","page","type-page","status-publish","hentry"],"_links":{"self":[{"href":"https:\/\/wiazownica.przemyska.pl\/index.php\/wp-json\/wp\/v2\/pages\/411","targetHints":{"allow":["GET"]}}],"collection":[{"href":"https:\/\/wiazownica.przemyska.pl\/index.php\/wp-json\/wp\/v2\/pages"}],"about":[{"href":"https:\/\/wiazownica.przemyska.pl\/index.php\/wp-json\/wp\/v2\/types\/page"}],"author":[{"embeddable":true,"href":"https:\/\/wiazownica.przemyska.pl\/index.php\/wp-json\/wp\/v2\/users\/1"}],"replies":[{"embeddable":true,"href":"https:\/\/wiazownica.przemyska.pl\/index.php\/wp-json\/wp\/v2\/comments?post=411"}],"version-history":[{"count":31,"href":"https:\/\/wiazownica.przemyska.pl\/index.php\/wp-json\/wp\/v2\/pages\/411\/revisions"}],"predecessor-version":[{"id":5144,"href":"https:\/\/wiazownica.przemyska.pl\/index.php\/wp-json\/wp\/v2\/pages\/411\/revisions\/5144"}],"up":[{"embeddable":true,"href":"https:\/\/wiazownica.przemyska.pl\/index.php\/wp-json\/wp\/v2\/pages\/415"}],"wp:attachment":[{"href":"https:\/\/wiazownica.przemyska.pl\/index.php\/wp-json\/wp\/v2\/media?parent=411"}],"curies":[{"name":"wp","href":"https:\/\/api.w.org\/{rel}","templated":true}]}}