{"id":2507,"date":"2022-03-22T16:04:11","date_gmt":"2022-03-22T15:04:11","guid":{"rendered":"https:\/\/wiazownica.przemyska.pl\/?page_id=2507"},"modified":"2022-03-22T23:21:50","modified_gmt":"2022-03-22T22:21:50","slug":"budynki","status":"publish","type":"page","link":"https:\/\/wiazownica.przemyska.pl\/index.php\/galeria\/budynki\/","title":{"rendered":"Budynki sakralne"},"content":{"rendered":"\t\t<div data-elementor-type=\"wp-page\" data-elementor-id=\"2507\" class=\"elementor elementor-2507\">\n\t\t\t\t\t\t<section class=\"elementor-section elementor-top-section elementor-element elementor-element-12a9ad56 elementor-section-boxed elementor-section-height-default elementor-section-height-default\" data-id=\"12a9ad56\" data-element_type=\"section\" data-e-type=\"section\" data-settings=\"{&quot;background_background&quot;:&quot;classic&quot;}\">\n\t\t\t\t\t\t<div class=\"elementor-container elementor-column-gap-default\">\n\t\t\t\t\t<div class=\"elementor-column elementor-col-100 elementor-top-column elementor-element elementor-element-3cc3890b\" data-id=\"3cc3890b\" data-element_type=\"column\" data-e-type=\"column\">\n\t\t\t<div class=\"elementor-widget-wrap elementor-element-populated\">\n\t\t\t\t\t\t<div class=\"elementor-element elementor-element-4eb9ab63 elementor-widget elementor-widget-text-editor\" data-id=\"4eb9ab63\" data-element_type=\"widget\" data-e-type=\"widget\" data-widget_type=\"text-editor.default\">\n\t\t\t\t<div class=\"elementor-widget-container\">\n\t\t\t\t\t\t\t\t\t<h4><span style=\"color: #0055ab;\"><b>Ko\u015bci\u00f3\u0142 parafialny w Wi\u0105zownicy<\/b><\/span><\/h4>\t\t\t\t\t\t\t\t<\/div>\n\t\t\t\t<\/div>\n\t\t\t\t<div class=\"elementor-element elementor-element-641973fd elementor-widget-divider--view-line elementor-widget elementor-widget-divider\" data-id=\"641973fd\" data-element_type=\"widget\" data-e-type=\"widget\" data-widget_type=\"divider.default\">\n\t\t\t\t<div class=\"elementor-widget-container\">\n\t\t\t\t\t\t\t<div class=\"elementor-divider\">\n\t\t\t<span class=\"elementor-divider-separator\">\n\t\t\t\t\t\t<\/span>\n\t\t<\/div>\n\t\t\t\t\t\t<\/div>\n\t\t\t\t<\/div>\n\t\t\t\t\t<\/div>\n\t\t<\/div>\n\t\t\t\t\t<\/div>\n\t\t<\/section>\n\t\t\t\t<section class=\"elementor-section elementor-top-section elementor-element elementor-element-37d0ffeb elementor-section-boxed elementor-section-height-default elementor-section-height-default\" data-id=\"37d0ffeb\" data-element_type=\"section\" data-e-type=\"section\" data-settings=\"{&quot;background_background&quot;:&quot;classic&quot;}\">\n\t\t\t\t\t\t<div class=\"elementor-container elementor-column-gap-default\">\n\t\t\t\t\t<div class=\"elementor-column elementor-col-100 elementor-top-column elementor-element elementor-element-7cbbffcc\" data-id=\"7cbbffcc\" data-element_type=\"column\" data-e-type=\"column\">\n\t\t\t<div class=\"elementor-widget-wrap elementor-element-populated\">\n\t\t\t\t\t\t<div class=\"elementor-element elementor-element-473aba06 elementor-widget elementor-widget-text-editor\" data-id=\"473aba06\" data-element_type=\"widget\" data-e-type=\"widget\" data-widget_type=\"text-editor.default\">\n\t\t\t\t<div class=\"elementor-widget-container\">\n\t\t\t\t\t\t\t\t\t<h4><span style=\"color: #0055ab;\"><b>Ko\u015bci\u00f3\u0142 filialny w Nielepkowicach<\/b><\/span><\/h4>\t\t\t\t\t\t\t\t<\/div>\n\t\t\t\t<\/div>\n\t\t\t\t<div class=\"elementor-element elementor-element-426e06f0 elementor-widget-divider--view-line elementor-widget elementor-widget-divider\" data-id=\"426e06f0\" data-element_type=\"widget\" data-e-type=\"widget\" data-widget_type=\"divider.default\">\n\t\t\t\t<div class=\"elementor-widget-container\">\n\t\t\t\t\t\t\t<div class=\"elementor-divider\">\n\t\t\t<span class=\"elementor-divider-separator\">\n\t\t\t\t\t\t<\/span>\n\t\t<\/div>\n\t\t\t\t\t\t<\/div>\n\t\t\t\t<\/div>\n\t\t\t\t\t<\/div>\n\t\t<\/div>\n\t\t\t\t\t<\/div>\n\t\t<\/section>\n\t\t\t\t<section class=\"elementor-section elementor-top-section elementor-element elementor-element-3f4f7a1 elementor-section-boxed elementor-section-height-default elementor-section-height-default\" data-id=\"3f4f7a1\" data-element_type=\"section\" data-e-type=\"section\">\n\t\t\t\t\t\t<div class=\"elementor-container elementor-column-gap-default\">\n\t\t\t\t\t<div class=\"elementor-column elementor-col-100 elementor-top-column elementor-element elementor-element-30ca5df\" data-id=\"30ca5df\" data-element_type=\"column\" data-e-type=\"column\">\n\t\t\t<div class=\"elementor-widget-wrap elementor-element-populated\">\n\t\t\t\t\t\t<div class=\"elementor-element elementor-element-7fa415f elementor-widget elementor-widget-image\" data-id=\"7fa415f\" data-element_type=\"widget\" data-e-type=\"widget\" data-widget_type=\"image.default\">\n\t\t\t\t<div class=\"elementor-widget-container\">\n\t\t\t\t\t\t\t\t\t\t\t\t<figure class=\"wp-caption\">\n\t\t\t\t\t\t\t\t\t\t<img fetchpriority=\"high\" decoding=\"async\" width=\"1024\" height=\"579\" src=\"https:\/\/wiazownica.przemyska.pl\/wp-content\/uploads\/2022\/03\/DSC09340-1024x579.jpg\" class=\"attachment-large size-large wp-image-2509\" alt=\"\" srcset=\"https:\/\/wiazownica.przemyska.pl\/wp-content\/uploads\/2022\/03\/DSC09340-1024x579.jpg 1024w, https:\/\/wiazownica.przemyska.pl\/wp-content\/uploads\/2022\/03\/DSC09340-300x170.jpg 300w, https:\/\/wiazownica.przemyska.pl\/wp-content\/uploads\/2022\/03\/DSC09340-768x434.jpg 768w, https:\/\/wiazownica.przemyska.pl\/wp-content\/uploads\/2022\/03\/DSC09340-1536x869.jpg 1536w, https:\/\/wiazownica.przemyska.pl\/wp-content\/uploads\/2022\/03\/DSC09340-2048x1159.jpg 2048w\" sizes=\"(max-width: 1024px) 100vw, 1024px\" \/>\t\t\t\t\t\t\t\t\t\t\t<figcaption class=\"widget-image-caption wp-caption-text\">Kaplica cmentarna w Wi\u0105zownicy<\/figcaption>\n\t\t\t\t\t\t\t\t\t\t<\/figure>\n\t\t\t\t\t\t\t\t\t<\/div>\n\t\t\t\t<\/div>\n\t\t\t\t\t<\/div>\n\t\t<\/div>\n\t\t\t\t\t<\/div>\n\t\t<\/section>\n\t\t\t\t<\/div>\n\t\t","protected":false},"excerpt":{"rendered":"<p>Ko\u015bci\u00f3\u0142 parafialny w Wi\u0105zownicy Ko\u015bci\u00f3\u0142 filialny w Nielepkowicach Kaplica cmentarna w Wi\u0105zownicy<\/p>\n","protected":false},"author":1,"featured_media":0,"parent":459,"menu_order":0,"comment_status":"closed","ping_status":"closed","template":"","meta":{"neve_meta_sidebar":"","neve_meta_container":"","neve_meta_enable_content_width":"","neve_meta_content_width":0,"neve_meta_title_alignment":"","neve_meta_author_avatar":"","neve_post_elements_order":"","neve_meta_disable_header":"","neve_meta_disable_footer":"","neve_meta_disable_title":"","footnotes":""},"class_list":["post-2507","page","type-page","status-publish","hentry"],"_links":{"self":[{"href":"https:\/\/wiazownica.przemyska.pl\/index.php\/wp-json\/wp\/v2\/pages\/2507","targetHints":{"allow":["GET"]}}],"collection":[{"href":"https:\/\/wiazownica.przemyska.pl\/index.php\/wp-json\/wp\/v2\/pages"}],"about":[{"href":"https:\/\/wiazownica.przemyska.pl\/index.php\/wp-json\/wp\/v2\/types\/page"}],"author":[{"embeddable":true,"href":"https:\/\/wiazownica.przemyska.pl\/index.php\/wp-json\/wp\/v2\/users\/1"}],"replies":[{"embeddable":true,"href":"https:\/\/wiazownica.przemyska.pl\/index.php\/wp-json\/wp\/v2\/comments?post=2507"}],"version-history":[{"count":9,"href":"https:\/\/wiazownica.przemyska.pl\/index.php\/wp-json\/wp\/v2\/pages\/2507\/revisions"}],"predecessor-version":[{"id":2539,"href":"https:\/\/wiazownica.przemyska.pl\/index.php\/wp-json\/wp\/v2\/pages\/2507\/revisions\/2539"}],"up":[{"embeddable":true,"href":"https:\/\/wiazownica.przemyska.pl\/index.php\/wp-json\/wp\/v2\/pages\/459"}],"wp:attachment":[{"href":"https:\/\/wiazownica.przemyska.pl\/index.php\/wp-json\/wp\/v2\/media?parent=2507"}],"curies":[{"name":"wp","href":"https:\/\/api.w.org\/{rel}","templated":true}]}}